{"id":696151,"date":"2023-10-21T19:30:13","date_gmt":"2023-10-21T19:30:13","guid":{"rendered":"https:\/\/neuvee.com\/?post_type=product&#038;p=696151"},"modified":"2025-05-19T14:12:24","modified_gmt":"2025-05-19T14:12:24","slug":"street-fighter-v-season-5-premium-pass","status":"publish","type":"product","link":"https:\/\/neuvee.com\/pl\/product\/street-fighter-v-season-5-premium-pass\/","title":{"rendered":"STREET FIGHTER V &#8211; SEASON 5 PREMIUM PASS"},"content":{"rendered":"<p>Rozpoczyna si\u0119 sezon fina\u0142owy Street Fighter V! W ramach tego zakupu otrzymasz 5 wyj\u0105tkowych postaci, lokacje, stroje oraz&nbsp;inne elementy w niezwykle korzystnej cenie.<\/p>\n<p>Kupuj\u0105c Street Fighter V &#8211; Season 5 Premium Pass, uzyskasz dost\u0119p do 5 postaci, kt\u00f3re do\u0142\u0105czaj\u0105 do listy zawodnik\u00f3w w sezonie 5, zawarto\u015b\u0107 dodatkow\u0105 \u201eEleven\u201d oraz&nbsp;inne atrakcyjne dodatki.<\/p>\n<p>\u25a0W sezonie 5 do listy zawodnik\u00f3w do\u0142\u0105czy 5 postaci<br \/>\n\u30fbDan\/Rose\/Oro\/Akira<br \/>\n\u30fb1 posta\u0107, kt\u00f3r\u0105 dopiero ujawnimy<\/p>\n<p>\u3010Harmonogram udost\u0119pniania zawarto\u015bci\u3011<\/p>\n<p>\u25cfLuty 2021\u00a0r.<br \/>\n\u30fbDodatek zwi\u0105zany z&nbsp;postaci\u0105 Dan (stroje Story\/Battle, kolory, tytu\u0142 specjalny i&nbsp;motyw z&nbsp;profilem zawodnika)<br \/>\n\u30fbDodatkowe stroje: Nostalgic (Dan), Sports (Ed, Menat i&nbsp;Lucia) oraz&nbsp;Killer Bee (Cammy)<br \/>\n\u30fbZawarto\u015b\u0107 dodatkowa: \u201eEleven\u201d z&nbsp;tytu\u0142em specjalnym i&nbsp;motywem z&nbsp;profilem zawodnika<br \/>\n\u30fbStreet Fighter V &#8211; Season 5 Special Wallpapers<br \/>\n\u30fbPieni\u0105dze za walki: 100\u00a0000\u00a0FM<\/p>\n<p>\u25cfWiosna 2021\u00a0r.<br \/>\n\u30fbZawarto\u015b\u0107 do pobrania zwi\u0105zana z&nbsp;postaci\u0105 Rose (stroje Story\/Battle, kolory, tytu\u0142 specjalny i&nbsp;motyw z&nbsp;profilem zawodnika)<br \/>\n\u30fbZawarto\u015b\u0107 dodatkowa: 7 stroj\u00f3w, 2 tytu\u0142y specjalne i&nbsp;1 lokacja<\/p>\n<p>\u25cfLato 2021\u00a0r.<br \/>\n\u30fbZawarto\u015b\u0107 do pobrania zwi\u0105zana z&nbsp;postaciami Oro i&nbsp;Akira (stroje Story\/Battle, kolory, tytu\u0142y specjalne i&nbsp;motywy z&nbsp;profilem zawodnika)<br \/>\n\u30fbZawarto\u015b\u0107 dodatkowa: 2 stroje i&nbsp;1 lokacja<\/p>\n<p>\u25cfJesie\u0144 2021\u00a0r.<br \/>\n\u30fbZawarto\u015b\u0107 do pobrania zwi\u0105zana z&nbsp;postaci\u0105, kt\u00f3r\u0105 dopiero ujawnimy (stroje Story\/Battle, kolory, tytu\u0142 specjalny i&nbsp;motyw z&nbsp;profilem zawodnika)<br \/>\n\u30fbZawarto\u015b\u0107 dodatkowa: 2 stroje<\/p>\n<p>*Szczeg\u00f3\u0142owe informacje na temat element\u00f3w zawarto\u015bci b\u0119d\u0105 dost\u0119pne w oficjalnej witrynie. Harmonogram publikacji zawarto\u015bci mo\u017ce ulec zmianie.<br \/>\n*Aby m\u00f3c u\u017cywa\u0107 stroj\u00f3w dodatkowych, nale\u017cy r\u00f3wnie\u017c mie\u0107 dost\u0119p do odpowiednich postaci.<br \/>\n*Ten produkt mo\u017cna kupi\u0107, nawet b\u0119d\u0105c ju\u017c w posiadaniu niekt\u00f3rych zawartych w nim element\u00f3w.<br \/>\n*Ten produkt obejmuje zawarto\u015b\u0107, kt\u00f3r\u0105 mo\u017cna zakupi\u0107 w ramach innych produkt\u00f3w lub&nbsp;osobno.<br \/>\n*Ten produkt obejmuje zawarto\u015b\u0107, kt\u00f3r\u0105 mo\u017cna zakupi\u0107 r\u00f3wnie\u017c w grze, korzystaj\u0105c z&nbsp;pieni\u0119dzy za walki.<br \/>\n*Kolory (od 3 do 10) element\u00f3w stroj\u00f3w mo\u017cna odblokowa\u0107, przechodz\u0105c gr\u0119 w trybie Survival Mode.<\/p>\n<p><\/p>","protected":false},"excerpt":{"rendered":"<p>Rozpoczyna si\u0119 sezon fina\u0142owy Street Fighter V! W ramach tego zakupu otrzymasz 5 wyj\u0105tkowych postaci, lokacje, stroje oraz&nbsp;inne elementy w niezwykle korzystnej cenie. Kupuj\u0105c Street Fighter V &#8211; Season 5 Premium Pass, uzyskasz dost\u0119p do 5 postaci, kt\u00f3re do\u0142\u0105czaj\u0105 do listy zawodnik\u00f3w w sezonie 5, zawarto\u015b\u0107 dodatkow\u0105 \u201eEleven\u201d oraz&nbsp;inne atrakcyjne dodatki. \u25a0W sezonie 5 do [&hellip;]<\/p>\n","protected":false},"featured_media":0,"comment_status":"closed","ping_status":"closed","template":"","meta":{"ub_ctt_via":""},"product_cat":[88],"product_tag":[218],"class_list":["post-696151","product","type-product","status-publish","hentry","product_cat-action","product_tag-games","platform-steam-works"],"_links":{"self":[{"href":"https:\/\/neuvee.com\/pl\/wp-json\/wp\/v2\/product\/696151","targetHints":{"allow":["GET"]}}],"collection":[{"href":"https:\/\/neuvee.com\/pl\/wp-json\/wp\/v2\/product"}],"about":[{"href":"https:\/\/neuvee.com\/pl\/wp-json\/wp\/v2\/types\/product"}],"replies":[{"embeddable":true,"href":"https:\/\/neuvee.com\/pl\/wp-json\/wp\/v2\/comments?post=696151"}],"wp:attachment":[{"href":"https:\/\/neuvee.com\/pl\/wp-json\/wp\/v2\/media?parent=696151"}],"wp:term":[{"taxonomy":"product_cat","embeddable":true,"href":"https:\/\/neuvee.com\/pl\/wp-json\/wp\/v2\/product_cat?post=696151"},{"taxonomy":"product_tag","embeddable":true,"href":"https:\/\/neuvee.com\/pl\/wp-json\/wp\/v2\/product_tag?post=696151"}],"curies":[{"name":"wp","href":"https:\/\/api.w.org\/{rel}","templated":true}]}}