{"id":696149,"date":"2023-10-21T19:29:26","date_gmt":"2023-10-21T19:29:26","guid":{"rendered":"https:\/\/neuvee.com\/?post_type=product&#038;p=696149"},"modified":"2025-05-19T14:02:21","modified_gmt":"2025-05-19T14:02:21","slug":"street-fighter-v-champion-edition","status":"publish","type":"product","link":"https:\/\/neuvee.com\/pl\/product\/street-fighter-v-champion-edition\/","title":{"rendered":"STREET FIGHTER V: CHAMPION EDITION"},"content":{"rendered":"<p>Od dnia premiery w 2016 roku w grze Street Fighter V pojawi\u0142o si\u0119 mn\u00f3stwo nowych postaci, stroj\u00f3w, aren i&nbsp;innych dodatk\u00f3w. Teraz mo\u017cesz uzyska\u0107 dost\u0119p do ca\u0142ej kolekcji, kupuj\u0105c edycj\u0119 Street Fighter V &#8211; Champion Edition!<\/p>\n<p>Edycja ta obejmuje gr\u0119 Street Fighter V i&nbsp;ponad 2000 element\u00f3w dodatkowych do tej gry. Obejmuje te\u017c wszystkie obecnie dost\u0119pne 24 postacie dodatkowe (do sezonu 4 w\u0142\u0105cznie) i&nbsp;16 postaci podstawowych, a&nbsp;wi\u0119c pozwala na gr\u0119 a\u017c 40 r\u00f3\u017cnymi postaciami! Wyci\u015bnij z&nbsp;gry SFV, ile si\u0119 da!<\/p>\n<p>[Steam]<br \/>\nZawarto\u015b\u0107 dost\u0119pna w pakiecie:<br \/>\ntapety specjalne Street Fighter V: Champion Edition<\/p>\n<p><\/p>","protected":false},"excerpt":{"rendered":"<p>Od dnia premiery w 2016 roku w grze Street Fighter V pojawi\u0142o si\u0119 mn\u00f3stwo nowych postaci, stroj\u00f3w, aren i&nbsp;innych dodatk\u00f3w. Teraz mo\u017cesz uzyska\u0107 dost\u0119p do ca\u0142ej kolekcji, kupuj\u0105c edycj\u0119 Street Fighter V &#8211; Champion Edition! Edycja ta obejmuje gr\u0119 Street Fighter V i&nbsp;ponad 2000 element\u00f3w dodatkowych do tej gry. Obejmuje te\u017c wszystkie obecnie dost\u0119pne 24 [&hellip;]<\/p>\n","protected":false},"featured_media":0,"comment_status":"closed","ping_status":"closed","template":"","meta":{"ub_ctt_via":""},"product_cat":[261,88,220],"product_tag":[218],"class_list":["post-696149","product","type-product","status-publish","hentry","product_cat-steam-deck-compatibility-playable","product_cat-action","product_cat-fighting","product_tag-games","platform-steam-works"],"_links":{"self":[{"href":"https:\/\/neuvee.com\/pl\/wp-json\/wp\/v2\/product\/696149","targetHints":{"allow":["GET"]}}],"collection":[{"href":"https:\/\/neuvee.com\/pl\/wp-json\/wp\/v2\/product"}],"about":[{"href":"https:\/\/neuvee.com\/pl\/wp-json\/wp\/v2\/types\/product"}],"replies":[{"embeddable":true,"href":"https:\/\/neuvee.com\/pl\/wp-json\/wp\/v2\/comments?post=696149"}],"wp:attachment":[{"href":"https:\/\/neuvee.com\/pl\/wp-json\/wp\/v2\/media?parent=696149"}],"wp:term":[{"taxonomy":"product_cat","embeddable":true,"href":"https:\/\/neuvee.com\/pl\/wp-json\/wp\/v2\/product_cat?post=696149"},{"taxonomy":"product_tag","embeddable":true,"href":"https:\/\/neuvee.com\/pl\/wp-json\/wp\/v2\/product_tag?post=696149"}],"curies":[{"name":"wp","href":"https:\/\/api.w.org\/{rel}","templated":true}]}}