{"id":696147,"date":"2023-10-21T19:28:47","date_gmt":"2023-10-21T19:28:47","guid":{"rendered":"https:\/\/neuvee.com\/?post_type=product&#038;p=696147"},"modified":"2025-05-19T14:32:17","modified_gmt":"2025-05-19T14:32:17","slug":"street-fighter-30th-anniversary-collection-launch","status":"publish","type":"product","link":"https:\/\/neuvee.com\/pl\/product\/street-fighter-30th-anniversary-collection-launch\/","title":{"rendered":"STREET FIGHTER: 30TH ANNIVERSARY COLLECTION LAUNCH"},"content":{"rendered":"<p>W tej kolekcji 12 gier z&nbsp;serii Street Fighter, a\u017c 4 pozycje umo\u017cliwiaj\u0105 wsp\u00f3ln\u0105 gr\u0119 po sieci w trybie Arcade lub&nbsp;ze znajomymi. S\u0105 to SFII Hyper Fighting, Super SFII Turbo, SF Alpha 3 oraz&nbsp;SFIII: Third Strike!<\/p>\n<p>Zainstaluj Street Fighter 30th Anniversary Collection i&nbsp;razem z&nbsp;nami \u015bwi\u0119tuj okr\u0105g\u0142e urodziny serii Street Fighter. W tej ogromnej kolekcji idealnie zbalansowanych gier z&nbsp;automat\u00f3w znajdziesz a\u017c 12 pozycji ze \u015bwiata Street Fightera, kt\u00f3re po raz pierwszy debiutuj\u0105 na konsolach i&nbsp;komputerach PC. Co wi\u0119cej, a\u017c 4 pozycje umo\u017cliwiaj\u0105 wsp\u00f3ln\u0105 gr\u0119 po sieci w trybie arkadowym lub&nbsp;ze znajomymi. S\u0105 to SFII Hyper Fighting, Super SFII Turbo, SF Alpha 3 oraz&nbsp;SFIII: Third Strike!<\/p>\n<p>Urodziny obchodzi\u0107 b\u0119dziemy tak\u017ce w Muzeum, gdzie wszyscy fani i&nbsp;historycy b\u0119d\u0105 mogli si\u0119 zapozna\u0107 z&nbsp;ewolucj\u0105 serii na przestrzeni ostatnich 30 lat. W\u0142a\u015bnie tutaj dowiedz si\u0119 wi\u0119cej na temat obsady Street Fightera, obejrzysz kluczowe animacje w przegl\u0105darce postaci a&nbsp;tak\u017ce otrzymasz wgl\u0105d w dokumenty projektowe, kt\u00f3re pozwoli\u0142y na stworzenie marki, daj\u0105cej pocz\u0105tek nowej generacji wojownik\u00f3w na ca\u0142ym \u015bwiecie!<\/p>\n<p><\/p>","protected":false},"excerpt":{"rendered":"<p>W tej kolekcji 12 gier z&nbsp;serii Street Fighter, a\u017c 4 pozycje umo\u017cliwiaj\u0105 wsp\u00f3ln\u0105 gr\u0119 po sieci w trybie Arcade lub&nbsp;ze znajomymi. S\u0105 to SFII Hyper Fighting, Super SFII Turbo, SF Alpha 3 oraz&nbsp;SFIII: Third Strike! Zainstaluj Street Fighter 30th Anniversary Collection i&nbsp;razem z&nbsp;nami \u015bwi\u0119tuj okr\u0105g\u0142e urodziny serii Street Fighter. W tej ogromnej kolekcji idealnie zbalansowanych [&hellip;]<\/p>\n","protected":false},"featured_media":699153,"comment_status":"closed","ping_status":"closed","template":"","meta":{"ub_ctt_via":""},"product_cat":[88],"product_tag":[218],"class_list":["post-696147","product","type-product","status-publish","has-post-thumbnail","hentry","product_cat-action","product_tag-games","platform-steam-works"],"_links":{"self":[{"href":"https:\/\/neuvee.com\/pl\/wp-json\/wp\/v2\/product\/696147","targetHints":{"allow":["GET"]}}],"collection":[{"href":"https:\/\/neuvee.com\/pl\/wp-json\/wp\/v2\/product"}],"about":[{"href":"https:\/\/neuvee.com\/pl\/wp-json\/wp\/v2\/types\/product"}],"replies":[{"embeddable":true,"href":"https:\/\/neuvee.com\/pl\/wp-json\/wp\/v2\/comments?post=696147"}],"wp:featuredmedia":[{"embeddable":true,"href":"https:\/\/neuvee.com\/pl\/wp-json\/wp\/v2\/media\/699153"}],"wp:attachment":[{"href":"https:\/\/neuvee.com\/pl\/wp-json\/wp\/v2\/media?parent=696147"}],"wp:term":[{"taxonomy":"product_cat","embeddable":true,"href":"https:\/\/neuvee.com\/pl\/wp-json\/wp\/v2\/product_cat?post=696147"},{"taxonomy":"product_tag","embeddable":true,"href":"https:\/\/neuvee.com\/pl\/wp-json\/wp\/v2\/product_tag?post=696147"}],"curies":[{"name":"wp","href":"https:\/\/api.w.org\/{rel}","templated":true}]}}