{"id":696144,"date":"2023-10-21T19:27:50","date_gmt":"2023-10-21T19:27:50","guid":{"rendered":"https:\/\/neuvee.com\/?post_type=product&#038;p=696144"},"modified":"2025-05-19T13:32:46","modified_gmt":"2025-05-19T13:32:46","slug":"street-fighter-6-year-1-character-pass-2","status":"publish","type":"product","link":"https:\/\/neuvee.com\/pl\/product\/street-fighter-6-year-1-character-pass-2\/","title":{"rendered":"STREET FIGHTER\u2122 6 &#8211; YEAR 1 CHARACTER PASS"},"content":{"rendered":"<p>Dodatek Year 1 Character Pass<br \/>\n\u2013 4 dodatkowe postacie (Rashid, A.K.I., Ed, Akuma)<br \/>\n\u2013 kolory dla 4 dodatkowych postaci: str\u00f3j 1 (kolory 3\u201310)<br \/>\n\u2013 bonus przy zakupie: 4 200 Drive Ticket\u00f3w<br \/>\n* Dodatkowa zawarto\u015b\u0107 b\u0119dzie publikowana stopniowo po wydaniu gry.<br \/>\n* Szczeg\u00f3\u0142owe informacje dotycz\u0105ce produktu i&nbsp;harmonogramu publikacji zamieszczono w oficjalnej witrynie internetowej.<\/p>\n<p><\/p>","protected":false},"excerpt":{"rendered":"<p>Dodatek Year 1 Character Pass \u2013 4 dodatkowe postacie (Rashid, A.K.I., Ed, Akuma) \u2013 kolory dla 4 dodatkowych postaci: str\u00f3j 1 (kolory 3\u201310) \u2013 bonus przy zakupie: 4 200 Drive Ticket\u00f3w * Dodatkowa zawarto\u015b\u0107 b\u0119dzie publikowana stopniowo po wydaniu gry. * Szczeg\u00f3\u0142owe informacje dotycz\u0105ce produktu i&nbsp;harmonogramu publikacji zamieszczono w oficjalnej witrynie internetowej.<\/p>\n","protected":false},"featured_media":698623,"comment_status":"closed","ping_status":"closed","template":"","meta":{"ub_ctt_via":""},"product_cat":[279,88,127],"product_tag":[218],"class_list":["post-696144","product","type-product","status-publish","has-post-thumbnail","hentry","product_cat-steam-deck-compatibility-dlc","product_cat-action","product_cat-adventure","product_tag-games","platform-steam-works"],"_links":{"self":[{"href":"https:\/\/neuvee.com\/pl\/wp-json\/wp\/v2\/product\/696144","targetHints":{"allow":["GET"]}}],"collection":[{"href":"https:\/\/neuvee.com\/pl\/wp-json\/wp\/v2\/product"}],"about":[{"href":"https:\/\/neuvee.com\/pl\/wp-json\/wp\/v2\/types\/product"}],"replies":[{"embeddable":true,"href":"https:\/\/neuvee.com\/pl\/wp-json\/wp\/v2\/comments?post=696144"}],"wp:featuredmedia":[{"embeddable":true,"href":"https:\/\/neuvee.com\/pl\/wp-json\/wp\/v2\/media\/698623"}],"wp:attachment":[{"href":"https:\/\/neuvee.com\/pl\/wp-json\/wp\/v2\/media?parent=696144"}],"wp:term":[{"taxonomy":"product_cat","embeddable":true,"href":"https:\/\/neuvee.com\/pl\/wp-json\/wp\/v2\/product_cat?post=696144"},{"taxonomy":"product_tag","embeddable":true,"href":"https:\/\/neuvee.com\/pl\/wp-json\/wp\/v2\/product_tag?post=696144"}],"curies":[{"name":"wp","href":"https:\/\/api.w.org\/{rel}","templated":true}]}}