{"id":696130,"date":"2023-10-21T19:15:47","date_gmt":"2023-10-21T19:15:47","guid":{"rendered":"https:\/\/neuvee.com\/?post_type=product&#038;p=696130"},"modified":"2025-05-19T13:37:21","modified_gmt":"2025-05-19T13:37:21","slug":"the-great-ace-attorney-chronicles-launch","status":"publish","type":"product","link":"https:\/\/neuvee.com\/pl\/product\/the-great-ace-attorney-chronicles-launch\/","title":{"rendered":"THE GREAT ACE ATTORNEY CHRONICLES (LAUNCH)"},"content":{"rendered":"<p>Poznaj emocjonuj\u0105cy, a&nbsp;jednocze\u015bnie uroczy i&nbsp;dowcipny \u015bwiat zbierania dowod\u00f3w, dedukcji i&nbsp;s\u0105dowych star\u0107 w podw\u00f3jnym pakiecie przyg\u00f3d pocz\u0105tkuj\u0105cego prawnika Ryunosuke.<\/p>\n<p>Akcja ka\u017cdego z&nbsp;tytu\u0142\u00f3w rozgrywa si\u0119 w Japonii i&nbsp;Londynie pod koniec XIX wieku i&nbsp;jest podzielona na pi\u0119\u0107 odcink\u00f3w, w kt\u00f3rych musisz znale\u017a\u0107 morderc\u0119. Wszystko to okraszone solidn\u0105 dawk\u0105 emocji, humoru i&nbsp;zwrot\u00f3w akcji typowych dla serii Ace Attorney. Do\u0142\u0105cz do Ryunosuke Naruhodo, przodka g\u0142\u00f3wnego bohatera serii, Phoenixa Wrighta, kt\u00f3ry stara si\u0119 odkry\u0107 tajemnice mi\u0119dzynarodowego porozumienia przest\u0119pczego i&nbsp;rozwi\u0105za\u0107 star\u0105 zagadkow\u0105 spraw\u0119, po drodze bior\u0105c udzia\u0142 w wielu trudnych procesach s\u0105dowych. Przygotuj si\u0119 na dziesi\u0105tki godzin prawniczej akcji!<\/p>\n<p>Podczas ka\u017cdej sprawy b\u0119dziesz rozmawia\u0107 ze \u015bwiadkami, bada\u0107 dowody i&nbsp;poszlaki, a&nbsp;tak\u017ce stara\u0107 si\u0119 znale\u017a\u0107 nikczemne motywy sprawcy zbrodni, zanim ta trafi na sal\u0119 s\u0105dow\u0105. W s\u0105dzie b\u0119dziesz wys\u0142uchiwa\u0107 zezna\u0144, przes\u0142uchiwa\u0107 \u015bwiadk\u00f3w i&nbsp;przedstawia\u0107 dowody. Oczywi\u015bcie jak w ka\u017cdej grze z&nbsp;serii Ace Attorney nie mog\u0142o tu zabrakn\u0105\u0107 okrzyku \u201eSPRZECIW!\u201d, gdy uda Ci si\u0119 zebra\u0107 fakty i&nbsp;dowody potrzebne do obalenia tezy oskar\u017cyciela i&nbsp;udowodnienia niewinno\u015bci Twojego klienta.<\/p>\n<p>W grze dost\u0119pna jest wygodna funkcja pomocy na wypadek, gdyby Twoje \u015bledztwo utkn\u0119\u0142o w martwym punkcie. Tak wi\u0119c&nbsp;nawet je\u015bli to Tw\u00f3j pierwszy kontakt z&nbsp;gr\u0105 z&nbsp;serii Ace Attorney, mo\u017cesz \u0142atwo zacz\u0105\u0107 przygod\u0119 z&nbsp;dedukcj\u0105! Czy uda Ci si\u0119 rozgry\u017a\u0107 te skomplikowane sprawy? Zagraj i&nbsp;si\u0119 przekonaj!<\/p>\n<p>Kupuj\u0105c gr\u0119 wcze\u015bniej, otrzymasz r\u00f3wnie\u017c zawarto\u015b\u0107 premiow\u0105 \u201eZe skarbca\u201d, obejmuj\u0105c\u0105 25 dodatkowych grafik oraz&nbsp;29 utwor\u00f3w muzycznych, dost\u0119pnych w dowolnym momencie z&nbsp;poziomu gry.<\/p>\n<p>Ka\u017cde z&nbsp;tych wyj\u0105tkowych dzie\u0142 zosta\u0142o opatrzone komentarzem tw\u00f3rcy, dzi\u0119ki czemu mo\u017cesz jeszcze dok\u0142adniej pozna\u0107 kulisy gry The Great Ace Attorney.<\/p>\n<p>*Ta zawarto\u015b\u0107 premiowa mo\u017ce by\u0107 w przysz\u0142o\u015bci dost\u0119pna w sprzeda\u017cy osobno.<br \/>\n*Aby otrzyma\u0107 t\u0119 premi\u0119, nale\u017cy zakupi\u0107 gr\u0119 g\u0142\u00f3wn\u0105 nie p\u00f3\u017aniej ni\u017c w 31 sierpnia 2021 r.<\/p>","protected":false},"excerpt":{"rendered":"<p>Poznaj emocjonuj\u0105cy, a&nbsp;jednocze\u015bnie uroczy i&nbsp;dowcipny \u015bwiat zbierania dowod\u00f3w, dedukcji i&nbsp;s\u0105dowych star\u0107 w podw\u00f3jnym pakiecie przyg\u00f3d pocz\u0105tkuj\u0105cego prawnika Ryunosuke. Akcja ka\u017cdego z&nbsp;tytu\u0142\u00f3w rozgrywa si\u0119 w Japonii i&nbsp;Londynie pod koniec XIX wieku i&nbsp;jest podzielona na pi\u0119\u0107 odcink\u00f3w, w kt\u00f3rych musisz znale\u017a\u0107 morderc\u0119. Wszystko to okraszone solidn\u0105 dawk\u0105 emocji, humoru i&nbsp;zwrot\u00f3w akcji typowych dla serii Ace Attorney. Do\u0142\u0105cz [&hellip;]<\/p>\n","protected":false},"featured_media":699034,"comment_status":"closed","ping_status":"closed","template":"","meta":{"ub_ctt_via":""},"product_cat":[262,127],"product_tag":[218],"class_list":["post-696130","product","type-product","status-publish","has-post-thumbnail","hentry","product_cat-steam-deck-compatibility-verified","product_cat-adventure","product_tag-games","platform-steam-works"],"_links":{"self":[{"href":"https:\/\/neuvee.com\/pl\/wp-json\/wp\/v2\/product\/696130","targetHints":{"allow":["GET"]}}],"collection":[{"href":"https:\/\/neuvee.com\/pl\/wp-json\/wp\/v2\/product"}],"about":[{"href":"https:\/\/neuvee.com\/pl\/wp-json\/wp\/v2\/types\/product"}],"replies":[{"embeddable":true,"href":"https:\/\/neuvee.com\/pl\/wp-json\/wp\/v2\/comments?post=696130"}],"wp:featuredmedia":[{"embeddable":true,"href":"https:\/\/neuvee.com\/pl\/wp-json\/wp\/v2\/media\/699034"}],"wp:attachment":[{"href":"https:\/\/neuvee.com\/pl\/wp-json\/wp\/v2\/media?parent=696130"}],"wp:term":[{"taxonomy":"product_cat","embeddable":true,"href":"https:\/\/neuvee.com\/pl\/wp-json\/wp\/v2\/product_cat?post=696130"},{"taxonomy":"product_tag","embeddable":true,"href":"https:\/\/neuvee.com\/pl\/wp-json\/wp\/v2\/product_tag?post=696130"}],"curies":[{"name":"wp","href":"https:\/\/api.w.org\/{rel}","templated":true}]}}