{"id":696128,"date":"2023-10-21T19:15:16","date_gmt":"2023-10-21T19:15:16","guid":{"rendered":"https:\/\/neuvee.com\/?post_type=product&#038;p=696128"},"modified":"2025-05-19T14:17:46","modified_gmt":"2025-05-19T14:17:46","slug":"ultimate-marvel-vs-capcom-3","status":"publish","type":"product","link":"https:\/\/neuvee.com\/pl\/product\/ultimate-marvel-vs-capcom-3\/","title":{"rendered":"ULTIMATE MARVEL VS. CAPCOM 3"},"content":{"rendered":"<p>Firmy Marvel i&nbsp;Capcom po\u0142\u0105czy\u0142y si\u0142y, by opracowa\u0107 najbardziej porywaj\u0105ce turnieje 3 na 3 wszech czas\u00f3w w grze Ultimate Marvel vs. Capcom 3. W tej edycji gracze znajd\u0105 ca\u0142\u0105 opublikowan\u0105 wcze\u015bniej zawarto\u015b\u0107 do pobrania, kolekcj\u0119 Marvel vs. Capcom: Official Complete Works. Do wyboru maj\u0105 najbardziej kultowe postacie firmowane przez Marvel i&nbsp;Capcom, a&nbsp;ponadto mog\u0105 skonfigurowa\u0107 swoj\u0105 dru\u017cyn\u0119 w trybie \u201eBohaterowie i&nbsp;heroldowie\u201d. Pewnych swych umiej\u0119tno\u015bci \u015bmia\u0142k\u00f3w zapraszamy do konfrontacji z&nbsp;graczami z&nbsp;ca\u0142ego \u015bwiata, podczas kt\u00f3rych rozstrzygnie si\u0119, kto jest najlepszym zawodnikiem we wszech\u015bwiecie.<\/p>\n<p><\/p>","protected":false},"excerpt":{"rendered":"<p>Firmy Marvel i&nbsp;Capcom po\u0142\u0105czy\u0142y si\u0142y, by opracowa\u0107 najbardziej porywaj\u0105ce turnieje 3 na 3 wszech czas\u00f3w w grze Ultimate Marvel vs. Capcom 3. W tej edycji gracze znajd\u0105 ca\u0142\u0105 opublikowan\u0105 wcze\u015bniej zawarto\u015b\u0107 do pobrania, kolekcj\u0119 Marvel vs. Capcom: Official Complete Works. Do wyboru maj\u0105 najbardziej kultowe postacie firmowane przez Marvel i&nbsp;Capcom, a&nbsp;ponadto mog\u0105 skonfigurowa\u0107 swoj\u0105 dru\u017cyn\u0119 [&hellip;]<\/p>\n","protected":false},"featured_media":698773,"comment_status":"closed","ping_status":"closed","template":"","meta":{"ub_ctt_via":""},"product_cat":[262,88],"product_tag":[218],"class_list":["post-696128","product","type-product","status-publish","has-post-thumbnail","hentry","product_cat-steam-deck-compatibility-verified","product_cat-action","product_tag-games","platform-steam-works"],"_links":{"self":[{"href":"https:\/\/neuvee.com\/pl\/wp-json\/wp\/v2\/product\/696128","targetHints":{"allow":["GET"]}}],"collection":[{"href":"https:\/\/neuvee.com\/pl\/wp-json\/wp\/v2\/product"}],"about":[{"href":"https:\/\/neuvee.com\/pl\/wp-json\/wp\/v2\/types\/product"}],"replies":[{"embeddable":true,"href":"https:\/\/neuvee.com\/pl\/wp-json\/wp\/v2\/comments?post=696128"}],"wp:featuredmedia":[{"embeddable":true,"href":"https:\/\/neuvee.com\/pl\/wp-json\/wp\/v2\/media\/698773"}],"wp:attachment":[{"href":"https:\/\/neuvee.com\/pl\/wp-json\/wp\/v2\/media?parent=696128"}],"wp:term":[{"taxonomy":"product_cat","embeddable":true,"href":"https:\/\/neuvee.com\/pl\/wp-json\/wp\/v2\/product_cat?post=696128"},{"taxonomy":"product_tag","embeddable":true,"href":"https:\/\/neuvee.com\/pl\/wp-json\/wp\/v2\/product_tag?post=696128"}],"curies":[{"name":"wp","href":"https:\/\/api.w.org\/{rel}","templated":true}]}}