{"id":694480,"date":"2023-10-17T12:15:54","date_gmt":"2023-10-17T12:15:54","guid":{"rendered":"https:\/\/neuvee.com\/?post_type=product&#038;p=694480"},"modified":"2025-05-19T13:59:44","modified_gmt":"2025-05-19T13:59:44","slug":"ash-of-gods-digital-art-collection","status":"publish","type":"product","link":"https:\/\/neuvee.com\/pl\/product\/ash-of-gods-digital-art-collection\/","title":{"rendered":"ASH OF GODS &#8211; DIGITAL ART COLLECTION"},"content":{"rendered":"<p>Wspania\u0142y zestaw materia\u0142\u00f3w graficznych z&nbsp;Ash of Gods, stworzonego przez studio AurumDust<br \/>\nTo DLC zawiera:<br \/>\n1) 60-stronicowy artbook z&nbsp;niesamowitymi, r\u0119cznie rysowanymi ilustracjami z&nbsp;gry oraz&nbsp;grafikami koncepcyjnymi<br \/>\n2) Gotowy do druku plakat w wersji cyfrowej<br \/>\n3) Tapety na pulpit w jako\u015bci HD<br \/>\n4) Mapa Terminium w jako\u015bci HD w r\u00f3\u017cnych wersjach j\u0119zykowych<br \/>\n5) Cyfrowy komiks &#8211; 24 strony opowiadaj\u0105ce histri\u0119 Throna Brenina na d\u0142ugo przed \u017bniwami<\/p>\n<p>AUTORZY<br \/>\nArt-direction: Igor Podmogilnikov<br \/>\nEnvironment artist, Tech artist: Andrey Zherdev<br \/>\nCharacter artist, Artbook layout: Vladislav Samoylikov<br \/>\nUI-direction, Environment artist: Julia Zhokhova<br \/>\nArtist: Ildar Kharisov<\/p>\n<p><\/p>","protected":false},"excerpt":{"rendered":"<p>Wspania\u0142y zestaw materia\u0142\u00f3w graficznych z&nbsp;Ash of Gods, stworzonego przez studio AurumDust To DLC zawiera: 1) 60-stronicowy artbook z&nbsp;niesamowitymi, r\u0119cznie rysowanymi ilustracjami z&nbsp;gry oraz&nbsp;grafikami koncepcyjnymi 2) Gotowy do druku plakat w wersji cyfrowej 3) Tapety na pulpit w jako\u015bci HD 4) Mapa Terminium w jako\u015bci HD w r\u00f3\u017cnych wersjach j\u0119zykowych 5) Cyfrowy komiks &#8211; 24 strony [&hellip;]<\/p>\n","protected":false},"featured_media":694706,"comment_status":"closed","ping_status":"closed","template":"","meta":{"ub_ctt_via":""},"product_cat":[273,127,221,89,222],"product_tag":[218],"class_list":["post-694480","product","type-product","status-publish","has-post-thumbnail","hentry","product_cat-violent","product_cat-adventure","product_cat-indie","product_cat-rpg","product_cat-strategy","product_tag-games","platform-steam-works"],"_links":{"self":[{"href":"https:\/\/neuvee.com\/pl\/wp-json\/wp\/v2\/product\/694480","targetHints":{"allow":["GET"]}}],"collection":[{"href":"https:\/\/neuvee.com\/pl\/wp-json\/wp\/v2\/product"}],"about":[{"href":"https:\/\/neuvee.com\/pl\/wp-json\/wp\/v2\/types\/product"}],"replies":[{"embeddable":true,"href":"https:\/\/neuvee.com\/pl\/wp-json\/wp\/v2\/comments?post=694480"}],"wp:featuredmedia":[{"embeddable":true,"href":"https:\/\/neuvee.com\/pl\/wp-json\/wp\/v2\/media\/694706"}],"wp:attachment":[{"href":"https:\/\/neuvee.com\/pl\/wp-json\/wp\/v2\/media?parent=694480"}],"wp:term":[{"taxonomy":"product_cat","embeddable":true,"href":"https:\/\/neuvee.com\/pl\/wp-json\/wp\/v2\/product_cat?post=694480"},{"taxonomy":"product_tag","embeddable":true,"href":"https:\/\/neuvee.com\/pl\/wp-json\/wp\/v2\/product_tag?post=694480"}],"curies":[{"name":"wp","href":"https:\/\/api.w.org\/{rel}","templated":true}]}}