{"id":694479,"date":"2023-10-17T12:15:35","date_gmt":"2023-10-17T12:15:35","guid":{"rendered":"https:\/\/neuvee.com\/?post_type=product&#038;p=694479"},"modified":"2025-05-19T14:08:50","modified_gmt":"2025-05-19T14:08:50","slug":"battle-axe","status":"publish","type":"product","link":"https:\/\/neuvee.com\/pl\/product\/battle-axe\/","title":{"rendered":"BATTLE AXE"},"content":{"rendered":"<p>Od niepami\u0119tnych czas\u00f3w zamieszkuj\u0105cy krain\u0119 Mercii lud znajdowa\u0142 si\u0119 w \u017celaznym u\u015bcisku Etheldred, despotycznej czarodziejki zamieszkuj\u0105cej mro\u017ane pustkowia na dalekiej p\u00f3\u0142nocy. <\/p>\n<p>Co siedem lat jej wojska \u015bci\u0105ga\u0142y na po\u0142udnie, aby spo\u015br\u00f3d mieszka\u0144c\u00f3w ka\u017cdego miasteczka wyselekcjonowa\u0107 niewolnik\u00f3w, o&nbsp;kt\u00f3rych gin\u0119\u0142a wie\u015b\u0107. Zdesperowani mieszka\u0144cy wzywaj\u0105 \u015bmia\u0142k\u00f3w zewsz\u0105d, aby po\u0142o\u017cyli kres rz\u0105dom Etheldred. <\/p>\n<p>Na b\u0142agalne pro\u015bby odpowiadaj\u0105 elfka, czarodziej i&nbsp;pirat. Do\u0142\u0105cz do grupki bohater\u00f3w i&nbsp;pom\u00f3\u017c raz na zawsze pokona\u0107 trapi\u0105ce krain\u0119 z\u0142o!<\/p>\n<p>&#8211; Uczta dla oka \u2013 przygoda w pixelartowej oprawie z&nbsp;przepi\u0119knie zaprojektowanymi postaciami i&nbsp;planszami, od kt\u00f3rych nie spos\u00f3b odci\u0105gn\u0105\u0107 wzrok<br \/>\n&#8211; Rozgrywka hack and slash \u2013 znajoma, ale udoskonalona zabawa, wzbogacona o&nbsp;nowe elementy rozgrywki, poprawione sterowane i&nbsp;\u015bliczne animacje<br \/>\n&#8211; Daj si\u0119 porwa\u0107 melodii \u2013 wspania\u0142a \u015bcie\u017cka d\u017awi\u0119kowa autorstwa legendarnej Manami Matsumae<br \/>\n&#8211; W pojedynk\u0119 lub&nbsp;w kooperacji \u2013 wybierz spo\u015br\u00f3d trzech pieczo\u0142owicie zaprojektowanych bohater\u00f3w i&nbsp;wyrusz na misj\u0119 w pojedynk\u0119 lub&nbsp;u boku znajomego dzi\u0119ki lokalnemu trybowi wsp\u00f3\u0142pracy<\/p>\n<p><\/p>","protected":false},"excerpt":{"rendered":"<p>Od niepami\u0119tnych czas\u00f3w zamieszkuj\u0105cy krain\u0119 Mercii lud znajdowa\u0142 si\u0119 w \u017celaznym u\u015bcisku Etheldred, despotycznej czarodziejki zamieszkuj\u0105cej mro\u017ane pustkowia na dalekiej p\u00f3\u0142nocy. Co siedem lat jej wojska \u015bci\u0105ga\u0142y na po\u0142udnie, aby spo\u015br\u00f3d mieszka\u0144c\u00f3w ka\u017cdego miasteczka wyselekcjonowa\u0107 niewolnik\u00f3w, o&nbsp;kt\u00f3rych gin\u0119\u0142a wie\u015b\u0107. Zdesperowani mieszka\u0144cy wzywaj\u0105 \u015bmia\u0142k\u00f3w zewsz\u0105d, aby po\u0142o\u017cyli kres rz\u0105dom Etheldred. Na b\u0142agalne pro\u015bby odpowiadaj\u0105 elfka, czarodziej [&hellip;]<\/p>\n","protected":false},"featured_media":694650,"comment_status":"closed","ping_status":"closed","template":"","meta":{"ub_ctt_via":""},"product_cat":[88,127],"product_tag":[218],"class_list":["post-694479","product","type-product","status-publish","has-post-thumbnail","hentry","product_cat-action","product_cat-adventure","product_tag-games","platform-steam-works"],"_links":{"self":[{"href":"https:\/\/neuvee.com\/pl\/wp-json\/wp\/v2\/product\/694479","targetHints":{"allow":["GET"]}}],"collection":[{"href":"https:\/\/neuvee.com\/pl\/wp-json\/wp\/v2\/product"}],"about":[{"href":"https:\/\/neuvee.com\/pl\/wp-json\/wp\/v2\/types\/product"}],"replies":[{"embeddable":true,"href":"https:\/\/neuvee.com\/pl\/wp-json\/wp\/v2\/comments?post=694479"}],"wp:featuredmedia":[{"embeddable":true,"href":"https:\/\/neuvee.com\/pl\/wp-json\/wp\/v2\/media\/694650"}],"wp:attachment":[{"href":"https:\/\/neuvee.com\/pl\/wp-json\/wp\/v2\/media?parent=694479"}],"wp:term":[{"taxonomy":"product_cat","embeddable":true,"href":"https:\/\/neuvee.com\/pl\/wp-json\/wp\/v2\/product_cat?post=694479"},{"taxonomy":"product_tag","embeddable":true,"href":"https:\/\/neuvee.com\/pl\/wp-json\/wp\/v2\/product_tag?post=694479"}],"curies":[{"name":"wp","href":"https:\/\/api.w.org\/{rel}","templated":true}]}}