{"id":694478,"date":"2023-10-17T12:15:22","date_gmt":"2023-10-17T12:15:22","guid":{"rendered":"https:\/\/neuvee.com\/?post_type=product&#038;p=694478"},"modified":"2025-05-19T13:59:33","modified_gmt":"2025-05-19T13:59:33","slug":"final-vendetta","status":"publish","type":"product","link":"https:\/\/neuvee.com\/pl\/product\/final-vendetta\/","title":{"rendered":"FINAL VENDETTA"},"content":{"rendered":"<p>Final Vendetta to ostra gra akcji pe\u0142na bijatyk dla 1-2 graczy w stylu klasycznych zr\u0119czno\u015bci\u00f3wek. Zawiera grafik\u0119 \u201epixel art\u201d oraz&nbsp;dynamiczn\u0105 \u015bcie\u017ck\u0119 d\u017awi\u0119kow\u0105 z&nbsp;niepublikowanymi utworami Utah Saints! Bij si\u0119 z&nbsp;oprychami i&nbsp;twardzielkami, przebijaj\u0105c si\u0119 przez niebezpieczn\u0105 okolic\u0119.<br \/>\nZnany gang \u201eSyndic8\u201d, kt\u00f3ry powoli przejmuje kontrol\u0119 nad stolic\u0105, porywa m\u0142odsz\u0105 siostr\u0119 Claire Sparks. Na nieszcz\u0119\u015bcie dla jego cz\u0142onk\u00f3w Claire zrobi wszystko, aby j\u0105 uwolni\u0107, rozgniataj\u0105c na miazg\u0119 ka\u017cdego, kto stanie jej na drodze! Kobieta \u0142\u0105czy si\u0142y z&nbsp;dwoma przyjaci\u00f3\u0142mi (i wsp\u00f3\u0142lokatorami), kt\u00f3rymi s\u0105 emerytowany zawodowy zapa\u015bnik Miller T. Williams oraz&nbsp;cwaniacki Duke Sancho lubuj\u0105cy si\u0119 w walce na go\u0142e pi\u0119\u015bci. Razem musz\u0105 podj\u0105\u0107 ryzykown\u0105 misj\u0119 uratowania siostry Claire i&nbsp;pokona\u0107 niebezpieczne ulice Londynu.<br \/>\nClaire Sparks, studentka i&nbsp;mistrzyni sztuk walki, kt\u00f3ra mimowolnie zosta\u0142a uwik\u0142ana w spraw\u0119 porwania siostry. Duke Sancho, b\u0142yskotliwy londy\u0144ski specjalista od walki na go\u0142e pi\u0119\u015bci, kt\u00f3ry zyska\u0142 sw\u00f3j przydomek po b\u00f3jce w pubie o&nbsp;nazwie \u201eDuke of Wellington\u201d. Nie mo\u017cna zapomnie\u0107 r\u00f3wnie\u017c o&nbsp;zwalistym Millerze T. Williamsie, kanadyjskim eks-zapa\u015bniku, kt\u00f3rego kontrowersyjnie usuni\u0119to z&nbsp;zawod\u00f3w z&nbsp;powodu nadmiernej brutalno\u015bci. Wsp\u00f3lnie tr\u00f3jka przyjaci\u00f3\u0142 musi przebi\u0107 si\u0119 przez niebezpieczne ulice Londynu, aby uratowa\u0107 siostr\u0119 Claire!<br \/>\nMechanika rozgrywki na pewno spodoba si\u0119 fanom gatunku, poniewa\u017c&nbsp;zapewnia mn\u00f3stwo manewr\u00f3w oraz&nbsp;mo\u017cliwo\u015b\u0107 blokowania, biegania, stosowania unik\u00f3w, atakowania le\u017c\u0105cych przeciwnik\u00f3w, a&nbsp;nawet wykonywania trikowych kombinacji! Ka\u017cda posta\u0107 ma unikalny charakter oraz&nbsp;zestaw manewr\u00f3w, kt\u00f3re gracz musi opanowa\u0107.<br \/>\nW Final Vendetta znalaz\u0142a si\u0119 poka\u017ana kolekcja nowych, niepublikowanych utwor\u00f3w w wykonaniu m.in. Utah Saints, Featurecast i&nbsp;Krafty Kuts! Wielka Brytania s\u0142ynie z&nbsp;pr\u0119\u017cnie dzia\u0142aj\u0105cej tanecznej sceny muzycznej, a&nbsp;ta elektryzuj\u0105ca \u015bcie\u017cka muzyczna stanowi doskona\u0142e uzupe\u0142nienie niesamowitej akcji w Final Vendetta.\u00a0<\/p>\n<p>&#8211; Hardkorowa, bezkompromisowa walka.<br \/>\n&#8211; Niesamowite animacje w stylu \u201epixel art\u201d.<br \/>\n&#8211; Dynamiczna \u015bcie\u017cka d\u017awi\u0119kowa dance\/techno, zawieraj\u0105ca niepublikowane utwory w wykonaniu Utah Saints i&nbsp;Featurecast.<br \/>\n&#8211; Gra solowa albo&nbsp;tryb wsp\u00f3\u0142pracy dla 2 graczy.<br \/>\n&#8211; 3 grywalne postacie prezentuj\u0105ce odmienne style walki.<br \/>\n&#8211; 6 obszar\u00f3w do pokonania.<br \/>\n&#8211; Klasyczna rozgrywka \u201ebeat-\u2018em-up\u201d ze \u015bwie\u017c\u0105 mechanik\u0105.<br \/>\n&#8211; 4 ekscytuj\u0105ce tryby rozgrywki: Arcade, Survival, Versus oraz&nbsp;Boss Rush.<br \/>\n&#8211; 3 poziomy trudno\u015bci.<br \/>\n&#8211; Elementy do odblokowania.<br \/>\n&#8211; Dziesi\u0105tki manewr\u00f3w i&nbsp;kombinacji.<br \/>\n&#8211; Mn\u00f3stwo soczystego ulicznego jedzenia do spr\u00f3bowania.<\/p>\n<p><\/p>","protected":false},"excerpt":{"rendered":"<p>Final Vendetta to ostra gra akcji pe\u0142na bijatyk dla 1-2 graczy w stylu klasycznych zr\u0119czno\u015bci\u00f3wek. Zawiera grafik\u0119 \u201epixel art\u201d oraz&nbsp;dynamiczn\u0105 \u015bcie\u017ck\u0119 d\u017awi\u0119kow\u0105 z&nbsp;niepublikowanymi utworami Utah Saints! Bij si\u0119 z&nbsp;oprychami i&nbsp;twardzielkami, przebijaj\u0105c si\u0119 przez niebezpieczn\u0105 okolic\u0119. Znany gang \u201eSyndic8\u201d, kt\u00f3ry powoli przejmuje kontrol\u0119 nad stolic\u0105, porywa m\u0142odsz\u0105 siostr\u0119 Claire Sparks. Na nieszcz\u0119\u015bcie dla jego cz\u0142onk\u00f3w Claire [&hellip;]<\/p>\n","protected":false},"featured_media":694737,"comment_status":"closed","ping_status":"closed","template":"","meta":{"ub_ctt_via":""},"product_cat":[88,221],"product_tag":[218],"class_list":["post-694478","product","type-product","status-publish","has-post-thumbnail","hentry","product_cat-action","product_cat-indie","product_tag-games","platform-steam-works"],"_links":{"self":[{"href":"https:\/\/neuvee.com\/pl\/wp-json\/wp\/v2\/product\/694478","targetHints":{"allow":["GET"]}}],"collection":[{"href":"https:\/\/neuvee.com\/pl\/wp-json\/wp\/v2\/product"}],"about":[{"href":"https:\/\/neuvee.com\/pl\/wp-json\/wp\/v2\/types\/product"}],"replies":[{"embeddable":true,"href":"https:\/\/neuvee.com\/pl\/wp-json\/wp\/v2\/comments?post=694478"}],"wp:featuredmedia":[{"embeddable":true,"href":"https:\/\/neuvee.com\/pl\/wp-json\/wp\/v2\/media\/694737"}],"wp:attachment":[{"href":"https:\/\/neuvee.com\/pl\/wp-json\/wp\/v2\/media?parent=694478"}],"wp:term":[{"taxonomy":"product_cat","embeddable":true,"href":"https:\/\/neuvee.com\/pl\/wp-json\/wp\/v2\/product_cat?post=694478"},{"taxonomy":"product_tag","embeddable":true,"href":"https:\/\/neuvee.com\/pl\/wp-json\/wp\/v2\/product_tag?post=694478"}],"curies":[{"name":"wp","href":"https:\/\/api.w.org\/{rel}","templated":true}]}}