{"id":694477,"date":"2023-10-17T12:14:55","date_gmt":"2023-10-17T12:14:55","guid":{"rendered":"https:\/\/neuvee.com\/?post_type=product&#038;p=694477"},"modified":"2025-05-19T14:36:23","modified_gmt":"2025-05-19T14:36:23","slug":"gearshifters","status":"publish","type":"product","link":"https:\/\/neuvee.com\/pl\/product\/gearshifters\/","title":{"rendered":"GEARSHIFTERS"},"content":{"rendered":"<p>Zr\u0119czno\u015bciowa gra b\u0119d\u0105ca po\u0142\u0105czeniem gatunk\u00f3w \u201eshoot-\u2018em-up\u201d i&nbsp;\u201erogue-lite\u201d. Kieruj pojazdem, wykonuj po\u015blizgi, obracaj si\u0119, rozbijaj fale atakuj\u0105cych wrog\u00f3w i&nbsp;niszcz boss\u00f3w. Przystosuj systemy obrony i&nbsp;uzbrojenie do ka\u017cdej niebezpiecznej misji.<\/p>\n<p>JED\u0179 i&nbsp;NISZCZ. Wykorzystaj precyzyjne sterowanie i&nbsp;swoje doskona\u0142e umiej\u0119tno\u015bci jazdy, aby kr\u0105\u017cy\u0107 wok\u00f3\u0142 przeciwnik\u00f3w, unika\u0107 nadlatuj\u0105cych pocisk\u00f3w i&nbsp;wykonywa\u0107 dynamiczne ataki. Ka\u017cdy zakr\u0119t, po\u015blizg i&nbsp;obr\u00f3t gwarantuje wysokooktanowe emocje.<\/p>\n<p>WALKI Z GIGANTYCZNYMI POJAZDAMI BOSS\u00d3W. Pokonaj \u0142ami\u0105ce prawo frakcje, kt\u00f3re zdominowa\u0142y dystopijn\u0105 Europ\u0119, niszcz\u0105c szalone, ci\u0119\u017cko opancerzone pojazdy boss\u00f3w.<\/p>\n<p>ZARABIAJ i&nbsp;ULEPSZAJ! We\u017a udzia\u0142 w niebezpiecznych misjach transportowych, aby zapewni\u0107 bezpieczn\u0105 dostaw\u0119 cennego towaru. Zarabiaj i&nbsp;modyfikuj swoje auto, dodaj\u0105c ofensywne, defensywne, ozdobne i&nbsp;wydajno\u015bciowe modyfikacje.<\/p>\n<p>TRANSPORT W\u015aR\u00d3D EKSPLOZJI. Rozszerzaj swoje terytorium na post-apokaliptycznym kontynencie. Tylko najbardziej utalentowany Gearshifter jest w stanie pokona\u0107 najtrudniejsze trasy i&nbsp;dotrze\u0107 do tajemniczej Cytadeli.<\/p>\n<p>&#8211; Dynamiczne samochodowe walki oparte na zasadach fizyki i&nbsp;obserwowane z&nbsp;lotu ptaka.<br \/>\n&#8211; Generowane proceduralnie drogi i&nbsp;fale przeciwnik\u00f3w.<br \/>\n&#8211; Walka na 27 etapach w 9 strefach, z&nbsp;kt\u00f3rych ka\u017cda ma w\u0142asn\u0105 frakcj\u0119 i&nbsp;zestaw przeciwnik\u00f3w.<br \/>\n&#8211; Dostosuj sw\u00f3j pojazd bojowy za pomoc\u0105 ponad 100 odblokowywanych losowo ulepsze\u0144.<br \/>\n&#8211; Historia obejmuj\u0105ca pi\u0119\u0107 rozdzia\u0142\u00f3w.<br \/>\n&#8211; Tryby gry: Standardowy, Arkadowy i&nbsp;Zab\u00f3jczy (permadeath).<br \/>\n&#8211; Barwny \u015bwiat 3D obserwowany z&nbsp;g\u00f3ry.<br \/>\n&#8211; Oryginalna \u015bcie\u017cka d\u017awi\u0119kowa.<br \/>\n&#8211; Szereg opcji dost\u0119pno\u015bci.<\/p>\n<p><\/p>","protected":false},"excerpt":{"rendered":"<p>Zr\u0119czno\u015bciowa gra b\u0119d\u0105ca po\u0142\u0105czeniem gatunk\u00f3w \u201eshoot-\u2018em-up\u201d i&nbsp;\u201erogue-lite\u201d. Kieruj pojazdem, wykonuj po\u015blizgi, obracaj si\u0119, rozbijaj fale atakuj\u0105cych wrog\u00f3w i&nbsp;niszcz boss\u00f3w. Przystosuj systemy obrony i&nbsp;uzbrojenie do ka\u017cdej niebezpiecznej misji. JED\u0179 i&nbsp;NISZCZ. Wykorzystaj precyzyjne sterowanie i&nbsp;swoje doskona\u0142e umiej\u0119tno\u015bci jazdy, aby kr\u0105\u017cy\u0107 wok\u00f3\u0142 przeciwnik\u00f3w, unika\u0107 nadlatuj\u0105cych pocisk\u00f3w i&nbsp;wykonywa\u0107 dynamiczne ataki. Ka\u017cdy zakr\u0119t, po\u015blizg i&nbsp;obr\u00f3t gwarantuje wysokooktanowe emocje. WALKI Z [&hellip;]<\/p>\n","protected":false},"featured_media":694873,"comment_status":"closed","ping_status":"closed","template":"","meta":{"ub_ctt_via":""},"product_cat":[228,88],"product_tag":[218],"class_list":["post-694477","product","type-product","status-publish","has-post-thumbnail","hentry","product_cat-racing-driving","product_cat-action","product_tag-games","platform-steam-works"],"_links":{"self":[{"href":"https:\/\/neuvee.com\/pl\/wp-json\/wp\/v2\/product\/694477","targetHints":{"allow":["GET"]}}],"collection":[{"href":"https:\/\/neuvee.com\/pl\/wp-json\/wp\/v2\/product"}],"about":[{"href":"https:\/\/neuvee.com\/pl\/wp-json\/wp\/v2\/types\/product"}],"replies":[{"embeddable":true,"href":"https:\/\/neuvee.com\/pl\/wp-json\/wp\/v2\/comments?post=694477"}],"wp:featuredmedia":[{"embeddable":true,"href":"https:\/\/neuvee.com\/pl\/wp-json\/wp\/v2\/media\/694873"}],"wp:attachment":[{"href":"https:\/\/neuvee.com\/pl\/wp-json\/wp\/v2\/media?parent=694477"}],"wp:term":[{"taxonomy":"product_cat","embeddable":true,"href":"https:\/\/neuvee.com\/pl\/wp-json\/wp\/v2\/product_cat?post=694477"},{"taxonomy":"product_tag","embeddable":true,"href":"https:\/\/neuvee.com\/pl\/wp-json\/wp\/v2\/product_tag?post=694477"}],"curies":[{"name":"wp","href":"https:\/\/api.w.org\/{rel}","templated":true}]}}