{"id":692286,"date":"2023-10-13T20:28:16","date_gmt":"2023-10-13T20:28:16","guid":{"rendered":"https:\/\/neuvee.com\/?post_type=product&#038;p=692286"},"modified":"2025-05-19T13:40:37","modified_gmt":"2025-05-19T13:40:37","slug":"ash-of-gods-original-soundtrack","status":"publish","type":"product","link":"https:\/\/neuvee.com\/pl\/product\/ash-of-gods-original-soundtrack\/","title":{"rendered":"ASH OF GODS &#8211; ORIGINAL SOUNDTRACK"},"content":{"rendered":"<p>Wszystkie utwory napisali Adam Skorupa oraz&nbsp;Krzysztof Wierzynkiewicz, znani kompozytorzy, kt\u00f3rzy pracowali nad takimi projektami, jak seria Wied\u017amin, Painkiller, Call of Juarez, Eve Online i&nbsp;inne.<\/p>\n<p>Ka\u017cdy utw\u00f3r zosta\u0142 nagrany na \u017cywo z&nbsp;udzia\u0142em profesjonalnych muzyk\u00f3w i&nbsp;cz\u0119sto z&nbsp;wykorzystaniem tradycyjnych insturment\u00f3w, niespotykanych we wsp\u00f3\u0142czesnej muzyce. Wszystkie piosenki s\u0105 dost\u0119pne z&nbsp;ok\u0142adkami, list\u0105 autor\u00f3w oraz&nbsp;pe\u0142nymi meta tagami.<\/p>\n<p>LISTA UTWOR\u00d3W<br \/>\n-01 Terminum<br \/>\n-02 The Last Stand<br \/>\n-03 Gem in the Mountains<br \/>\n-04 Shadows of the Past<br \/>\n-05 Legions on March<br \/>\n-06 Burning Inside<br \/>\n-07 The Last Bastions<br \/>\n-08 Winds of Berkana<br \/>\n-09 Ready Your Axe!<br \/>\n-10 Everything We Lost<br \/>\n-11 Harbingers of Death<br \/>\n-12 I Can&#8217;t Leave Her!<br \/>\n-13 The Highlanders&#8217; Waltz<br \/>\n-14 The Son of the Shadow Clan<br \/>\n-15 A Blow is Struck<br \/>\n-16 The Northern Winds are Coming<br \/>\n-17 On the Edge of the Plains<br \/>\n-18 Fight Your Fear<br \/>\n-19 A Path through the Ashes<br \/>\n-20 Turn the Wheel<br \/>\n-21 Taste of the Abyss<br \/>\n-22 Flame in Your Hands<br \/>\n-23 Enlightenment<br \/>\n-24 The Echo of the Fallen (Bonus)<br \/>\n-25 Reet&#8217;s Song (Bonus)<\/p>\n<p>AUTORZY<br \/>\nMuzyk\u0119 skomponowali: Adam Skorupa, Krzysztof Wierzynkiewicz<br \/>\nDodatkowe kompozycje: Micha\u0142 Cielecki<br \/>\nWokal: Magdalena Przychodzka, Liz Katrin, Mi\u0142osz Sienkiewicz, Pawe\u0142 Szymiczek, Evgeniy Kostrista, Aleksander Grochocki<br \/>\nDodatkowe wokale: Adam Skorupa, Krzysztof Wierzynkiewicz<br \/>\nInstrumentali\u015bci: Katarzyna Kamer, Bart Palyga, Krzysztof Szmytke, Aleksander Grochocki, Adam Skorupa, Pawe\u0142 Betley, Mi\u0142osz Sienkiewicz<\/p>\n<p><\/p>","protected":false},"excerpt":{"rendered":"<p>Wszystkie utwory napisali Adam Skorupa oraz&nbsp;Krzysztof Wierzynkiewicz, znani kompozytorzy, kt\u00f3rzy pracowali nad takimi projektami, jak seria Wied\u017amin, Painkiller, Call of Juarez, Eve Online i&nbsp;inne. Ka\u017cdy utw\u00f3r zosta\u0142 nagrany na \u017cywo z&nbsp;udzia\u0142em profesjonalnych muzyk\u00f3w i&nbsp;cz\u0119sto z&nbsp;wykorzystaniem tradycyjnych insturment\u00f3w, niespotykanych we wsp\u00f3\u0142czesnej muzyce. Wszystkie piosenki s\u0105 dost\u0119pne z&nbsp;ok\u0142adkami, list\u0105 autor\u00f3w oraz&nbsp;pe\u0142nymi meta tagami. LISTA UTWOR\u00d3W -01 Terminum [&hellip;]<\/p>\n","protected":false},"featured_media":693516,"comment_status":"closed","ping_status":"closed","template":"","meta":{"ub_ctt_via":""},"product_cat":[273,127,221,89,222],"product_tag":[218],"class_list":["post-692286","product","type-product","status-publish","has-post-thumbnail","hentry","product_cat-violent","product_cat-adventure","product_cat-indie","product_cat-rpg","product_cat-strategy","product_tag-games","platform-steam-works"],"_links":{"self":[{"href":"https:\/\/neuvee.com\/pl\/wp-json\/wp\/v2\/product\/692286","targetHints":{"allow":["GET"]}}],"collection":[{"href":"https:\/\/neuvee.com\/pl\/wp-json\/wp\/v2\/product"}],"about":[{"href":"https:\/\/neuvee.com\/pl\/wp-json\/wp\/v2\/types\/product"}],"replies":[{"embeddable":true,"href":"https:\/\/neuvee.com\/pl\/wp-json\/wp\/v2\/comments?post=692286"}],"wp:featuredmedia":[{"embeddable":true,"href":"https:\/\/neuvee.com\/pl\/wp-json\/wp\/v2\/media\/693516"}],"wp:attachment":[{"href":"https:\/\/neuvee.com\/pl\/wp-json\/wp\/v2\/media?parent=692286"}],"wp:term":[{"taxonomy":"product_cat","embeddable":true,"href":"https:\/\/neuvee.com\/pl\/wp-json\/wp\/v2\/product_cat?post=692286"},{"taxonomy":"product_tag","embeddable":true,"href":"https:\/\/neuvee.com\/pl\/wp-json\/wp\/v2\/product_tag?post=692286"}],"curies":[{"name":"wp","href":"https:\/\/api.w.org\/{rel}","templated":true}]}}