{"id":692240,"date":"2023-10-13T20:12:45","date_gmt":"2023-10-13T20:12:45","guid":{"rendered":"https:\/\/neuvee.com\/?post_type=product&#038;p=692240"},"modified":"2025-05-19T13:44:13","modified_gmt":"2025-05-19T13:44:13","slug":"eternights-deluxe-edition","status":"publish","type":"product","link":"https:\/\/neuvee.com\/pl\/product\/eternights-deluxe-edition\/","title":{"rendered":"ETERNIGHTS DELUXE EDITION"},"content":{"rendered":"<p>Zanurz si\u0119 w \u015bwiecie Eternights dzi\u0119ki Edycji Deluxe zawieraj\u0105cej podstawow\u0105 wersj\u0119 gry, oficjalny cyfrowy album z&nbsp;grafikami z&nbsp;produkcji Eternights i&nbsp;oficjaln\u0105 cyfrow\u0105 \u015bcie\u017ck\u0119 d\u017awi\u0119kow\u0105 czyli&nbsp;ponad 100 utwor\u00f3w Spencera Bambricka.<\/p>\n<p>Eternights to randkowa gra akcji, \u0142\u0105cz\u0105ca histori\u0119 mi\u0142osn\u0105 z&nbsp;walk\u0105 nap\u0119dzan\u0105 adrenalin\u0105. Prze\u017cyj przygod\u0119 \u017cycia w trakcie apokalipsy! Szukaj zasob\u00f3w, odkrywaj lochy i&#8230; chod\u017a na randki!<br \/>\nOcal \u015bwiat i&nbsp;po drodze odszukaj mi\u0142o\u015b\u0107.<\/p>\n<p>Zmierz si\u0119 z&nbsp;zaka\u017conymi<br \/>\nPewnego dnia, co\u015b albo&nbsp;kto\u015b, zmienia ludzi w niebezpieczne potwory. Teraz interesuje je jedynie przemoc i&nbsp;w\u0142adza. Stoj\u0105 pomi\u0119dzy Tob\u0105, lekiem, a&nbsp;\u015bwiatem, kt\u00f3ry chcesz podbi\u0107. A co najwa\u017cniejsze? Walczysz nie tylko o&nbsp;w\u0142asne przetrwanie. Walczysz dla tych, kt\u00f3rych kochasz.<\/p>\n<p>Znajd\u017a mi\u0142o\u015b\u0107<br \/>\nNadchodz\u0105cy koniec \u015bwiata jest \u015bwietnym tematem na pierwsz\u0105 randk\u0119! Kiedy nie badasz loch\u00f3w, sp\u0119dzasz czas na zbli\u017caniu si\u0119 do pi\u0119ciu zakr\u0119conych i&nbsp;uroczych postaci. Poznaj ich historie i&nbsp;zbli\u017c si\u0119 do nich, aby odblokowa\u0107 niepowtarzalne umiej\u0119tno\u015bci i&nbsp;zakl\u0119cia, kt\u00f3rych mo\u017cesz u\u017cywa\u0107 podczas walk.<\/p>\n<p>Wy\u015bcig z&nbsp;czasem<br \/>\nZbieranie zasob\u00f3w, badanie loch\u00f3w, randkowanie&#8230; w ci\u0105gu jednego dnia masz mn\u00f3stwo rzeczy do zrobienia, a&nbsp;w ka\u017cdym obszarze masz wyznaczony termin! Czy zbli\u017cysz si\u0119 troch\u0119 do zaufanej osoby, aby zacie\u015bni\u0107 relacj\u0119 i&nbsp;odblokowa\u0107 nowe umiej\u0119tno\u015bci? Przetrz\u0105\u015bniesz pustkowie i&nbsp;zgarniesz zasoby? Wzmocnisz si\u0119, trenuj\u0105c z&nbsp;towarzyszami? Czy zignorujesz to wszystko i&nbsp;przy pierwszej okazji wyruszysz do lochu? Wszystko zale\u017cy od Ciebie, ale pami\u0119taj \u2013 zegar tyka.<\/p>\n<p>Odkrywaj lochy<br \/>\nTe niebezpieczne obszary, zwane \u201emurem\u201d, s\u0105 pe\u0142ne tajemnic i&nbsp;niebezpiecze\u0144stw. Gdy zbli\u017ca si\u0119 termin, musisz szybko omija\u0107 pu\u0142apki, rozwi\u0105zywa\u0107 \u0142amig\u0142\u00f3wki i&nbsp;zalicza\u0107 mini-gry taneczne, aby zd\u0105\u017cy\u0107 na czas. Na szcz\u0119\u015bcie masz u boku zaufane osoby, kt\u00f3re pomog\u0105 Ci, gdy zrobi si\u0119 nieciekawie.<\/p>\n<p>Animowane przerywniki<br \/>\nW grze pojawia si\u0119 kilka w pe\u0142ni animowanych przerywnik\u00f3w 2D, kt\u00f3re zmieniaj\u0105 si\u0119, w zale\u017cno\u015bci od tego, z&nbsp;kim zdecydujesz si\u0119 randkowa\u0107. Zanurz si\u0119 w \u015bwiecie gry i&nbsp;nawi\u0105\u017c relacje z&nbsp;postaciami, z&nbsp;kt\u00f3rymi sp\u0119dzasz czas.<\/p>\n<p><\/p>","protected":false},"excerpt":{"rendered":"<p>Zanurz si\u0119 w \u015bwiecie Eternights dzi\u0119ki Edycji Deluxe zawieraj\u0105cej podstawow\u0105 wersj\u0119 gry, oficjalny cyfrowy album z&nbsp;grafikami z&nbsp;produkcji Eternights i&nbsp;oficjaln\u0105 cyfrow\u0105 \u015bcie\u017ck\u0119 d\u017awi\u0119kow\u0105 czyli&nbsp;ponad 100 utwor\u00f3w Spencera Bambricka. Eternights to randkowa gra akcji, \u0142\u0105cz\u0105ca histori\u0119 mi\u0142osn\u0105 z&nbsp;walk\u0105 nap\u0119dzan\u0105 adrenalin\u0105. Prze\u017cyj przygod\u0119 \u017cycia w trakcie apokalipsy! Szukaj zasob\u00f3w, odkrywaj lochy i&#8230; chod\u017a na randki! Ocal \u015bwiat i&nbsp;po [&hellip;]<\/p>\n","protected":false},"featured_media":692887,"comment_status":"closed","ping_status":"closed","template":"","meta":{"ub_ctt_via":""},"product_cat":[225,88,223,221],"product_tag":[218],"class_list":["post-692240","product","type-product","status-publish","has-post-thumbnail","hentry","product_cat-role-playing","product_cat-action","product_cat-casual","product_cat-indie","product_tag-games","platform-steam-works"],"_links":{"self":[{"href":"https:\/\/neuvee.com\/pl\/wp-json\/wp\/v2\/product\/692240","targetHints":{"allow":["GET"]}}],"collection":[{"href":"https:\/\/neuvee.com\/pl\/wp-json\/wp\/v2\/product"}],"about":[{"href":"https:\/\/neuvee.com\/pl\/wp-json\/wp\/v2\/types\/product"}],"replies":[{"embeddable":true,"href":"https:\/\/neuvee.com\/pl\/wp-json\/wp\/v2\/comments?post=692240"}],"wp:featuredmedia":[{"embeddable":true,"href":"https:\/\/neuvee.com\/pl\/wp-json\/wp\/v2\/media\/692887"}],"wp:attachment":[{"href":"https:\/\/neuvee.com\/pl\/wp-json\/wp\/v2\/media?parent=692240"}],"wp:term":[{"taxonomy":"product_cat","embeddable":true,"href":"https:\/\/neuvee.com\/pl\/wp-json\/wp\/v2\/product_cat?post=692240"},{"taxonomy":"product_tag","embeddable":true,"href":"https:\/\/neuvee.com\/pl\/wp-json\/wp\/v2\/product_tag?post=692240"}],"curies":[{"name":"wp","href":"https:\/\/api.w.org\/{rel}","templated":true}]}}