{"id":692238,"date":"2023-10-13T20:10:41","date_gmt":"2023-10-13T20:10:41","guid":{"rendered":"https:\/\/neuvee.com\/?post_type=product&#038;p=692238"},"modified":"2025-05-19T14:07:59","modified_gmt":"2025-05-19T14:07:59","slug":"fishing-barents-sea-2","status":"publish","type":"product","link":"https:\/\/neuvee.com\/pl\/product\/fishing-barents-sea-2\/","title":{"rendered":"FISHING: BARENTS SEA"},"content":{"rendered":"<p>Sta\u0144 za sterami w\u0142asnej \u0142odzi rybackiej w grze Fishing: Barents Sea I wyrusz na Morze Norweskie w poszukiwaniu najlepszych \u0142owisk. Zacznij od zera na \u0142odzi odziedziczonej po dziadku, z\u0142ap pierwsz\u0105 ryb\u0119 i&nbsp;zdob\u0105d\u017a \u015brodki na ulepszenia oraz&nbsp;na wi\u0119ksze i&nbsp;lepsze \u0142odzie. Ciesz si\u0119 pi\u0119knem Morza Barentsa i&nbsp;spe\u0142nij swoje marzenia o&nbsp;biznesie w rybo\u0142\u00f3wstwie. Naucz si\u0119 \u0142owi\u0107 r\u00f3\u017cne rodzaje ryb za pomoc\u0105 r\u00f3\u017cnorakiego sprz\u0119tu \u0142owieckiego na kilku rodzajach \u0142odzi. Ka\u017cdego sposobu \u0142atwo si\u0119 nauczy\u0107, ale trudniej opanowa\u0107 go po mistrzowsku \u2013 czas pokaza\u0107, na co ci\u0119 sta\u0107! Wykorzystaj licencjonowane wyposa\u017cenie firmy Scanmar, takie jak sygnalizatory skrzyde\u0142 oraz&nbsp;TrawlEye, aby zyska\u0107 pe\u0142n\u0105 kontrol\u0119 nad swoim trawlem. Ulepsz go, aby z\u0142apa\u0107 najwi\u0119ksz\u0105 ryb\u0119! Pilnuj jednak, aby nie przekroczy\u0107 rocznego limitu po\u0142owu. Ka\u017cde posuni\u0119cie i&nbsp;ka\u017cdy po\u0142\u00f3w nale\u017cy odpowiednio zaplanowa\u0107. Dane pogodowe z&nbsp;okresu 20 lat pozwalaj\u0105 na odtworzenie realistycznego \u015brodowiska \u0142awic na Morzu Barentsa, kt\u00f3rych ruchy s\u0105 zale\u017cne od pory roku i&nbsp;temperatury wody. Nad\u0105\u017canie za tym wszystkim zale\u017cy tylko od ciebie. Przybij do portu i&nbsp;odwied\u017a pub, aby zatrudni\u0107 za\u0142og\u0119 lub&nbsp;przyj\u0105\u0107 misje. W porcie mo\u017cesz r\u00f3wnie\u017c naprawi\u0107 lub&nbsp;ulepszy\u0107 swoje \u0142odzie, wzi\u0105\u0107 po\u017cyczk\u0119 z&nbsp;banku oraz&nbsp;kupi\u0107 zapasy i&nbsp;przyn\u0119t\u0119 w sklepie. Zwiedzaj otwarty \u015bwiat, kt\u00f3ry odzwierciedla zapieraj\u0105ce dech w piersiach krajobrazy p\u00f3\u0142nocnej Norwegii. Szukaj najlepszych \u0142owisk za pomoc\u0105 sonaru, radaru oraz&nbsp;systemu GPS i&nbsp;z\u0142ap najwi\u0119ksz\u0105 ryb\u0119. <\/p>\n<p>Features:<br \/>\n&#8211; Silnik Unreal 4 pozwoli\u0142 stworzy\u0107 pi\u0119kny otwarty \u015bwiat<br \/>\n&#8211; Ogromna mapa oparta na prawdziwych krajobrazach Norwegii<br \/>\n&#8211; Dynamiczne cykle dni i&nbsp;nocy<br \/>\n&#8211; Odwzorowane pory roku i&nbsp;zmiany pogody<br \/>\n&#8211; Siedem grywalnych statk\u00f3w<br \/>\n&#8211; Na wp\u00f3\u0142 realistyczny system po\u0142owu \u2013 \u0142atwo zacz\u0105\u0107, trudniej opanowa\u0107 do perfekcji<br \/>\n&#8211; Zaawansowana SI ryb steruj\u0105ca zachowaniem twojej zdobyczy<br \/>\n&#8211; Licencjonowany system \u201eCatch Control Systems\u201d firmy Scanmar i&nbsp;licencjonowany trawler \u201eHermes\u201d<br \/>\n&#8211; system ekwipunku do przechowywania no\u017cy, hak\u00f3w i&nbsp;lornetek;<br \/>\n&#8211; pi\u0119kne i&nbsp;pe\u0142ne \u017cycia \u015brodowisko ze statkami i&nbsp;\u0142odziami rybackimi sterowanymi przez SI.<\/p>\n<p><\/p>","protected":false},"excerpt":{"rendered":"<p>Sta\u0144 za sterami w\u0142asnej \u0142odzi rybackiej w grze Fishing: Barents Sea I wyrusz na Morze Norweskie w poszukiwaniu najlepszych \u0142owisk. Zacznij od zera na \u0142odzi odziedziczonej po dziadku, z\u0142ap pierwsz\u0105 ryb\u0119 i&nbsp;zdob\u0105d\u017a \u015brodki na ulepszenia oraz&nbsp;na wi\u0119ksze i&nbsp;lepsze \u0142odzie. Ciesz si\u0119 pi\u0119knem Morza Barentsa i&nbsp;spe\u0142nij swoje marzenia o&nbsp;biznesie w rybo\u0142\u00f3wstwie. Naucz si\u0119 \u0142owi\u0107 r\u00f3\u017cne rodzaje [&hellip;]<\/p>\n","protected":false},"featured_media":693213,"comment_status":"closed","ping_status":"closed","template":"","meta":{"ub_ctt_via":""},"product_cat":[78],"product_tag":[218],"class_list":["post-692238","product","type-product","status-publish","has-post-thumbnail","hentry","product_cat-simulation","product_tag-games","platform-steam-works"],"_links":{"self":[{"href":"https:\/\/neuvee.com\/pl\/wp-json\/wp\/v2\/product\/692238","targetHints":{"allow":["GET"]}}],"collection":[{"href":"https:\/\/neuvee.com\/pl\/wp-json\/wp\/v2\/product"}],"about":[{"href":"https:\/\/neuvee.com\/pl\/wp-json\/wp\/v2\/types\/product"}],"replies":[{"embeddable":true,"href":"https:\/\/neuvee.com\/pl\/wp-json\/wp\/v2\/comments?post=692238"}],"wp:featuredmedia":[{"embeddable":true,"href":"https:\/\/neuvee.com\/pl\/wp-json\/wp\/v2\/media\/693213"}],"wp:attachment":[{"href":"https:\/\/neuvee.com\/pl\/wp-json\/wp\/v2\/media?parent=692238"}],"wp:term":[{"taxonomy":"product_cat","embeddable":true,"href":"https:\/\/neuvee.com\/pl\/wp-json\/wp\/v2\/product_cat?post=692238"},{"taxonomy":"product_tag","embeddable":true,"href":"https:\/\/neuvee.com\/pl\/wp-json\/wp\/v2\/product_tag?post=692238"}],"curies":[{"name":"wp","href":"https:\/\/api.w.org\/{rel}","templated":true}]}}