{"id":692199,"date":"2023-10-13T20:07:06","date_gmt":"2023-10-13T20:07:06","guid":{"rendered":"https:\/\/neuvee.com\/?post_type=product&#038;p=692199"},"modified":"2025-05-19T14:11:25","modified_gmt":"2025-05-19T14:11:25","slug":"fishing-barents-sea-king-crab","status":"publish","type":"product","link":"https:\/\/neuvee.com\/pl\/product\/fishing-barents-sea-king-crab\/","title":{"rendered":"FISHING: BARENTS SEA &#8211; KING CRAB"},"content":{"rendered":"<p>Ruszajcie na podb\u00f3j surowego Morza Barentsa, by z\u0142apa\u0107 nowy typ zdobyczy: kraba kr\u00f3lewskiego. Za\u0142adujcie klatki na pok\u0142ad jednej z&nbsp;dw\u00f3ch nowych \u0142odzi i&nbsp;znajd\u017acie najlepsze tereny l\u0119gowe, by z\u0142apa\u0107 najwi\u0119ksze zdobycze. Zoptymalizujcie po\u0142\u00f3w dzi\u0119ki dw\u00f3m nowym minigrom: \u0142adujcie pu\u0142apki na kraby \u017curawiem na pok\u0142ad i&nbsp;oddzielajcie samce od samic, aby zapewni\u0107 lokalnej populacji tych skorupiak\u00f3w mo\u017cliwo\u015b\u0107 dalszego rozmna\u017cania si\u0119.<\/p>\n<p>Funkcje:<br \/>\n-dwie nowe \u0142odzie,<br \/>\n-nowa mechanika po\u0142owu,<br \/>\n-dwie nowe minigry,<br \/>\n-nowy typ zdobyczy: krab kr\u00f3lewski.<\/p>\n<p><\/p>","protected":false},"excerpt":{"rendered":"<p>Ruszajcie na podb\u00f3j surowego Morza Barentsa, by z\u0142apa\u0107 nowy typ zdobyczy: kraba kr\u00f3lewskiego. Za\u0142adujcie klatki na pok\u0142ad jednej z&nbsp;dw\u00f3ch nowych \u0142odzi i&nbsp;znajd\u017acie najlepsze tereny l\u0119gowe, by z\u0142apa\u0107 najwi\u0119ksze zdobycze. Zoptymalizujcie po\u0142\u00f3w dzi\u0119ki dw\u00f3m nowym minigrom: \u0142adujcie pu\u0142apki na kraby \u017curawiem na pok\u0142ad i&nbsp;oddzielajcie samce od samic, aby zapewni\u0107 lokalnej populacji tych skorupiak\u00f3w mo\u017cliwo\u015b\u0107 dalszego rozmna\u017cania [&hellip;]<\/p>\n","protected":false},"featured_media":693426,"comment_status":"closed","ping_status":"closed","template":"","meta":{"ub_ctt_via":""},"product_cat":[78],"product_tag":[218],"class_list":["post-692199","product","type-product","status-publish","has-post-thumbnail","hentry","product_cat-simulation","product_tag-games","platform-steam-works"],"_links":{"self":[{"href":"https:\/\/neuvee.com\/pl\/wp-json\/wp\/v2\/product\/692199","targetHints":{"allow":["GET"]}}],"collection":[{"href":"https:\/\/neuvee.com\/pl\/wp-json\/wp\/v2\/product"}],"about":[{"href":"https:\/\/neuvee.com\/pl\/wp-json\/wp\/v2\/types\/product"}],"replies":[{"embeddable":true,"href":"https:\/\/neuvee.com\/pl\/wp-json\/wp\/v2\/comments?post=692199"}],"wp:featuredmedia":[{"embeddable":true,"href":"https:\/\/neuvee.com\/pl\/wp-json\/wp\/v2\/media\/693426"}],"wp:attachment":[{"href":"https:\/\/neuvee.com\/pl\/wp-json\/wp\/v2\/media?parent=692199"}],"wp:term":[{"taxonomy":"product_cat","embeddable":true,"href":"https:\/\/neuvee.com\/pl\/wp-json\/wp\/v2\/product_cat?post=692199"},{"taxonomy":"product_tag","embeddable":true,"href":"https:\/\/neuvee.com\/pl\/wp-json\/wp\/v2\/product_tag?post=692199"}],"curies":[{"name":"wp","href":"https:\/\/api.w.org\/{rel}","templated":true}]}}