{"id":692198,"date":"2023-10-13T20:06:49","date_gmt":"2023-10-13T20:06:49","guid":{"rendered":"https:\/\/neuvee.com\/?post_type=product&#038;p=692198"},"modified":"2025-05-19T14:08:22","modified_gmt":"2025-05-19T14:08:22","slug":"fishing-barents-sea-line-and-net-ships","status":"publish","type":"product","link":"https:\/\/neuvee.com\/pl\/product\/fishing-barents-sea-line-and-net-ships\/","title":{"rendered":"FISHING: BARENTS SEA &#8211; LINE AND NET SHIPS"},"content":{"rendered":"<p>Rozbudujcie sw\u00f3j biznes dzi\u0119ki tre\u015bci do pobrania, kt\u00f3ra dodaje pi\u0119\u0107 nowych \u0142odzi do gry Fishing: Barents Sea. \u0141odzie te pozwalaj\u0105 na \u0142owienie za pomoc\u0105 sznura lub&nbsp;sieci. Ka\u017cda ma tak\u017ce w\u0142asny limit ryb, wi\u0119c&nbsp;mo\u017cecie wyp\u0142yn\u0105\u0107 na morze i&nbsp;\u0142owi\u0107 niemal do woli! Podczas szukania nowych \u0142owisk b\u0119dziecie mie\u0107 mn\u00f3stwo okazji, by pozna\u0107 morze! Wi\u0119cej \u0142odzi oznacza szersze horyzonty!<\/p>\n<p>Funkcje<br \/>\n-pi\u0119\u0107 nowych \u0142odzi,<br \/>\n-dwie z&nbsp;nich pozwalaj\u0105 na \u0142owienie sznurem (Tobie i&nbsp;Fix),<br \/>\n-a trzy pozwalaj\u0105 na \u0142owienie i&nbsp;sznurem, i&nbsp;sieci\u0105 (Moby D, Snarset, Sharky).<\/p>\n<p>\u0141odzie<br \/>\n-Moby D,<br \/>\n-Snarset,<br \/>\n-Sharky,<br \/>\n-Fix,<br \/>\n-Tobie.<\/p>\n<p><\/p>","protected":false},"excerpt":{"rendered":"<p>Rozbudujcie sw\u00f3j biznes dzi\u0119ki tre\u015bci do pobrania, kt\u00f3ra dodaje pi\u0119\u0107 nowych \u0142odzi do gry Fishing: Barents Sea. \u0141odzie te pozwalaj\u0105 na \u0142owienie za pomoc\u0105 sznura lub&nbsp;sieci. Ka\u017cda ma tak\u017ce w\u0142asny limit ryb, wi\u0119c&nbsp;mo\u017cecie wyp\u0142yn\u0105\u0107 na morze i&nbsp;\u0142owi\u0107 niemal do woli! Podczas szukania nowych \u0142owisk b\u0119dziecie mie\u0107 mn\u00f3stwo okazji, by pozna\u0107 morze! Wi\u0119cej \u0142odzi oznacza szersze [&hellip;]<\/p>\n","protected":false},"featured_media":692457,"comment_status":"closed","ping_status":"closed","template":"","meta":{"ub_ctt_via":""},"product_cat":[78],"product_tag":[218],"class_list":["post-692198","product","type-product","status-publish","has-post-thumbnail","hentry","product_cat-simulation","product_tag-games","platform-steam-works"],"_links":{"self":[{"href":"https:\/\/neuvee.com\/pl\/wp-json\/wp\/v2\/product\/692198","targetHints":{"allow":["GET"]}}],"collection":[{"href":"https:\/\/neuvee.com\/pl\/wp-json\/wp\/v2\/product"}],"about":[{"href":"https:\/\/neuvee.com\/pl\/wp-json\/wp\/v2\/types\/product"}],"replies":[{"embeddable":true,"href":"https:\/\/neuvee.com\/pl\/wp-json\/wp\/v2\/comments?post=692198"}],"wp:featuredmedia":[{"embeddable":true,"href":"https:\/\/neuvee.com\/pl\/wp-json\/wp\/v2\/media\/692457"}],"wp:attachment":[{"href":"https:\/\/neuvee.com\/pl\/wp-json\/wp\/v2\/media?parent=692198"}],"wp:term":[{"taxonomy":"product_cat","embeddable":true,"href":"https:\/\/neuvee.com\/pl\/wp-json\/wp\/v2\/product_cat?post=692198"},{"taxonomy":"product_tag","embeddable":true,"href":"https:\/\/neuvee.com\/pl\/wp-json\/wp\/v2\/product_tag?post=692198"}],"curies":[{"name":"wp","href":"https:\/\/api.w.org\/{rel}","templated":true}]}}