{"id":692197,"date":"2023-10-13T20:06:29","date_gmt":"2023-10-13T20:06:29","guid":{"rendered":"https:\/\/neuvee.com\/?post_type=product&#038;p=692197"},"modified":"2025-05-19T14:23:45","modified_gmt":"2025-05-19T14:23:45","slug":"gas-station-tycoon","status":"publish","type":"product","link":"https:\/\/neuvee.com\/pl\/product\/gas-station-tycoon\/","title":{"rendered":"GAS STATION TYCOON"},"content":{"rendered":"<p>Gas Station Tycoon to gra typu tycoon, w kt\u00f3rej mo\u017cesz zbudowa\u0107 w\u0142asny biznes na stacji benzynowej! Buduj r\u00f3\u017cne obiekty, sprzedawaj gaz i&nbsp;energi\u0119 elektryczn\u0105 swoim klientom, ulepszaj obiekty i&nbsp;zosta\u0144 odnosz\u0105cym sukcesy przedsi\u0119biorc\u0105 na stacji benzynowej!<\/p>\n<p>Zbuduj swoj\u0105 stacj\u0119 benzynow\u0105 od podstaw. Obs\u0142uguj klient\u00f3w r\u0119cznie i&nbsp;zarabiaj pieni\u0105dze. Kiedy masz wystarczaj\u0105co du\u017co pieni\u0119dzy, mo\u017cesz je wykorzysta\u0107 na ulepszenie obiekt\u00f3w, zakup nowych obiekt\u00f3w, a&nbsp;nawet zatrudnienie personelu, kt\u00f3ry pomo\u017ce Ci p\u00f3\u017aniej obs\u0142ugiwa\u0107 klient\u00f3w. Ale trzeba te\u017c uwa\u017ca\u0107, bo&nbsp;te\u017c mo\u017cna zbankrutowa\u0107!<\/p>\n<p>Je\u015bli masz ju\u017c wystarczaj\u0105c\u0105 ilo\u015b\u0107 pieni\u0119dzy i&nbsp;diament\u00f3w, mo\u017cesz tak\u017ce zatrudni\u0107 personel, kt\u00f3ry pomo\u017ce Ci obs\u0142ugiwa\u0107 klient\u00f3w. Personel automatycznie obs\u0142u\u017cy klient\u00f3w, ale nale\u017cy pami\u0119ta\u0107 o&nbsp;jednej rzeczy! Personelowi nale\u017cy si\u0119 wynagrodzenie CO GODZIN\u0118! TAK, CO GODZIN\u0118!<\/p>\n<p>Mo\u017cesz tak\u017ce kupowa\u0107 obiekty, kt\u00f3re nie zosta\u0142y odblokowane i&nbsp;ulepsza\u0107 wszystkie istniej\u0105ce obiekty. Oczywi\u015bcie ka\u017cdy obiekt ma inny efekt i&nbsp;inne zastosowania. Ale jedno jest pewne, im wy\u017cszy poziom obiektu, tym wi\u0119cej korzy\u015bci i&nbsp;zysk\u00f3w przyniesie.<\/p>\n<p>Pip&#8230; pip&#8230; bum&#8230; Wygl\u0105da na to, \u017ce nasza ziemia zosta\u0142a najechana przez kosmit\u00f3w! Znajdziesz kosmit\u00f3w, kt\u00f3rzy od czasu do czasu przelatuj\u0105 nad twoj\u0105 stacj\u0105 benzynow\u0105. Mo\u017cesz je zniszczy\u0107, celuj\u0105c w przelatuj\u0105ce UFO i&nbsp;zarabiaj\u0105c pieni\u0105dze. Poza tym za jaki\u015b czas i&nbsp;Ty zostaniesz zaatakowany przez inwazj\u0119 obcych! Musisz chroni\u0107 Ziemi\u0119 i&nbsp;zniszczy\u0107 ich wszystkich, w przeciwnym razie&#8230; pip&#8230;&#8230; (Sygna\u0142 utracony).<\/p>\n<p><\/p>","protected":false},"excerpt":{"rendered":"<p>Gas Station Tycoon to gra typu tycoon, w kt\u00f3rej mo\u017cesz zbudowa\u0107 w\u0142asny biznes na stacji benzynowej! Buduj r\u00f3\u017cne obiekty, sprzedawaj gaz i&nbsp;energi\u0119 elektryczn\u0105 swoim klientom, ulepszaj obiekty i&nbsp;zosta\u0144 odnosz\u0105cym sukcesy przedsi\u0119biorc\u0105 na stacji benzynowej! Zbuduj swoj\u0105 stacj\u0119 benzynow\u0105 od podstaw. Obs\u0142uguj klient\u00f3w r\u0119cznie i&nbsp;zarabiaj pieni\u0105dze. Kiedy masz wystarczaj\u0105co du\u017co pieni\u0119dzy, mo\u017cesz je wykorzysta\u0107 na ulepszenie [&hellip;]<\/p>\n","protected":false},"featured_media":692689,"comment_status":"closed","ping_status":"closed","template":"","meta":{"ub_ctt_via":""},"product_cat":[223,78],"product_tag":[218],"class_list":["post-692197","product","type-product","status-publish","has-post-thumbnail","hentry","product_cat-casual","product_cat-simulation","product_tag-games","platform-steam-works"],"_links":{"self":[{"href":"https:\/\/neuvee.com\/pl\/wp-json\/wp\/v2\/product\/692197","targetHints":{"allow":["GET"]}}],"collection":[{"href":"https:\/\/neuvee.com\/pl\/wp-json\/wp\/v2\/product"}],"about":[{"href":"https:\/\/neuvee.com\/pl\/wp-json\/wp\/v2\/types\/product"}],"replies":[{"embeddable":true,"href":"https:\/\/neuvee.com\/pl\/wp-json\/wp\/v2\/comments?post=692197"}],"wp:featuredmedia":[{"embeddable":true,"href":"https:\/\/neuvee.com\/pl\/wp-json\/wp\/v2\/media\/692689"}],"wp:attachment":[{"href":"https:\/\/neuvee.com\/pl\/wp-json\/wp\/v2\/media?parent=692197"}],"wp:term":[{"taxonomy":"product_cat","embeddable":true,"href":"https:\/\/neuvee.com\/pl\/wp-json\/wp\/v2\/product_cat?post=692197"},{"taxonomy":"product_tag","embeddable":true,"href":"https:\/\/neuvee.com\/pl\/wp-json\/wp\/v2\/product_tag?post=692197"}],"curies":[{"name":"wp","href":"https:\/\/api.w.org\/{rel}","templated":true}]}}