{"id":692191,"date":"2023-10-13T20:03:57","date_gmt":"2023-10-13T20:03:57","guid":{"rendered":"https:\/\/neuvee.com\/?post_type=product&#038;p=692191"},"modified":"2025-05-19T14:38:40","modified_gmt":"2025-05-19T14:38:40","slug":"headbangers-rhythm-royale-pre-order","status":"publish","type":"product","link":"https:\/\/neuvee.com\/pl\/product\/headbangers-rhythm-royale-pre-order\/","title":{"rendered":"HEADBANGERS: RHYTHM ROYALE &#8211; PRE ORDER"},"content":{"rendered":"<p>PRE-ORDER BONUS<\/p>\n<p>Be the best Pigeon in the coop! Show off your style with our Pre Order Exclusive Sombrero!<br \/>\nIncluded in the preorder is a&nbsp;stylish Sombrero in Blue.<\/p>\n<p>Zdarzy\u0142o Ci si\u0119 spojrze\u0107 na go\u0142\u0119bia i&nbsp;pomy\u015ble\u0107: \u201eciekawe, co si\u0119 dzieje w jego g\u0142owie\u201d? <\/p>\n<p>Ju\u017c nie musisz si\u0119 zastanawia\u0107! W Headbangers Ty i&nbsp;29 innych graczy wcielacie si\u0119 w go\u0142\u0119bie i&nbsp;rywalizujecie w rytmicznych wyzwaniach o&nbsp;tytu\u0142 najlepszego heavymetalowca.  <\/p>\n<p>Rywalizuj z&nbsp;innymi w muzycznych minigrach, kt\u00f3re wystawi\u0105 na pr\u00f3b\u0119 Twoje umiej\u0119tno\u015bci, utrudniaj \u017cycie przeciwnikom za pomoc\u0105 wzmocnie\u0144 i&nbsp;zbieraj okruchy, aby spersonalizowa\u0107 swojego go\u0142\u0119bia! <\/p>\n<p>Cechy gry: <\/p>\n<p>Minigry: <\/p>\n<p> Rywalizuj ze znajomymi w szalonych minigrach w mi\u0119dzyplatformowym trybie wieloosobowym online. Dzi\u0119ki 23 minigrom podzielonym na 4 rundy ka\u017cdy poziom Headbangers zawiera nowe wci\u0105gaj\u0105ce wyzwanie z&nbsp;wyj\u0105tkowym muzycznym motywem! Ka\u017cda runda cechuje si\u0119 rosn\u0105cym poziomem trudno\u015bci, podkr\u0119caj\u0105c muzyczne szale\u0144stwo a\u017c do ostatniej rundy \u2013 zachowaj zimn\u0105 krew i&nbsp;zgarnij chleb! <\/p>\n<p>Minigry wystawi\u0105 na pr\u00f3b\u0119 Twoj\u0105 pami\u0119\u0107, poczucie rytmu, refleks, czas reakcji, a&nbsp;co najwa\u017cniejsze\u2026 umiej\u0119tno\u015b\u0107 rapowania! Proste sterowanie po\u0142\u0105czone z&nbsp;wci\u0105gaj\u0105c\u0105 rozgrywk\u0105 sprawia, \u017ce wszyscy mog\u0105 do\u0142\u0105czy\u0107 do muzycznej zabawy! <\/p>\n<p>Personalizacja:  <\/p>\n<p>Zaprojektuj swojego go\u0142\u0119bia, wybieraj\u0105c spo\u015br\u00f3d setek wyj\u0105tkowych przedmiot\u00f3w, w tym stroj\u00f3w, nakry\u0107 g\u0142owy, okular\u00f3w, g\u0142os\u00f3w, obelg i&nbsp;nie tylko. W ka\u017cdej grze zdobywasz okruchy, kt\u00f3re mo\u017cesz wyda\u0107 w sklepie na pe\u0142ne stroje, elementy stroju, obelgi, d\u017awi\u0119ki i&nbsp;inne elementy! Gracze mog\u0105 dowolnie \u0142\u0105czy\u0107 przedmioty, aby stworzy\u0107 ptasi majstersztyk na miar\u0119 s\u0142ynnych malarzy takich jak Go\u0142\u0105bcasso i&nbsp;Leonardo da Wr\u00f3bel. <\/p>\n<p>Jeste\u015b na szczycie rankingu? Uda\u0142o Ci si\u0119 pokona\u0107 znajomych? Wydaj zas\u0142u\u017cone okruchy na obelgi w grze, aby wypomnie\u0107 innym go\u0142\u0119biom ich pora\u017cki \u2013 zwyci\u0119stwo nigdy nie smakowa\u0142o lepiej! <\/p>\n<p>Post\u0119py: <\/p>\n<p>Wykonuj wyzwania, aby odblokowa\u0107 opcje personalizacji swojego go\u0142\u0119bia i&nbsp;czyni\u0107 post\u0119py w ramach przepustki bojowej w grze. Zbieranie okruch\u00f3w i&nbsp;PD poprzez wzmocnienia, dodatkowe rundy bonusowe i&nbsp;przechodzenie rund pomog\u0105 Ci zosta\u0107 najbardziej stylowym ptakiem w stadzie! <\/p>\n<p>Mi\u0119dzyplatformowa gra wieloosobowa: <\/p>\n<p>Graj z&nbsp;nawet 30 go\u0142\u0119biami na dowolnej platformie. Niezale\u017cnie, na jakim urz\u0105dzeniu gra Tw\u00f3j znajomy, mo\u017cecie rywalizowa\u0107 ze sob\u0105 o&nbsp;tytu\u0142 najlepszego heavymetalowca!<\/p>\n<p><\/p>","protected":false},"excerpt":{"rendered":"<p>PRE-ORDER BONUS Be the best Pigeon in the coop! Show off your style with our Pre Order Exclusive Sombrero! Included in the preorder is a&nbsp;stylish Sombrero in Blue. Zdarzy\u0142o Ci si\u0119 spojrze\u0107 na go\u0142\u0119bia i&nbsp;pomy\u015ble\u0107: \u201eciekawe, co si\u0119 dzieje w jego g\u0142owie\u201d? Ju\u017c nie musisz si\u0119 zastanawia\u0107! W Headbangers Ty i&nbsp;29 innych graczy wcielacie si\u0119 [&hellip;]<\/p>\n","protected":false},"featured_media":693589,"comment_status":"closed","ping_status":"closed","template":"","meta":{"ub_ctt_via":""},"product_cat":[223],"product_tag":[218],"class_list":["post-692191","product","type-product","status-publish","has-post-thumbnail","hentry","product_cat-casual","product_tag-games","platform-steam-works"],"_links":{"self":[{"href":"https:\/\/neuvee.com\/pl\/wp-json\/wp\/v2\/product\/692191","targetHints":{"allow":["GET"]}}],"collection":[{"href":"https:\/\/neuvee.com\/pl\/wp-json\/wp\/v2\/product"}],"about":[{"href":"https:\/\/neuvee.com\/pl\/wp-json\/wp\/v2\/types\/product"}],"replies":[{"embeddable":true,"href":"https:\/\/neuvee.com\/pl\/wp-json\/wp\/v2\/comments?post=692191"}],"wp:featuredmedia":[{"embeddable":true,"href":"https:\/\/neuvee.com\/pl\/wp-json\/wp\/v2\/media\/693589"}],"wp:attachment":[{"href":"https:\/\/neuvee.com\/pl\/wp-json\/wp\/v2\/media?parent=692191"}],"wp:term":[{"taxonomy":"product_cat","embeddable":true,"href":"https:\/\/neuvee.com\/pl\/wp-json\/wp\/v2\/product_cat?post=692191"},{"taxonomy":"product_tag","embeddable":true,"href":"https:\/\/neuvee.com\/pl\/wp-json\/wp\/v2\/product_tag?post=692191"}],"curies":[{"name":"wp","href":"https:\/\/api.w.org\/{rel}","templated":true}]}}