{"id":689252,"date":"2023-09-30T07:46:56","date_gmt":"2023-09-30T07:46:56","guid":{"rendered":"https:\/\/neuvee.com\/?post_type=product&#038;p=689252"},"modified":"2025-05-19T13:59:58","modified_gmt":"2025-05-19T13:59:58","slug":"yooka-laylee-and-the-impossible-lair-6","status":"publish","type":"product","link":"https:\/\/neuvee.com\/pl\/product\/yooka-laylee-and-the-impossible-lair-6\/","title":{"rendered":"YOOKA-LAYLEE AND THE IMPOSSIBLE LAIR"},"content":{"rendered":"<p>Yooka i&nbsp;Laylee powracaj\u0105 w hybrydowej platformowej przygodzie <\/p>\n<p>Yooka-Laylee i&nbsp;Niemo\u017cliwe Legowisko to ca\u0142kiem nowa platformowa przygoda od tw\u00f3rc\u00f3w Donkey Kong Country. Wcielaj\u0105c si\u0119 w barwny duet, musisz pokona\u0107 seri\u0119 zachwycaj\u0105cych poziom\u00f3w 2,5D i&nbsp;odkrywa\u0107 nietuzinkowy \u015bwiat 3D pe\u0142en sekret\u00f3w i&nbsp;niespodzianek!<\/p>\n<p>Yooka i&nbsp;Laylee powracaj\u0105 w ca\u0142kiem nowej platformowej przygodzie od Playtonic Games! Gdy Capital B \u2013 arcywr\u00f3g dw\u00f3jki przyjaci\u00f3\u0142 \u2013 snuje intrygi, musz\u0105 raz jeszcze wkroczy\u0107 do akcji i&nbsp;uratowa\u0107 sytuacj\u0119. Aby udaremni\u0107 jego nikczemny plan wykorzystania urz\u0105dzenia \u201eRojoumys\u0142\u201d w celu podporz\u0105dkowania sobie kr\u00f3lestwa pszcz\u00f3\u0142, nasi bohaterowie musz\u0105 podj\u0105\u0107 walk\u0119 w \u201eNiemo\u017cliwym Legowisku\u201d Capitala B. Sytuacja wygl\u0105da gro\u017anie, ale z&nbsp;pomoc\u0105 Kr\u00f3lowej Phoebee i&nbsp;jej Kr\u00f3lewskiego Pszczo\u0142otalionu Yooka i&nbsp;Laylee maj\u0105 szans\u0119 wyj\u015b\u0107 ze starcia zwyci\u0119sko!<\/p>\n<p>&#8211; Platform\u00f3wka 2,5D! Ka\u017cdy poziom zawiera pi\u0119kn\u0105, bogat\u0105 grafik\u0119 o&nbsp;du\u017cym stopniu szczeg\u00f3\u0142owo\u015bci i&nbsp;g\u0142\u0119bi. Yook\u0119, Laylee i&nbsp;ca\u0142e mn\u00f3stwo barwnych postaci (dobrych i&nbsp;z\u0142ych) stworzono w osza\u0142amiaj\u0105cej technologii 2,5D.<\/p>\n<p>&#8211; \u015awiat w 3D! \u015awiat jest nie tylko miejscem mieszcz\u0105cym w sobie kolejne poziomy. Zapewnia zupe\u0142nie osobn\u0105 rozgrywk\u0119! Odkrywaj i&nbsp;odblokowuj wi\u0119cej poziom\u00f3w 2D, osi\u0105gaj\u0105c cele i&nbsp;rozwi\u0105zuj\u0105c \u0142amig\u0142\u00f3wki, ratuj\u0105c Kr\u00f3lewski Pszczo\u0142otalion i&nbsp;znajduj\u0105c przedmioty.<\/p>\n<p>&#8211; Alternatywne wersje poziom\u00f3w! My\u015blisz, \u017ce znasz jaki\u015b poziom? Spr\u00f3buj rozegra\u0107 jego alternatywn\u0105 wersj\u0119! U\u017cyj prze\u0142\u0105cznik\u00f3w w \u015bwiecie, by tworzy\u0107 nowe krajobrazy. Pod\u0142\u0105cz elektryczno\u015b\u0107, zanurz je w wodzie, zamro\u017a albo&nbsp;dos\u0142ownie wywr\u00f3\u0107 do g\u00f3ry nogami, tworz\u0105c ca\u0142kiem nowe wyzwania!<\/p>\n<p>&#8211; Starcie w Niemo\u017cliwym Legowisku! Gracze mog\u0105 podj\u0105\u0107 si\u0119 konfrontacji w Niemo\u017cliwym Legowisku Capitala B w dowolnym momencie. Tym niemniej bez pomocy Kr\u00f3lewskiego Pszczo\u0142otalionu mo\u017ce si\u0119 ona okaza\u0107 zbyt du\u017cym wyzwaniem. Uwalniaj pszczo\u0142y, ko\u0144cz\u0105c poziomy, a&nbsp;wzmocni\u0105 twoj\u0105 obron\u0119, gdy b\u0119dziesz pokonywa\u0107 podst\u0119pne pu\u0142apki Capitala B!<\/p>\n<p><\/p>","protected":false},"excerpt":{"rendered":"<p>Yooka i&nbsp;Laylee powracaj\u0105 w hybrydowej platformowej przygodzie Yooka-Laylee i&nbsp;Niemo\u017cliwe Legowisko to ca\u0142kiem nowa platformowa przygoda od tw\u00f3rc\u00f3w Donkey Kong Country. Wcielaj\u0105c si\u0119 w barwny duet, musisz pokona\u0107 seri\u0119 zachwycaj\u0105cych poziom\u00f3w 2,5D i&nbsp;odkrywa\u0107 nietuzinkowy \u015bwiat 3D pe\u0142en sekret\u00f3w i&nbsp;niespodzianek! Yooka i&nbsp;Laylee powracaj\u0105 w ca\u0142kiem nowej platformowej przygodzie od Playtonic Games! Gdy Capital B \u2013 arcywr\u00f3g dw\u00f3jki [&hellip;]<\/p>\n","protected":false},"featured_media":694324,"comment_status":"closed","ping_status":"closed","template":"","meta":{"ub_ctt_via":""},"product_cat":[127,221],"product_tag":[218],"class_list":["post-689252","product","type-product","status-publish","has-post-thumbnail","hentry","product_cat-adventure","product_cat-indie","product_tag-games","platform-steam-works"],"_links":{"self":[{"href":"https:\/\/neuvee.com\/pl\/wp-json\/wp\/v2\/product\/689252","targetHints":{"allow":["GET"]}}],"collection":[{"href":"https:\/\/neuvee.com\/pl\/wp-json\/wp\/v2\/product"}],"about":[{"href":"https:\/\/neuvee.com\/pl\/wp-json\/wp\/v2\/types\/product"}],"replies":[{"embeddable":true,"href":"https:\/\/neuvee.com\/pl\/wp-json\/wp\/v2\/comments?post=689252"}],"wp:featuredmedia":[{"embeddable":true,"href":"https:\/\/neuvee.com\/pl\/wp-json\/wp\/v2\/media\/694324"}],"wp:attachment":[{"href":"https:\/\/neuvee.com\/pl\/wp-json\/wp\/v2\/media?parent=689252"}],"wp:term":[{"taxonomy":"product_cat","embeddable":true,"href":"https:\/\/neuvee.com\/pl\/wp-json\/wp\/v2\/product_cat?post=689252"},{"taxonomy":"product_tag","embeddable":true,"href":"https:\/\/neuvee.com\/pl\/wp-json\/wp\/v2\/product_tag?post=689252"}],"curies":[{"name":"wp","href":"https:\/\/api.w.org\/{rel}","templated":true}]}}