{"id":689246,"date":"2023-09-30T07:44:58","date_gmt":"2023-09-30T07:44:58","guid":{"rendered":"https:\/\/neuvee.com\/?post_type=product&#038;p=689246"},"modified":"2025-05-19T13:59:10","modified_gmt":"2025-05-19T13:59:10","slug":"yokus-island-express-7","status":"publish","type":"product","link":"https:\/\/neuvee.com\/pl\/product\/yokus-island-express-7\/","title":{"rendered":"YOKU&#8217;S ISLAND EXPRESS"},"content":{"rendered":"<p>Yoku przyby\u0142 na Mokumana, aby zazna\u0107 \u0142atwego \u017cycia i&nbsp;s\u0142onecznej pogody, dostarczaj\u0105c paczki w tropikalnym raju!<\/p>\n<p>Jednak staro\u017cytne b\u00f3stwo wyspy jest uwi\u0119zione we \u015bnie, a&nbsp;Yoku musi przemierza\u0107 otwarty \u015bwiat wyspy, u\u017cywaj\u0105c innowacyjnej mechaniki flipper\u00f3w, aby pom\u00f3c mieszka\u0144com w potrzebie!<\/p>\n<p>Wciel si\u0119 w naszego ma\u0142ego bohatera i&nbsp;skacz oraz&nbsp;odbijaj si\u0119 od fliper\u00f3w na r\u0119cznie rysowanej wyspie. Podejmij si\u0119 misji odbudowania poczty i&nbsp;zbud\u017a stare b\u00f3stwo z&nbsp;g\u0142\u0119bokiego snu.<\/p>\n<p>FLIPPEROWA PRZYGODA W OTWARTYM \u015aWIECIE: Yoku\u2019s Island Express to nietypowe po\u0142\u0105czenie flippera z&nbsp;elementami gry platformowej. Rozgrywka jest nieliniowa, a&nbsp;gracz mo\u017ce wybra\u0107 w\u0142asn\u0105 \u015bcie\u017ck\u0119, wykonuj\u0105c liczne zadania. <\/p>\n<p>WITAJ NA WYSPIE MOKUMANA: Przemierzaj do woli liczne regiony wyspy, w tym tropikalne pla\u017ce, t\u0119tni\u0105ce \u017cyciem d\u017cungle, pokryte \u015bniegiem g\u00f3ry, tajemnicze jaskinie i&nbsp;paruj\u0105ce \u017ar\u00f3d\u0142a termalne!<\/p>\n<p>ODBLOKUJ NIESAMOWITE NOWE ZDOLNO\u015aCI: Pom\u00f3\u017c przyjaznym mieszka\u0144com wyspy i&nbsp;zdob\u0105d\u017a szereg nowych power-up\u00f3w! Wsysaj eksploduj\u0105ce \u015blimaki i&nbsp;bud\u017a \u015bpi\u0105cych mieszka\u0144c\u00f3w wioski za pomoc\u0105 Ha\u0142asowacza!<\/p>\n<p>WCI\u0104GAJ\u0104CA FABU\u0141A: Poznaj barwne postacie rozsiane po licznych w\u0105tkach fabularnych, odkrywaj\u0105c najwi\u0119ksze tajemnice wyspy. Mo\u017ce nawet zdo\u0142asz odbudowa\u0107 poczt\u0119!<\/p>\n<p>EPICKIE BITWY Z BOSSAMI: Przygotuj si\u0119 na walk\u0119 z&nbsp;ogromnymi bossami i&nbsp;zadaj ostateczny cios zaufan\u0105 kulk\u0105 Yoku.<\/p>\n<p>PI\u0118KNA GRAFIKA: Naciesz oczy zapieraj\u0105cymi dech w piersiach, r\u0119cznie rysowanymi krajobrazami stworzonymi przez do\u015bwiadczonych grafik\u00f3w komputerowych.<\/p>","protected":false},"excerpt":{"rendered":"<p>Yoku przyby\u0142 na Mokumana, aby zazna\u0107 \u0142atwego \u017cycia i&nbsp;s\u0142onecznej pogody, dostarczaj\u0105c paczki w tropikalnym raju! Jednak staro\u017cytne b\u00f3stwo wyspy jest uwi\u0119zione we \u015bnie, a&nbsp;Yoku musi przemierza\u0107 otwarty \u015bwiat wyspy, u\u017cywaj\u0105c innowacyjnej mechaniki flipper\u00f3w, aby pom\u00f3c mieszka\u0144com w potrzebie! Wciel si\u0119 w naszego ma\u0142ego bohatera i&nbsp;skacz oraz&nbsp;odbijaj si\u0119 od fliper\u00f3w na r\u0119cznie rysowanej wyspie. Podejmij si\u0119 [&hellip;]<\/p>\n","protected":false},"featured_media":694325,"comment_status":"closed","ping_status":"closed","template":"","meta":{"ub_ctt_via":""},"product_cat":[127,221],"product_tag":[218],"class_list":["post-689246","product","type-product","status-publish","has-post-thumbnail","hentry","product_cat-adventure","product_cat-indie","product_tag-games","platform-steam-works"],"_links":{"self":[{"href":"https:\/\/neuvee.com\/pl\/wp-json\/wp\/v2\/product\/689246","targetHints":{"allow":["GET"]}}],"collection":[{"href":"https:\/\/neuvee.com\/pl\/wp-json\/wp\/v2\/product"}],"about":[{"href":"https:\/\/neuvee.com\/pl\/wp-json\/wp\/v2\/types\/product"}],"replies":[{"embeddable":true,"href":"https:\/\/neuvee.com\/pl\/wp-json\/wp\/v2\/comments?post=689246"}],"wp:featuredmedia":[{"embeddable":true,"href":"https:\/\/neuvee.com\/pl\/wp-json\/wp\/v2\/media\/694325"}],"wp:attachment":[{"href":"https:\/\/neuvee.com\/pl\/wp-json\/wp\/v2\/media?parent=689246"}],"wp:term":[{"taxonomy":"product_cat","embeddable":true,"href":"https:\/\/neuvee.com\/pl\/wp-json\/wp\/v2\/product_cat?post=689246"},{"taxonomy":"product_tag","embeddable":true,"href":"https:\/\/neuvee.com\/pl\/wp-json\/wp\/v2\/product_tag?post=689246"}],"curies":[{"name":"wp","href":"https:\/\/api.w.org\/{rel}","templated":true}]}}