{"id":689164,"date":"2023-09-30T07:39:20","date_gmt":"2023-09-30T07:39:20","guid":{"rendered":"https:\/\/neuvee.com\/?post_type=product&#038;p=689164"},"modified":"2025-05-19T13:35:52","modified_gmt":"2025-05-19T13:35:52","slug":"worms-w-m-d-6","status":"publish","type":"product","link":"https:\/\/neuvee.com\/pl\/product\/worms-w-m-d-6\/","title":{"rendered":"WORMS W.M.D"},"content":{"rendered":"<p>Robale powr\u00f3ci\u0142y w najbardziej niszczycielskiej grze z&nbsp;tej serii.  Worms W.M.D to najlepsza w historii gra o&nbsp;robalach. Ma wspania\u0142\u0105, r\u0119cznie stworzon\u0105 grafik\u0119 2D, now\u0105 funkcj\u0119 tworzenia przedmiot\u00f3w, nowe rodzaje broni, pojazdy i&nbsp;budynki. Przywr\u00f3cono kilka ulubionych klasycznych rodzaj\u00f3w broni i&nbsp;funkcji. <\/p>\n<p>Przedzieraj si\u0119 przez 30 poziom\u00f3w o&nbsp;rosn\u0105cym stopniu trudno\u015bci, korzystaj\u0105c z&nbsp;ogromnego arsena\u0142u nowych i&nbsp;klasycznych broni. D\u0105\u017c\u0105c do zdominowania pola walki wykorzystuj pojazdy do siania zam\u0119tu w szeregach wrog\u00f3w i&nbsp;zyskuj przewag\u0119 taktyczn\u0105 za pomoc\u0105 budynk\u00f3w!<\/p>\n<p>Zmierz si\u0119 z&nbsp;maksymalnie 5 przeciwnikami w zabawnych walkach z&nbsp;udzia\u0142em do 8 robali. Graj w trybie wieloosobowym \u2013 lokalnie lub&nbsp;przez Internet \u2013 tak\u017ce z&nbsp;rankingiem graczy.  Rozp\u0142aszcz przeciwnik\u00f3w przy pomocy Betonowego Os\u0142a. \u015awi\u0119ty Granat R\u0119czny zmieni ich w robalowe mi\u0119so.  Otw\u00f3rz ogie\u0144 z&nbsp;helikopter\u00f3w albo&nbsp;zniszcz wrog\u00f3w czo\u0142giem.  Dzi\u0119ki 80 rodzajom broni i&nbsp;narz\u0119dzi ta wersja Worms zapewnia maksymalny poziom chaosu!<\/p>\n<p>&#8211; Pi\u0119kna grafika 2D \u2013 najlepsza do tej pory realizacja pomys\u0142u robali ze wspania\u0142ym projektem graficznym 2D, namalowanym cyfrowo.<br \/>\n&#8211; Pojazdy \u2013 wsp\u00f3\u0142czesne starcia robali staj\u0105 si\u0119 powa\u017cniejsze, gdy\u017c&nbsp;po raz pierwszy w tej serii gier pojawia\u0142y si\u0119 pojazdy. Dla przyk\u0142adu, zdominuj pole bitwy dzi\u0119ki gotowym do walki czo\u0142gom i&nbsp;zalej przeciwnikiem piekielnym ogniem z&nbsp;helikopter\u00f3w!<br \/>\n&#8211; Budynki \u2013 zyskaj przewag\u0119 taktyczn\u0105 ukrywaj\u0105c swoje robale w budynku i&nbsp;chroni\u0105c je przed bezpo\u015brednimi atakami!<br \/>\n&#8211; Tworzenie przedmiot\u00f3w \u2013 Ju\u017c nie musisz bezczynnie czeka\u0107, a\u017c przeciwnicy wykonaj\u0105 kolejno swoje ruchy! Przechwytuj spadaj\u0105ce z&nbsp;nieba skrzynie materia\u0142\u00f3w i&nbsp;tw\u00f3rz diabelsko udoskonalone wersje takich przedmiot\u00f3w, jak Elektryczna Owca, Ciasto Bazooka i&nbsp;\u015awi\u0119ta Mina, i&nbsp;u\u017cywaj ich przeciw nieprzyjacio\u0142om!<br \/>\n&#8211; Klasyczne dla Worms zasady gry i&nbsp;fizyki \u2013 nasz ca\u0142kiem nowy silnik odtwarza uwielbian\u0105 przez fan\u00f3w atmosfer\u0119 gier z&nbsp;tej serii. Mamy te\u017c z&nbsp;powrotem klasyczn\u0105 Lin\u0119 Ninja.<br \/>\n&#8211; Nowe i&nbsp;klasyczne rodzaje broni \u2013 do dyspozycji jest ponad 80 broni i&nbsp;narz\u0119dzi, zar\u00f3wno dawna klasyka, jak i&nbsp;nowe dodatki, na przyk\u0142ad Kiepska Bateria Telefonu, Niechciany Prezent i&nbsp;Nalot OMG.<br \/>\n&#8211; Dzia\u0142ka: Jak gdyby 80 rodzaj\u00f3w broni i&nbsp;narz\u0119dzi nie wystarcza\u0142o! W terenie znajduj\u0105 si\u0119 rozmaite dzia\u0142ka, dzi\u0119ki kt\u00f3rym twoje wojownicze robale mog\u0105 sia\u0107 jeszcze WI\u0118KSZE zniszczenie!<br \/>\n&#8211; Zabawny tryb jednego gracza oraz&nbsp;walka wieloosobowa \u2013 lokalnie lub&nbsp;przez Internet. Worms W.M.D zapewnia pot\u0119\u017cny arsena\u0142 misji szkoleniowych, misji bojowych i&nbsp;zada\u0144 dla jednego gracza. \u0106wicz wi\u0119c, a&nbsp;potem siej zam\u0119t w trybach wieloosobowych, \u0142\u0105cznie z&nbsp;gr\u0105 z&nbsp;rankingiem, gdzie walczy maksymalnie 6 graczy, ka\u017cdy z&nbsp;8 robalami!<\/p>","protected":false},"excerpt":{"rendered":"<p>Robale powr\u00f3ci\u0142y w najbardziej niszczycielskiej grze z&nbsp;tej serii. Worms W.M.D to najlepsza w historii gra o&nbsp;robalach. Ma wspania\u0142\u0105, r\u0119cznie stworzon\u0105 grafik\u0119 2D, now\u0105 funkcj\u0119 tworzenia przedmiot\u00f3w, nowe rodzaje broni, pojazdy i&nbsp;budynki. Przywr\u00f3cono kilka ulubionych klasycznych rodzaj\u00f3w broni i&nbsp;funkcji. Przedzieraj si\u0119 przez 30 poziom\u00f3w o&nbsp;rosn\u0105cym stopniu trudno\u015bci, korzystaj\u0105c z&nbsp;ogromnego arsena\u0142u nowych i&nbsp;klasycznych broni. D\u0105\u017c\u0105c do zdominowania [&hellip;]<\/p>\n","protected":false},"featured_media":689493,"comment_status":"closed","ping_status":"closed","template":"","meta":{"ub_ctt_via":""},"product_cat":[88,222],"product_tag":[218],"class_list":["post-689164","product","type-product","status-publish","has-post-thumbnail","hentry","product_cat-action","product_cat-strategy","product_tag-games","platform-steam-works"],"_links":{"self":[{"href":"https:\/\/neuvee.com\/pl\/wp-json\/wp\/v2\/product\/689164","targetHints":{"allow":["GET"]}}],"collection":[{"href":"https:\/\/neuvee.com\/pl\/wp-json\/wp\/v2\/product"}],"about":[{"href":"https:\/\/neuvee.com\/pl\/wp-json\/wp\/v2\/types\/product"}],"replies":[{"embeddable":true,"href":"https:\/\/neuvee.com\/pl\/wp-json\/wp\/v2\/comments?post=689164"}],"wp:featuredmedia":[{"embeddable":true,"href":"https:\/\/neuvee.com\/pl\/wp-json\/wp\/v2\/media\/689493"}],"wp:attachment":[{"href":"https:\/\/neuvee.com\/pl\/wp-json\/wp\/v2\/media?parent=689164"}],"wp:term":[{"taxonomy":"product_cat","embeddable":true,"href":"https:\/\/neuvee.com\/pl\/wp-json\/wp\/v2\/product_cat?post=689164"},{"taxonomy":"product_tag","embeddable":true,"href":"https:\/\/neuvee.com\/pl\/wp-json\/wp\/v2\/product_tag?post=689164"}],"curies":[{"name":"wp","href":"https:\/\/api.w.org\/{rel}","templated":true}]}}