{"id":688919,"date":"2023-09-30T07:19:12","date_gmt":"2023-09-30T07:19:12","guid":{"rendered":"https:\/\/neuvee.com\/?post_type=product&#038;p=688919"},"modified":"2025-05-19T14:39:54","modified_gmt":"2025-05-19T14:39:54","slug":"worms-rumble-6","status":"publish","type":"product","link":"https:\/\/neuvee.com\/pl\/product\/worms-rumble-6\/","title":{"rendered":"WORMS RUMBLE"},"content":{"rendered":"<p>Worms Rumble to nowe mi\u0119dzyplatformowe Wormsy, w kt\u00f3rych 32 graczy toczy na arenach bitwy w czasie rzeczywistym. Tryby Deathmatch i&nbsp;Ostatni robal na mapie zapewniaj\u0105 solidn\u0105 dawk\u0119 emocji \u2013 w ka\u017cdej chwili \u015bwi\u0119ty granat r\u0119czny mo\u017ce odes\u0142a\u0107 Ci\u0119 do robaczych za\u015bwiat\u00f3w!\u00a0<br \/>\nU\u017cywaj ulubionych broni, takich jak bazooka, strzelba i&nbsp;wyrzutnia owiec, a&nbsp;tak\u017ce nowych element\u00f3w arsena\u0142u, dzi\u0119ki kt\u00f3rym przerobisz bezkr\u0119gowych rywali na miazg\u0119 i&nbsp;zostawisz konkurencj\u0119 w tyle. Spersonalizuj swojego robala, bierz udzia\u0142 w wyzwaniach oraz&nbsp;sezonowych wydarzeniach i&nbsp;eksperymentuj z&nbsp;nowymi mechanizmami rozgrywki w Laboratorium. To Wormsy, jakich \u015bwiat jeszcze nie widzia\u0142.\u00a0\u00a0<br \/>\nPierwsze Wormsy w czasie rzeczywistym!\u00a0<br \/>\nZapomnij o&nbsp;turach \u2013 ka\u017cda runda w Worms Rumble toczy si\u0119 w CZASIE RZECZYWISTYM! Przeciwnicy zasypuj\u0105 Ci\u0119 gradem pocisk\u00f3w? Nie musisz czeka\u0107 \u2013 od razu odp\u0142a\u0107 im pi\u0119knym za nadobne!\u00a0<br \/>\nMi\u0119dzyplatformowa gra wieloosobowa dla 32 graczy\u00a0<br \/>\nPrzygotuj si\u0119 na potyczki online z&nbsp;udzia\u0142em graczy konsolowych i&nbsp;komputerowych. W dniu premiery dost\u0119pne b\u0119d\u0105 tryby Deathmatch i&nbsp;Ostatni robal na mapie z&nbsp;mo\u017cliwo\u015bci\u0105 walki w pojedynk\u0119 lub&nbsp;w dru\u017cynie!\u00a0<br \/>\nKlasyczny arsena\u0142 i&nbsp;nowe narz\u0119dzia zniszczenia\u00a0<br \/>\nKorzystaj z&nbsp;nowego uzbrojenia i&nbsp;popularnych broni z&nbsp;poprzednich tytu\u0142\u00f3w \u2013 od klasycznych narz\u0119dzi zniszczenia, takich jak bazooka, \u015bwi\u0119ty granat r\u0119czny czy wyrzutnia owiec, po nowo\u015bci: rekina-m\u0142ota, miotacz plazmy i&nbsp;tarcz\u0119 rakietow\u0105.\u00a0<br \/>\nWydarzenia, wyzwania i&nbsp;\u201eLaboratorium\u201d\u00a0<br \/>\nBierz udzia\u0142 w wydarzeniach sezonowych i&nbsp;spo\u0142eczno\u015bciowych oraz&nbsp;w codziennych wyzwaniach, aby zdobywa\u0107 dodatkowe PD i&nbsp;nagrody w grze. Eksperymentuj z&nbsp;nowymi mechanikami rozgrywki i&nbsp;elementami arsena\u0142u w Laboratorium. Co tydzie\u0144 pojawiaj\u0105 si\u0119 nowe eksperymentalne tryby gry z&nbsp;nowymi pomys\u0142ami na rozgrywk\u0119!<br \/>\nOpcje personalizacji\u00a0<br \/>\nZdobywaj PD i&nbsp;walut\u0119 w grze, aby odblokowa\u0107 i&nbsp;kupowa\u0107 sk\u00f3rki broni, stroje, akcesoria i&nbsp;emotki! Dobieraj elementy, aby stworzy\u0107 w\u0142asny styl, kt\u00f3ry b\u0119dzie Twoim znakiem rozpoznawczym na polu bitwy.\u00a0<br \/>\nJu\u017c teraz zapisz si\u0119 do zamkni\u0119tych test\u00f3w wersji beta!<br \/>\nZapisz si\u0119, aby otrzyma\u0107 wy\u0142\u0105czny dost\u0119p do zamkni\u0119tych test\u00f3w wersji beta gry Worms Rumble! Przygotuj si\u0119 na potyczki w Centrum rakiet w dniach od 8 do 12 lipca.<br \/>\nDo\u0142\u0105cz do test\u00f3w wersji beta tutaj:<\/p>\n<p><\/p>","protected":false},"excerpt":{"rendered":"<p>Worms Rumble to nowe mi\u0119dzyplatformowe Wormsy, w kt\u00f3rych 32 graczy toczy na arenach bitwy w czasie rzeczywistym. Tryby Deathmatch i&nbsp;Ostatni robal na mapie zapewniaj\u0105 solidn\u0105 dawk\u0119 emocji \u2013 w ka\u017cdej chwili \u015bwi\u0119ty granat r\u0119czny mo\u017ce odes\u0142a\u0107 Ci\u0119 do robaczych za\u015bwiat\u00f3w!\u00a0 U\u017cywaj ulubionych broni, takich jak bazooka, strzelba i&nbsp;wyrzutnia owiec, a&nbsp;tak\u017ce nowych element\u00f3w arsena\u0142u, dzi\u0119ki kt\u00f3rym [&hellip;]<\/p>\n","protected":false},"featured_media":689601,"comment_status":"closed","ping_status":"closed","template":"","meta":{"ub_ctt_via":""},"product_cat":[88,116],"product_tag":[218],"class_list":["post-688919","product","type-product","status-publish","has-post-thumbnail","hentry","product_cat-action","product_cat-shooter","product_tag-games","platform-steam-works"],"_links":{"self":[{"href":"https:\/\/neuvee.com\/pl\/wp-json\/wp\/v2\/product\/688919","targetHints":{"allow":["GET"]}}],"collection":[{"href":"https:\/\/neuvee.com\/pl\/wp-json\/wp\/v2\/product"}],"about":[{"href":"https:\/\/neuvee.com\/pl\/wp-json\/wp\/v2\/types\/product"}],"replies":[{"embeddable":true,"href":"https:\/\/neuvee.com\/pl\/wp-json\/wp\/v2\/comments?post=688919"}],"wp:featuredmedia":[{"embeddable":true,"href":"https:\/\/neuvee.com\/pl\/wp-json\/wp\/v2\/media\/689601"}],"wp:attachment":[{"href":"https:\/\/neuvee.com\/pl\/wp-json\/wp\/v2\/media?parent=688919"}],"wp:term":[{"taxonomy":"product_cat","embeddable":true,"href":"https:\/\/neuvee.com\/pl\/wp-json\/wp\/v2\/product_cat?post=688919"},{"taxonomy":"product_tag","embeddable":true,"href":"https:\/\/neuvee.com\/pl\/wp-json\/wp\/v2\/product_tag?post=688919"}],"curies":[{"name":"wp","href":"https:\/\/api.w.org\/{rel}","templated":true}]}}