{"id":688877,"date":"2023-09-30T06:56:07","date_gmt":"2023-09-30T06:56:07","guid":{"rendered":"https:\/\/neuvee.com\/?post_type=product&#038;p=688877"},"modified":"2025-05-19T13:40:51","modified_gmt":"2025-05-19T13:40:51","slug":"worms-revolution-funfair-dlc-2","status":"publish","type":"product","link":"https:\/\/neuvee.com\/pl\/product\/worms-revolution-funfair-dlc-2\/","title":{"rendered":"WORMS REVOLUTION &#8211; FUNFAIR DLC"},"content":{"rendered":"<p>Aby uruchomi\u0107 t\u0119 zawarto\u015b\u0107, wymagana jest podstawowa wersja gry Worms Revolution.<\/p>\n<p>Do walki, do walki! Ciesz si\u0119 zabaw\u0105 w nowym motywie oraz&nbsp;5 nowymi \u0142amig\u0142\u00f3wkami. Poznaj nowe \u0142amig\u0142\u00f3wki, bro\u0144, opcje modyfikacji i&nbsp;nie tylko:<\/p>\n<p>&#8211; Nowe misje \u0142amig\u0142\u00f3wkowe. 5 nowych misji \u0142amig\u0142\u00f3wkowych gry solowej osadzonych w nowym motywie Weso\u0142ego miasteczka.<br \/>\n&#8211; Motyw Weso\u0142ego miasteczka. Nowy osza\u0142amiaj\u0105cy motyw Weso\u0142e miasteczko do gry Worms\u2122 Revolution, kt\u00f3ry mo\u017cna wykorzysta\u0107 w grach lokalnych i&nbsp;online.<br \/>\n&#8211; 4 nowe rodzaje broni. Armagedon, Skunks, Atak napalmowy oraz&nbsp;doskona\u0142y Nokaut.<br \/>\n&#8211; Modyfikacja zwi\u0105zana z&nbsp;motywem Weso\u0142ego miasteczka. 2 nowe ozdoby, 2 nowe akcesoria, 1 nowy nagrobek i&nbsp;1 bank d\u017awi\u0119k\u00f3w.<br \/>\n&#8211; Doskona\u0142y lektor. Matt Berry ponownie wciela si\u0119 w rol\u0119 Dona Keystone\u2019a \u2013 niewidocznego narratora, kt\u00f3ry poprowadzi gracza przez 5 nowych misji \u0142amig\u0142\u00f3wkowych.<\/p>","protected":false},"excerpt":{"rendered":"<p>Aby uruchomi\u0107 t\u0119 zawarto\u015b\u0107, wymagana jest podstawowa wersja gry Worms Revolution. Do walki, do walki! Ciesz si\u0119 zabaw\u0105 w nowym motywie oraz&nbsp;5 nowymi \u0142amig\u0142\u00f3wkami. Poznaj nowe \u0142amig\u0142\u00f3wki, bro\u0144, opcje modyfikacji i&nbsp;nie tylko: &#8211; Nowe misje \u0142amig\u0142\u00f3wkowe. 5 nowych misji \u0142amig\u0142\u00f3wkowych gry solowej osadzonych w nowym motywie Weso\u0142ego miasteczka. &#8211; Motyw Weso\u0142ego miasteczka. Nowy osza\u0142amiaj\u0105cy motyw [&hellip;]<\/p>\n","protected":false},"featured_media":690481,"comment_status":"closed","ping_status":"closed","template":"","meta":{"ub_ctt_via":""},"product_cat":[222],"product_tag":[218],"class_list":["post-688877","product","type-product","status-publish","has-post-thumbnail","hentry","product_cat-strategy","product_tag-games","platform-steam-works"],"_links":{"self":[{"href":"https:\/\/neuvee.com\/pl\/wp-json\/wp\/v2\/product\/688877","targetHints":{"allow":["GET"]}}],"collection":[{"href":"https:\/\/neuvee.com\/pl\/wp-json\/wp\/v2\/product"}],"about":[{"href":"https:\/\/neuvee.com\/pl\/wp-json\/wp\/v2\/types\/product"}],"replies":[{"embeddable":true,"href":"https:\/\/neuvee.com\/pl\/wp-json\/wp\/v2\/comments?post=688877"}],"wp:featuredmedia":[{"embeddable":true,"href":"https:\/\/neuvee.com\/pl\/wp-json\/wp\/v2\/media\/690481"}],"wp:attachment":[{"href":"https:\/\/neuvee.com\/pl\/wp-json\/wp\/v2\/media?parent=688877"}],"wp:term":[{"taxonomy":"product_cat","embeddable":true,"href":"https:\/\/neuvee.com\/pl\/wp-json\/wp\/v2\/product_cat?post=688877"},{"taxonomy":"product_tag","embeddable":true,"href":"https:\/\/neuvee.com\/pl\/wp-json\/wp\/v2\/product_tag?post=688877"}],"curies":[{"name":"wp","href":"https:\/\/api.w.org\/{rel}","templated":true}]}}