{"id":688875,"date":"2023-09-30T06:55:28","date_gmt":"2023-09-30T06:55:28","guid":{"rendered":"https:\/\/neuvee.com\/?post_type=product&#038;p=688875"},"modified":"2025-05-19T14:42:14","modified_gmt":"2025-05-19T14:42:14","slug":"worms-revolution-3","status":"publish","type":"product","link":"https:\/\/neuvee.com\/pl\/product\/worms-revolution-3\/","title":{"rendered":"WORMS REVOLUTION"},"content":{"rendered":"<p>Worms\u2122 Revolution to najnowsza ods\u0142ona klasycznej strategicznej gry turowej na PC, zawieraj\u0105ca nowe ekscytuj\u0105ce funkcje, wyposa\u017cona w doskona\u0142\u0105 grafik\u0119 3D i&nbsp;jednocze\u015bnie zachowuj\u0105ca tak uwielbian\u0105 przez fan\u00f3w klasyczn\u0105 rozgrywk\u0119 dwuwymiarow\u0105. Rozegraj rozbudowany tryb rozgrywki solowej zawieraj\u0105cy misje kampanii oraz&nbsp;\u0142amig\u0142\u00f3wki lub&nbsp;wybierz walk\u0119 w trybie wieloosobowym w grze online lub&nbsp;lokalnej. Po raz pierwszy w historii gry pojawia si\u0119 dynamiczna woda, obiekty fizyczne oraz&nbsp;klasy robali! Zmodyfikuj rozgrywk\u0119, wybieraj\u0105c klasy i&nbsp;wygl\u0105d robali, a&nbsp;nawet spos\u00f3b ich mowy! <\/p>\n<p>Worms\u2122 Revolution jest jak wybuchaj\u0105ca owca w \u015brodku robaczej bitwy, kt\u00f3rej eksplozja prowadzi wprost do XXI wieku.<\/p>\n<p>&#8211; R\u00f3\u017cne klasy robali! Do wyboru s\u0105 4 r\u00f3\u017cne klasy: \u017bo\u0142nierz, Zwiadowca, Naukowiec i&nbsp;Stra\u017cnik. Gracze mog\u0105 odblokowa\u0107 dla swojej dru\u017cyny w sumie 16 robali (po 4 z&nbsp;ka\u017cdej klasy). Do gry mo\u017cna wprowadzi\u0107 dowoln\u0105 kombinacj\u0119 klas robali.<br \/>\n&#8211; Mo\u017cliwo\u015b\u0107 modyfikacji robali! Zmodyfikuj swoje robale, korzystaj\u0105c z&nbsp;r\u00f3\u017cnych nakry\u0107 g\u0142owy, okular\u00f3w, w\u0105s\u00f3w, p\u0142yt nagrobnych, ta\u0144c\u00f3w zwyci\u0119stwa, bank\u00f3w d\u017awi\u0119ku oraz&nbsp;(po raz pierwszy) ozd\u00f3b!<br \/>\n&#8211; Rozbudowany tryb gry solowej. Rozegraj 32 misje Kampanii w grze pojedynczej. Chcesz po\u0107wiczy\u0107 zar\u00f3wno szare kom\u00f3rki, jak i&nbsp;mi\u0119\u015bnie? Czeka na ciebie 20 misji \u0142amig\u0142\u00f3wkowych!<br \/>\n&#8211; Nowe niezwyk\u0142e krajobrazy. Walcz na \u015bmier\u0107 i&nbsp;\u017cycie w 4 wyj\u0105tkowych sceneriach. Dost\u0119pne s\u0105: Pla\u017ca, Kana\u0142 \u015bciekowy, Podw\u00f3rko oraz&nbsp;Strach.<br \/>\n&#8211; Bitwy wieloosobowe! Zagraj lokalnie lub&nbsp;online z&nbsp;4 graczami. Do wyboru s\u0105 3 r\u00f3\u017cne tryby rozgrywki: Deathmatch, Forty i&nbsp;Klasyczny.<br \/>\n&#8211; Dynamiczna woda. Dynamiczna woda zapewnia mo\u017cliwo\u015b\u0107 zastosowania szeregu nowych broni i&nbsp;wyposa\u017cenia, a&nbsp;czasami pojawia si\u0119 od pocz\u0105tku w krajobrazie rozgrywki.<br \/>\n&#8211; Wybuchaj\u0105ce obiekty fizyczne! Obiekty fizyczne to niezniszczalne elementy posiadaj\u0105ce niszczycielskie cechy i&nbsp;maj\u0105ce r\u00f3\u017cne w\u0142a\u015bciwo\u015bci po wybuchu. Mog\u0105 spowodowa\u0107 po\u017car, uwolni\u0107 trucizn\u0119 lub&nbsp;wod\u0119!<br \/>\n&#8211; Nowa bro\u0144. Zatop wrogie robale, korzystaj\u0105c z&nbsp;nowych broni wodnych: Bomby wodnej, Pistoletu na wod\u0119 i&nbsp;Wodnego ataku. Dynamiczn\u0105 wod\u0119 mo\u017cna usun\u0105\u0107, korzystaj\u0105c z&nbsp;nowego sprz\u0119tu, jakim jest Odp\u0142yw. Dost\u0119pny r\u00f3wnie\u017c Napad, kt\u00f3ry pozwala wykrada\u0107 przeciwnikom rzeczy z&nbsp;ekwipunku oraz&nbsp;Klucz umo\u017cliwiaj\u0105cy napraw\u0119 Dzia\u0142ek stra\u017cniczych i&nbsp;obiekt\u00f3w fizycznych.<br \/>\n&#8211; Zabawne teksty i&nbsp;doskona\u0142y lektor.  W grze Worms\u2122 Revolution spotykaj\u0105 si\u0119 dwie legendarne komediowe postacie nadaj\u0105ce \u017cycie zabawnemu \u015bwiatu robali. Autorem tekst\u00f3w jest wielokrotny zdobywca nagr\u00f3d BAFTA Dean Wilkinson, a&nbsp;w humorystyczny spos\u00f3b wypowiada je utalentowany Matt Berry, wcielaj\u0105cy si\u0119 w rol\u0119 niewidocznego narratora gry, dokumentalisty przyrodniczego Dona Keystone\u2019a.<br \/>\n&#8211; Edytor poziom\u00f3w. Edytor poziom\u00f3w umo\u017cliwia projektowanie w\u0142asnych map do gry wieloosobowej. Zestaw r\u00f3\u017cnych narz\u0119dzi graficznych (takich jak narz\u0119dzia do rysowanie swobodnego, linii oraz&nbsp;wype\u0142niania) pozwala na stworzenie ka\u017cdego kszta\u0142tu, jaki sobie wyobrazisz. Mo\u017cna tworzy\u0107 mapy w dowolnym \u015brodowisku gry i&nbsp;umieszcza\u0107 na niej r\u00f3\u017cne elementy, w szczeg\u00f3lno\u015bci punkty ustawienia robali, obiekt\u00f3w fizycznych oraz&nbsp;dynamicznej wody. Dwie kamery do wyboru (ortogonalna i&nbsp;3D) umo\u017cliwiaj\u0105 zaprojektowanie szkieletu, a&nbsp;nast\u0119pnie dopracowanie szczeg\u00f3\u0142\u00f3w. Mapy mo\u017cna zapisywa\u0107 na dysku i&nbsp;wczytywa\u0107 za po\u015brednictwem losowego generatora krajobraz\u00f3w.<\/p>","protected":false},"excerpt":{"rendered":"<p>Worms\u2122 Revolution to najnowsza ods\u0142ona klasycznej strategicznej gry turowej na PC, zawieraj\u0105ca nowe ekscytuj\u0105ce funkcje, wyposa\u017cona w doskona\u0142\u0105 grafik\u0119 3D i&nbsp;jednocze\u015bnie zachowuj\u0105ca tak uwielbian\u0105 przez fan\u00f3w klasyczn\u0105 rozgrywk\u0119 dwuwymiarow\u0105. Rozegraj rozbudowany tryb rozgrywki solowej zawieraj\u0105cy misje kampanii oraz&nbsp;\u0142amig\u0142\u00f3wki lub&nbsp;wybierz walk\u0119 w trybie wieloosobowym w grze online lub&nbsp;lokalnej. Po raz pierwszy w historii gry pojawia si\u0119 [&hellip;]<\/p>\n","protected":false},"featured_media":690448,"comment_status":"closed","ping_status":"closed","template":"","meta":{"ub_ctt_via":""},"product_cat":[15],"product_tag":[218],"class_list":["post-688875","product","type-product","status-publish","has-post-thumbnail","hentry","product_cat-uncategorized","product_tag-games","platform-steam-works"],"_links":{"self":[{"href":"https:\/\/neuvee.com\/pl\/wp-json\/wp\/v2\/product\/688875","targetHints":{"allow":["GET"]}}],"collection":[{"href":"https:\/\/neuvee.com\/pl\/wp-json\/wp\/v2\/product"}],"about":[{"href":"https:\/\/neuvee.com\/pl\/wp-json\/wp\/v2\/types\/product"}],"replies":[{"embeddable":true,"href":"https:\/\/neuvee.com\/pl\/wp-json\/wp\/v2\/comments?post=688875"}],"wp:featuredmedia":[{"embeddable":true,"href":"https:\/\/neuvee.com\/pl\/wp-json\/wp\/v2\/media\/690448"}],"wp:attachment":[{"href":"https:\/\/neuvee.com\/pl\/wp-json\/wp\/v2\/media?parent=688875"}],"wp:term":[{"taxonomy":"product_cat","embeddable":true,"href":"https:\/\/neuvee.com\/pl\/wp-json\/wp\/v2\/product_cat?post=688875"},{"taxonomy":"product_tag","embeddable":true,"href":"https:\/\/neuvee.com\/pl\/wp-json\/wp\/v2\/product_tag?post=688875"}],"curies":[{"name":"wp","href":"https:\/\/api.w.org\/{rel}","templated":true}]}}