{"id":688870,"date":"2023-09-30T07:22:17","date_gmt":"2023-09-30T07:22:17","guid":{"rendered":"https:\/\/neuvee.com\/?post_type=product&#038;p=688870"},"modified":"2025-05-19T13:47:51","modified_gmt":"2025-05-19T13:47:51","slug":"worms-rumble-legends-pack-2","status":"publish","type":"product","link":"https:\/\/neuvee.com\/pl\/product\/worms-rumble-legends-pack-2\/","title":{"rendered":"WORMS RUMBLE &#8211; LEGENDS PACK"},"content":{"rendered":"<p>\u015awi\u0119tuj 25-lecie kultowych Worms\u00f3w z&nbsp;pakietem Legends! Zmie\u0144 wygl\u0105d swojego robala, korzystaj\u0105c z&nbsp;niezwyk\u0142ych stroj\u00f3w, sk\u00f3rek broni i&nbsp;sztandar\u00f3w.<br \/>\n&#8222;Zawarto\u015b\u0107 pakietu:  <\/p>\n<p>\u2022\t6 stroj\u00f3w \u2014 Komandos retro, Owca, Osio\u0142, Skunks, Krowa i&nbsp;Go\u0142\u0105b (ka\u017cdy w 3 odmianach kolorystycznych!)<br \/>\n\u2022\t6 sk\u00f3rek broni \u2014 Retro, We\u0142niana, Betonowa, Trucizna, Wo\u0142owa, Pi\u00f3ra<br \/>\n\u2022\t6 sztandar\u00f3w<\/p>\n<p><\/p>","protected":false},"excerpt":{"rendered":"<p>\u015awi\u0119tuj 25-lecie kultowych Worms\u00f3w z&nbsp;pakietem Legends! Zmie\u0144 wygl\u0105d swojego robala, korzystaj\u0105c z&nbsp;niezwyk\u0142ych stroj\u00f3w, sk\u00f3rek broni i&nbsp;sztandar\u00f3w. &#8222;Zawarto\u015b\u0107 pakietu: \u2022 6 stroj\u00f3w \u2014 Komandos retro, Owca, Osio\u0142, Skunks, Krowa i&nbsp;Go\u0142\u0105b (ka\u017cdy w 3 odmianach kolorystycznych!) \u2022 6 sk\u00f3rek broni \u2014 Retro, We\u0142niana, Betonowa, Trucizna, Wo\u0142owa, Pi\u00f3ra \u2022 6 sztandar\u00f3w<\/p>\n","protected":false},"featured_media":694375,"comment_status":"closed","ping_status":"closed","template":"","meta":{"ub_ctt_via":""},"product_cat":[15],"product_tag":[218],"class_list":["post-688870","product","type-product","status-publish","has-post-thumbnail","hentry","product_cat-uncategorized","product_tag-games","platform-steam-works"],"_links":{"self":[{"href":"https:\/\/neuvee.com\/pl\/wp-json\/wp\/v2\/product\/688870","targetHints":{"allow":["GET"]}}],"collection":[{"href":"https:\/\/neuvee.com\/pl\/wp-json\/wp\/v2\/product"}],"about":[{"href":"https:\/\/neuvee.com\/pl\/wp-json\/wp\/v2\/types\/product"}],"replies":[{"embeddable":true,"href":"https:\/\/neuvee.com\/pl\/wp-json\/wp\/v2\/comments?post=688870"}],"wp:featuredmedia":[{"embeddable":true,"href":"https:\/\/neuvee.com\/pl\/wp-json\/wp\/v2\/media\/694375"}],"wp:attachment":[{"href":"https:\/\/neuvee.com\/pl\/wp-json\/wp\/v2\/media?parent=688870"}],"wp:term":[{"taxonomy":"product_cat","embeddable":true,"href":"https:\/\/neuvee.com\/pl\/wp-json\/wp\/v2\/product_cat?post=688870"},{"taxonomy":"product_tag","embeddable":true,"href":"https:\/\/neuvee.com\/pl\/wp-json\/wp\/v2\/product_tag?post=688870"}],"curies":[{"name":"wp","href":"https:\/\/api.w.org\/{rel}","templated":true}]}}