{"id":688818,"date":"2023-09-30T06:36:14","date_gmt":"2023-09-30T06:36:14","guid":{"rendered":"https:\/\/neuvee.com\/?post_type=product&#038;p=688818"},"modified":"2025-05-19T13:43:11","modified_gmt":"2025-05-19T13:43:11","slug":"worms-armageddon-5","status":"publish","type":"product","link":"https:\/\/neuvee.com\/pl\/product\/worms-armageddon-5\/","title":{"rendered":"WORMS ARMAGEDDON"},"content":{"rendered":"<p>Nieustraszone bezkr\u0119gowce powracaj\u0105 z&nbsp;\u017c\u0105dz\u0105 zemsty w grze Worms\u2122 Armageddon. Uwaga! Pojawiaj\u0105 si\u0119 ca\u0142kowicie nowe robale! Rozgrywk\u0105 mo\u017cna cieszy\u0107 si\u0119 zar\u00f3wno samemu, jak i&nbsp;graj\u0105c razem ze wszystkimi znajomymi.<\/p>\n<p>&#8211; Skorzystaj z&nbsp;ponad 55 dziwnych i&nbsp;niezwyk\u0142ych rodzaj\u00f3w broni i&nbsp;narz\u0119dzi, w szczeg\u00f3lno\u015bci Trz\u0119sienia ziemi, Zamro\u017cenia i&nbsp;Ataku francuskich owiec.<br \/>\n&#8211; Rozegraj solowy Deathmatch oraz&nbsp;ekscytuj\u0105c\u0105 kampani\u0119 sk\u0142adaj\u0105c\u0105 si\u0119 z&nbsp;ponad 40 misji.<br \/>\n&#8211; Naucz si\u0119 taktyki w pi\u0119ciu specjalnych trybach szkoleniowych, w\u0142\u0105czaj\u0105c Wy\u015bcigi owiec, Szalone skrzynki oraz&nbsp;Szkolenie z&nbsp;u\u017cycia broni zaawansowanej.<br \/>\n&#8211; Ponad 30 niestandardowych i&nbsp;zabawnych bank\u00f3w d\u017awi\u0119k\u00f3w (w szczeg\u00f3lno\u015bci Styl brytyjski, Cyberrobale).<br \/>\n&#8211; Nowo\u015b\u0107 w trybie wieloosobowym: Wyr\u00f3wnywanie szans (dodawanie lub&nbsp;zmniejszanie energii dru\u017cyny), Dru\u017cyny sojusznicze (mo\u017cliwo\u015b\u0107 sprzymierzania si\u0119 przeciwko okre\u015blonym graczom), \u2018Choroba robali\u2019, \u2018Home Run\u2019 oraz&nbsp;wiele innych rzeczy.<\/p>","protected":false},"excerpt":{"rendered":"<p>Nieustraszone bezkr\u0119gowce powracaj\u0105 z&nbsp;\u017c\u0105dz\u0105 zemsty w grze Worms\u2122 Armageddon. Uwaga! Pojawiaj\u0105 si\u0119 ca\u0142kowicie nowe robale! Rozgrywk\u0105 mo\u017cna cieszy\u0107 si\u0119 zar\u00f3wno samemu, jak i&nbsp;graj\u0105c razem ze wszystkimi znajomymi. &#8211; Skorzystaj z&nbsp;ponad 55 dziwnych i&nbsp;niezwyk\u0142ych rodzaj\u00f3w broni i&nbsp;narz\u0119dzi, w szczeg\u00f3lno\u015bci Trz\u0119sienia ziemi, Zamro\u017cenia i&nbsp;Ataku francuskich owiec. &#8211; Rozegraj solowy Deathmatch oraz&nbsp;ekscytuj\u0105c\u0105 kampani\u0119 sk\u0142adaj\u0105c\u0105 si\u0119 z&nbsp;ponad 40 misji. [&hellip;]<\/p>\n","protected":false},"featured_media":689815,"comment_status":"closed","ping_status":"closed","template":"","meta":{"ub_ctt_via":""},"product_cat":[222],"product_tag":[218],"class_list":["post-688818","product","type-product","status-publish","has-post-thumbnail","hentry","product_cat-strategy","product_tag-games","platform-steam-works"],"_links":{"self":[{"href":"https:\/\/neuvee.com\/pl\/wp-json\/wp\/v2\/product\/688818","targetHints":{"allow":["GET"]}}],"collection":[{"href":"https:\/\/neuvee.com\/pl\/wp-json\/wp\/v2\/product"}],"about":[{"href":"https:\/\/neuvee.com\/pl\/wp-json\/wp\/v2\/types\/product"}],"replies":[{"embeddable":true,"href":"https:\/\/neuvee.com\/pl\/wp-json\/wp\/v2\/comments?post=688818"}],"wp:featuredmedia":[{"embeddable":true,"href":"https:\/\/neuvee.com\/pl\/wp-json\/wp\/v2\/media\/689815"}],"wp:attachment":[{"href":"https:\/\/neuvee.com\/pl\/wp-json\/wp\/v2\/media?parent=688818"}],"wp:term":[{"taxonomy":"product_cat","embeddable":true,"href":"https:\/\/neuvee.com\/pl\/wp-json\/wp\/v2\/product_cat?post=688818"},{"taxonomy":"product_tag","embeddable":true,"href":"https:\/\/neuvee.com\/pl\/wp-json\/wp\/v2\/product_tag?post=688818"}],"curies":[{"name":"wp","href":"https:\/\/api.w.org\/{rel}","templated":true}]}}