{"id":688813,"date":"2023-09-30T06:17:12","date_gmt":"2023-09-30T06:17:12","guid":{"rendered":"https:\/\/neuvee.com\/?post_type=product&#038;p=688813"},"modified":"2025-05-19T13:42:27","modified_gmt":"2025-05-19T13:42:27","slug":"ash-of-gods-beer-for-developers","status":"publish","type":"product","link":"https:\/\/neuvee.com\/pl\/product\/ash-of-gods-beer-for-developers\/","title":{"rendered":"ASH OF GODS &#8211; BEER FOR DEVELOPERS"},"content":{"rendered":"<p>Wsparcie i&nbsp;podzi\u0119kowanie dla developer\u00f3w oraz&nbsp;\u015bwietna talia kart z&nbsp;wizerunkami postaci z&nbsp;gry dla ciebie!<br \/>\nKiedy dyskutowali\u015bmy o&nbsp;naszej grze z&nbsp;osobami wspieraj\u0105cymi nas na Kicstarterze, podsun\u0119\u0142y nam one ten pomys\u0142 &#8211; stworzenie DLC, kt\u00f3re pozwoli ka\u017cdemu z&nbsp;graczy na \u015bwiecie powiedzie\u0107 dodatkowo Dzi\u0119kuje! zespo\u0142owi developer\u00f3w, bez wzgl\u0119du na to, na kt\u00f3rym kontynencie mieszka gracz. C\u00f3\u017c, nie istnieje lepszy spos\u00f3b na poprawienie nam nastroj\u00f3w ni\u017c postawienie nam piwa&#8230; lub&nbsp;fili\u017canki kawy (zale\u017cy od preferencji, co oczywiste!).<br \/>\nStudio Aurum Dust gwarantuje, \u017ce 100% zysk\u00f3w ze sprzeda\u017cy Piwa dla developer\u00f3w zostanie wydane w pubach podczas procesu wymy\u015blania fabu\u0142y drugiej cz\u0119\u015bci Ash of Gods.<br \/>\nW zamian chcemy te\u017c podzi\u0119kowa\u0107 wszystkim, kt\u00f3rzy nas wspierali: dostaniecie pe\u0142n\u0105, 54-kartow\u0105 tali\u0119 kart do gry w formacie PNG w du\u017cej rozdzielczo\u015bci, opatrzon\u0105 fantastycznymi grafikami przedstawiaj\u0105cymi postaci z&nbsp;naszej gry. Mo\u017cesz je wykorzysta\u0107 w grach RPG lub&nbsp;po prostu cieszy\u0107 si\u0119 ilustracjami (dok\u0142adnie te pliki zosta\u0142y u\u017cyte do produkcji ekskluzywnych fizycznych talii kart dla naszych wspieraj\u0105cych na Kickstarterze).<br \/>\nMamy nadziej\u0119, \u017ce podoba\u0142o ci si\u0119 Ash of Gods! Dzi\u0119kujemy za twoje wsparcie!<br \/>\nNotka informacyjna: po pobraniu pakietu DLC, karty znajd\u0105 si\u0119 w twoim folderze z&nbsp;gr\u0105 Ash of Gods<\/p>\n<p><\/p>","protected":false},"excerpt":{"rendered":"<p>Wsparcie i&nbsp;podzi\u0119kowanie dla developer\u00f3w oraz&nbsp;\u015bwietna talia kart z&nbsp;wizerunkami postaci z&nbsp;gry dla ciebie! Kiedy dyskutowali\u015bmy o&nbsp;naszej grze z&nbsp;osobami wspieraj\u0105cymi nas na Kicstarterze, podsun\u0119\u0142y nam one ten pomys\u0142 &#8211; stworzenie DLC, kt\u00f3re pozwoli ka\u017cdemu z&nbsp;graczy na \u015bwiecie powiedzie\u0107 dodatkowo Dzi\u0119kuje! zespo\u0142owi developer\u00f3w, bez wzgl\u0119du na to, na kt\u00f3rym kontynencie mieszka gracz. C\u00f3\u017c, nie istnieje lepszy spos\u00f3b na [&hellip;]<\/p>\n","protected":false},"featured_media":689885,"comment_status":"closed","ping_status":"closed","template":"","meta":{"ub_ctt_via":""},"product_cat":[273,127,221,89,222],"product_tag":[218],"class_list":["post-688813","product","type-product","status-publish","has-post-thumbnail","hentry","product_cat-violent","product_cat-adventure","product_cat-indie","product_cat-rpg","product_cat-strategy","product_tag-games","platform-steam-works"],"_links":{"self":[{"href":"https:\/\/neuvee.com\/pl\/wp-json\/wp\/v2\/product\/688813","targetHints":{"allow":["GET"]}}],"collection":[{"href":"https:\/\/neuvee.com\/pl\/wp-json\/wp\/v2\/product"}],"about":[{"href":"https:\/\/neuvee.com\/pl\/wp-json\/wp\/v2\/types\/product"}],"replies":[{"embeddable":true,"href":"https:\/\/neuvee.com\/pl\/wp-json\/wp\/v2\/comments?post=688813"}],"wp:featuredmedia":[{"embeddable":true,"href":"https:\/\/neuvee.com\/pl\/wp-json\/wp\/v2\/media\/689885"}],"wp:attachment":[{"href":"https:\/\/neuvee.com\/pl\/wp-json\/wp\/v2\/media?parent=688813"}],"wp:term":[{"taxonomy":"product_cat","embeddable":true,"href":"https:\/\/neuvee.com\/pl\/wp-json\/wp\/v2\/product_cat?post=688813"},{"taxonomy":"product_tag","embeddable":true,"href":"https:\/\/neuvee.com\/pl\/wp-json\/wp\/v2\/product_tag?post=688813"}],"curies":[{"name":"wp","href":"https:\/\/api.w.org\/{rel}","templated":true}]}}