{"id":687916,"date":"2023-09-29T14:11:28","date_gmt":"2023-09-29T14:11:28","guid":{"rendered":"https:\/\/neuvee.com\/?post_type=product&#038;p=687916"},"modified":"2025-05-19T13:49:49","modified_gmt":"2025-05-19T13:49:49","slug":"war-mongrels","status":"publish","type":"product","link":"https:\/\/neuvee.com\/pl\/product\/war-mongrels\/","title":{"rendered":"WAR MONGRELS"},"content":{"rendered":"<p>Lubisz po\u0142\u0105czenie element\u00f3w taktycznych, przygodowych i&nbsp;skradania si\u0119, z&nbsp;mroczn\u0105, fascynuj\u0105c\u0105 fabu\u0142\u0105? Uznali\u015bmy, to pytanie za retoryczne i&nbsp;tak\u0105 rozgrywk\u0119 przygotowali\u015bmy \ud83d\ude09<\/p>\n<p>Wypr\u00f3buj r\u00f3\u017cne taktyki w ka\u017cdej z&nbsp;misji. Odwracaj uwag\u0119 wrog\u00f3w lub&nbsp;wykorzystuj elementy otoczenia do walki z&nbsp;nimi. Interaktywne \u015brodowisko pozwala na mn\u00f3stwo tego typu mo\u017cliwo\u015bci.<\/p>\n<p>Zauwa\u017cy\u0142 Ci\u0119 wr\u00f3g? Wyci\u0105gnij bro\u0144 i&nbsp;utoruj sobie drog\u0119 do wolno\u015bci!<\/p>\n<p>Po\u0142\u0105cz si\u0142y z&nbsp;przyjacielem i&nbsp;stw\u00f3rz w\u0142asn\u0105 grup\u0119 kundli! Ka\u017cda posta\u0107 ma swoj\u0105 osobowo\u015b\u0107, pochodzenie i&nbsp;umiej\u0119tno\u015bci, kt\u00f3re mo\u017cna wykorzysta\u0107 podczas rozgrywki.<\/p>\n<p><\/p>","protected":false},"excerpt":{"rendered":"<p>Lubisz po\u0142\u0105czenie element\u00f3w taktycznych, przygodowych i&nbsp;skradania si\u0119, z&nbsp;mroczn\u0105, fascynuj\u0105c\u0105 fabu\u0142\u0105? Uznali\u015bmy, to pytanie za retoryczne i&nbsp;tak\u0105 rozgrywk\u0119 przygotowali\u015bmy \ud83d\ude09 Wypr\u00f3buj r\u00f3\u017cne taktyki w ka\u017cdej z&nbsp;misji. Odwracaj uwag\u0119 wrog\u00f3w lub&nbsp;wykorzystuj elementy otoczenia do walki z&nbsp;nimi. Interaktywne \u015brodowisko pozwala na mn\u00f3stwo tego typu mo\u017cliwo\u015bci. Zauwa\u017cy\u0142 Ci\u0119 wr\u00f3g? Wyci\u0105gnij bro\u0144 i&nbsp;utoruj sobie drog\u0119 do wolno\u015bci! Po\u0142\u0105cz si\u0142y z&nbsp;przyjacielem [&hellip;]<\/p>\n","protected":false},"featured_media":688436,"comment_status":"closed","ping_status":"closed","template":"","meta":{"ub_ctt_via":""},"product_cat":[88,127,222],"product_tag":[218],"class_list":["post-687916","product","type-product","status-publish","has-post-thumbnail","hentry","product_cat-action","product_cat-adventure","product_cat-strategy","product_tag-games","platform-steam-works"],"_links":{"self":[{"href":"https:\/\/neuvee.com\/pl\/wp-json\/wp\/v2\/product\/687916","targetHints":{"allow":["GET"]}}],"collection":[{"href":"https:\/\/neuvee.com\/pl\/wp-json\/wp\/v2\/product"}],"about":[{"href":"https:\/\/neuvee.com\/pl\/wp-json\/wp\/v2\/types\/product"}],"replies":[{"embeddable":true,"href":"https:\/\/neuvee.com\/pl\/wp-json\/wp\/v2\/comments?post=687916"}],"wp:featuredmedia":[{"embeddable":true,"href":"https:\/\/neuvee.com\/pl\/wp-json\/wp\/v2\/media\/688436"}],"wp:attachment":[{"href":"https:\/\/neuvee.com\/pl\/wp-json\/wp\/v2\/media?parent=687916"}],"wp:term":[{"taxonomy":"product_cat","embeddable":true,"href":"https:\/\/neuvee.com\/pl\/wp-json\/wp\/v2\/product_cat?post=687916"},{"taxonomy":"product_tag","embeddable":true,"href":"https:\/\/neuvee.com\/pl\/wp-json\/wp\/v2\/product_tag?post=687916"}],"curies":[{"name":"wp","href":"https:\/\/api.w.org\/{rel}","templated":true}]}}