{"id":687881,"date":"2023-09-29T14:05:25","date_gmt":"2023-09-29T14:05:25","guid":{"rendered":"https:\/\/neuvee.com\/?post_type=product&#038;p=687881"},"modified":"2025-05-19T13:24:41","modified_gmt":"2025-05-19T13:24:41","slug":"thymesia-5","status":"publish","type":"product","link":"https:\/\/neuvee.com\/pl\/product\/thymesia-5\/","title":{"rendered":"THYMESIA"},"content":{"rendered":"<p>W niegdy\u015b prosperuj\u0105cym kr\u00f3lestwie Hermes dosz\u0142o do katastrofy.<\/p>\n<p>Wsz\u0119dzie zacz\u0119to stosowa\u0107 postrzegan\u0105 jako odpowied\u017a na wszystkie problemy alchemi\u0119. Mieszka\u0144cy u\u017cywali jej swobodnie w domach do czarowania i&nbsp;leczenia. Gdy cena alchemii okaza\u0142a si\u0119 zbyt wysoka, podj\u0119to pr\u00f3by ukr\u00f3cenia tej praktyki \u2013 ka\u017cda spe\u0142z\u0142a na niczym i&nbsp;mia\u0142a katastrofalne, odczuwalne w ka\u017cdym regionie skutki. W ci\u0105gu kilku dni kr\u00f3lestwo popad\u0142o w chaos, a&nbsp;zbrukane krwi\u0105 ulice zape\u0142ni\u0142y si\u0119 zaka\u017conymi potworami. Na horyzoncie nie by\u0142o \u017cadnego lekarstwa.<\/p>\n<p>Corvus jest ostatni\u0105 nadziej\u0105 kr\u00f3lestwa \u2013 na jego pierzastych barkach spoczywa los ca\u0142ego Hermes. Prawda jest ukryta g\u0142\u0119boko we wspomnieniach pogubionych przez Corvusa w pe\u0142nym niebezpiecze\u0144stw \u015bwiecie. Aby uratowa\u0107 kr\u00f3lestwo, bohater musi pozbiera\u0107 utracone wspomnienia, ale za ka\u017cdym razem, gdy wraca w poszukiwaniu prawdy, znajduje tylko wi\u0119cej tajemnic.<\/p>\n<p>G\u0142\u00f3wne cechy<\/p>\n<p>\u00b7\u00a0\u00a0\u00a0\u00a0\u00a0\u00a0\u00a0\u00a0 Zapanuj nad plag\u0105: Uzbr\u00f3j si\u0119 w \u015bmiertelnie gro\u017an\u0105 bro\u0144 biologiczn\u0105 zebran\u0105 od przera\u017aliwych boss\u00f3w i&nbsp;trudnych przeciwnik\u00f3w. Potraktuj wrog\u00f3w ich w\u0142asn\u0105 trucizn\u0105, aby przetrwa\u0107 starcia z&nbsp;koszmarami czaj\u0105cymi si\u0119 w mrocznych zakamarkach niegdy\u015b prosperuj\u0105cego kr\u00f3lestwa.<\/p>\n<p>\u00b7\u00a0\u00a0\u00a0\u00a0\u00a0\u00a0\u00a0\u00a0 Przyjmij form\u0119 kruka: Przyjmij form\u0119 kruka w walce, rzucaj\u0105c pi\u00f3rami jak sztyletami, aby przerywa\u0107 ataki przeciwnik\u00f3w, i&nbsp;zabijaj\u0105c wrog\u00f3w z&nbsp;szybko\u015bci\u0105 ptaka drapie\u017cnego.<\/p>\n<p>\u00b7\u00a0\u00a0\u00a0\u00a0\u00a0\u00a0\u00a0\u00a0 Wypracuj w\u0142asny styl walki: Ulepszaj i&nbsp;modyfikuj podstawowe ruchy i&nbsp;bronie biologiczne Corvusa. Wypracuj w\u0142asny styl gry i&nbsp;w dowolny spos\u00f3b podchod\u017a do czekaj\u0105cych Ci\u0119 wyzwa\u0144.<\/p>\n<p>\u00b7\u00a0\u00a0\u00a0\u00a0\u00a0\u00a0\u00a0\u00a0 Bezlito\u015bni przeciwnicy: Zamienieni w potwory przez plag\u0119 wrogowie s\u0105 szaleni i&nbsp;niesamowicie agresywni, nieustannie wystawiaj\u0105c Twoje umiej\u0119tno\u015bci na pr\u00f3b\u0119.<\/p>\n<p>\u00b7\u00a0\u00a0\u00a0\u00a0\u00a0\u00a0\u00a0\u00a0 Fragmenty wspomnie\u0144: Poznaj przesz\u0142o\u015b\u0107 Corvusa, wg\u0142\u0119biaj\u0105c si\u0119 w jego wspomnienia, aby odkry\u0107 prawd\u0119 ukryt\u0105 w przesz\u0142o\u015bci.<\/p>\n<p><\/p>","protected":false},"excerpt":{"rendered":"<p>W niegdy\u015b prosperuj\u0105cym kr\u00f3lestwie Hermes dosz\u0142o do katastrofy. Wsz\u0119dzie zacz\u0119to stosowa\u0107 postrzegan\u0105 jako odpowied\u017a na wszystkie problemy alchemi\u0119. Mieszka\u0144cy u\u017cywali jej swobodnie w domach do czarowania i&nbsp;leczenia. Gdy cena alchemii okaza\u0142a si\u0119 zbyt wysoka, podj\u0119to pr\u00f3by ukr\u00f3cenia tej praktyki \u2013 ka\u017cda spe\u0142z\u0142a na niczym i&nbsp;mia\u0142a katastrofalne, odczuwalne w ka\u017cdym regionie skutki. W ci\u0105gu kilku dni [&hellip;]<\/p>\n","protected":false},"featured_media":688332,"comment_status":"closed","ping_status":"closed","template":"","meta":{"ub_ctt_via":""},"product_cat":[88],"product_tag":[218],"class_list":["post-687881","product","type-product","status-publish","has-post-thumbnail","hentry","product_cat-action","product_tag-games","platform-steam-works"],"_links":{"self":[{"href":"https:\/\/neuvee.com\/pl\/wp-json\/wp\/v2\/product\/687881","targetHints":{"allow":["GET"]}}],"collection":[{"href":"https:\/\/neuvee.com\/pl\/wp-json\/wp\/v2\/product"}],"about":[{"href":"https:\/\/neuvee.com\/pl\/wp-json\/wp\/v2\/types\/product"}],"replies":[{"embeddable":true,"href":"https:\/\/neuvee.com\/pl\/wp-json\/wp\/v2\/comments?post=687881"}],"wp:featuredmedia":[{"embeddable":true,"href":"https:\/\/neuvee.com\/pl\/wp-json\/wp\/v2\/media\/688332"}],"wp:attachment":[{"href":"https:\/\/neuvee.com\/pl\/wp-json\/wp\/v2\/media?parent=687881"}],"wp:term":[{"taxonomy":"product_cat","embeddable":true,"href":"https:\/\/neuvee.com\/pl\/wp-json\/wp\/v2\/product_cat?post=687881"},{"taxonomy":"product_tag","embeddable":true,"href":"https:\/\/neuvee.com\/pl\/wp-json\/wp\/v2\/product_tag?post=687881"}],"curies":[{"name":"wp","href":"https:\/\/api.w.org\/{rel}","templated":true}]}}