{"id":687741,"date":"2023-09-29T14:07:45","date_gmt":"2023-09-29T14:07:45","guid":{"rendered":"https:\/\/neuvee.com\/?post_type=product&#038;p=687741"},"modified":"2025-05-19T13:30:44","modified_gmt":"2025-05-19T13:30:44","slug":"trepang2-5","status":"publish","type":"product","link":"https:\/\/neuvee.com\/pl\/product\/trepang2-5\/","title":{"rendered":"TREPANG2"},"content":{"rendered":"<p>CZAS NA ROZWA\u0141K\u0118<br \/>\nWcielisz si\u0119 w \u017co\u0142nierza, pr\u00f3buj\u0105cego wydosta\u0107 si\u0119 z&nbsp;bli\u017cej nieokre\u015blonej lokacji. Nie pami\u0119tasz kim jeste\u015b, ale z&nbsp;ty\u0142u g\u0142owy \u015bwita Ci \u017c\u0105dza zemsty&#8230; Nic<br \/>\nCi\u0119 nie powstrzyma&#8230; Dostaniesz to, czego chcesz&#8230; Wymierzaj precyzyjne ciosy, przemykaj w cieniu, u\u017cywaj zab\u00f3jczych broni i&nbsp;daj z\u0142ym kolesiom nauczk\u0119&#8230;<br \/>\nWYBUCHOWA KAMPANIA DLA JEDNEGO GRACZA<br \/>\nTajemnicza grupa najemnik\u00f3w uwalnia Ci\u0119 z&nbsp;ci\u0119\u017cko strze\u017conego magazynu. Mo\u017ce i&nbsp;Twoje wspomnienia znikn\u0119\u0142y, ale posiadasz teraz supermoce. Walcz, odkryj prawd\u0119 i&nbsp;zmierz si\u0119 zagro\u017ceniem, kt\u00f3re jest bardziej zab\u00f3jcze, ni\u017c Ty.<br \/>\nNOWY POZIOM SUPER-MOCY<br \/>\nU\u017cyj nadnaturalnej si\u0142y i&nbsp;pr\u0119dko\u015bci, aby zmie\u015b\u0107 z&nbsp;powierzchni ziemii hordy ci\u0119\u017cko uzbrojonych najemnik\u00f3w. Spowolnij czas, aby unikn\u0105\u0107 serii pocisk\u00f3w i&nbsp;u\u017cyj niewidzialno\u015bci, \u017ceby pos\u0142a\u0107 do piachu niczego niespodziewaj\u0105cych si\u0119 przeciwnik\u00f3w.<br \/>\nBRUTALNA WALKA WR\u0118CZ<br \/>\n\u0141okie\u0107, bu\u0142a, ko\u0142owrotek&#8230; Wykorzystaj zamieszanie na polu bitwy, aby zbli\u017cy\u0107 si\u0119 do przeciwnika i&nbsp;skr\u0119ci\u0107 mu kark. Wymierzaj precyzyjne ciosy, kop i&nbsp;u\u017cywaj w\u015blizg\u00f3w, \u017ceby ze z\u0142ych go\u015bci zosta\u0142a tylko krwawa miazga.<br \/>\nNA KONIEC&#8230;<br \/>\nDo\u0142\u0105cz do naszej spo\u0142eczno\u015bci &#8211; U\u017cyj przycisk\u00f3w po prawej stronie i&nbsp;i \u015bled\u017a nas na twitterze, youtube i&nbsp;Discordzie. Jeste\u015bmy tam dla Ciebie!<\/p>\n<p><\/p>","protected":false},"excerpt":{"rendered":"<p>CZAS NA ROZWA\u0141K\u0118 Wcielisz si\u0119 w \u017co\u0142nierza, pr\u00f3buj\u0105cego wydosta\u0107 si\u0119 z&nbsp;bli\u017cej nieokre\u015blonej lokacji. Nie pami\u0119tasz kim jeste\u015b, ale z&nbsp;ty\u0142u g\u0142owy \u015bwita Ci \u017c\u0105dza zemsty&#8230; Nic Ci\u0119 nie powstrzyma&#8230; Dostaniesz to, czego chcesz&#8230; Wymierzaj precyzyjne ciosy, przemykaj w cieniu, u\u017cywaj zab\u00f3jczych broni i&nbsp;daj z\u0142ym kolesiom nauczk\u0119&#8230; WYBUCHOWA KAMPANIA DLA JEDNEGO GRACZA Tajemnicza grupa najemnik\u00f3w uwalnia Ci\u0119 [&hellip;]<\/p>\n","protected":false},"featured_media":687967,"comment_status":"closed","ping_status":"closed","template":"","meta":{"ub_ctt_via":""},"product_cat":[88,221],"product_tag":[218],"class_list":["post-687741","product","type-product","status-publish","has-post-thumbnail","hentry","product_cat-action","product_cat-indie","product_tag-games","platform-steam-works"],"_links":{"self":[{"href":"https:\/\/neuvee.com\/pl\/wp-json\/wp\/v2\/product\/687741","targetHints":{"allow":["GET"]}}],"collection":[{"href":"https:\/\/neuvee.com\/pl\/wp-json\/wp\/v2\/product"}],"about":[{"href":"https:\/\/neuvee.com\/pl\/wp-json\/wp\/v2\/types\/product"}],"replies":[{"embeddable":true,"href":"https:\/\/neuvee.com\/pl\/wp-json\/wp\/v2\/comments?post=687741"}],"wp:featuredmedia":[{"embeddable":true,"href":"https:\/\/neuvee.com\/pl\/wp-json\/wp\/v2\/media\/687967"}],"wp:attachment":[{"href":"https:\/\/neuvee.com\/pl\/wp-json\/wp\/v2\/media?parent=687741"}],"wp:term":[{"taxonomy":"product_cat","embeddable":true,"href":"https:\/\/neuvee.com\/pl\/wp-json\/wp\/v2\/product_cat?post=687741"},{"taxonomy":"product_tag","embeddable":true,"href":"https:\/\/neuvee.com\/pl\/wp-json\/wp\/v2\/product_tag?post=687741"}],"curies":[{"name":"wp","href":"https:\/\/api.w.org\/{rel}","templated":true}]}}