{"id":687736,"date":"2023-09-29T13:58:51","date_gmt":"2023-09-29T13:58:51","guid":{"rendered":"https:\/\/neuvee.com\/?post_type=product&#038;p=687736"},"modified":"2025-05-19T14:06:04","modified_gmt":"2025-05-19T14:06:04","slug":"these-doomed-isles-2","status":"publish","type":"product","link":"https:\/\/neuvee.com\/pl\/product\/these-doomed-isles-2\/","title":{"rendered":"THESE DOOMED ISLES"},"content":{"rendered":"<p>Wciel si\u0119 w b\u00f3stwo w survivalowej symulacji budowy miasta z&nbsp;elementami deckbuildera i&nbsp;roguelike. Zbieraj karty, aby tworzy\u0107 l\u0105dy po\u015br\u00f3d m\u00f3rz, budowa\u0107 osady dla wyznawc\u00f3w i&nbsp;zsy\u0142a\u0107 deszcz ognia na naje\u017ad\u017ac\u00f3w. Wybierz jedno z&nbsp;3 b\u00f3stw dysponuj\u0105cych unikatowymi kartami, sposobami rozgrywki i&nbsp;zdolno\u015bciami, aby poprowadzi\u0107 swoj\u0105 cywilizacj\u0119 do zwyci\u0119stwa! Podczas fazy wczesnego dost\u0119pu planujemy dodanie wi\u0119kszej liczby bog\u00f3w, kart, przeciwnik\u00f3w oraz&nbsp;innych element\u00f3w.<\/p>\n<p>Rozpoczynasz od ma\u0142ego skrawka, aby z&nbsp;up\u0142ywem czasu w\u0142ada\u0107 rozleg\u0142ym \u0142a\u0144cuchem wysp, pe\u0142nym gospodarstw, przemys\u0142u, fortyfikacji i&nbsp;nie tylko, odkrywaj\u0105c bardziej zaawansowane budowle i&nbsp;strategie, dzi\u0119ki kt\u00f3rym odpowiesz na modlitwy swoich wyznawc\u00f3w i&nbsp;zwyci\u0119\u017cysz!<\/p>\n<p>Zbieraj karty i&nbsp;stw\u00f3rz tali\u0119 wed\u0142ug w\u0142asnych upodoba\u0144. Zarz\u0105dzaj kartami, aby m\u00f3c przetrwa\u0107 do nast\u0119pnego zbioru. Znajd\u017a pot\u0119\u017cne synergie pomi\u0119dzy ponad 250 kartami gry i&nbsp;pokonaj stoj\u0105ce na drodze wyzwania.<\/p>\n<p>Czy zdo\u0142asz przetrwa\u0107 na tych skazanych na zag\u0142ad\u0119 wyspach? Zmierzysz si\u0119 z&nbsp;coraz trudniejszymi wyzwaniami, gdy fale naje\u017ad\u017ac\u00f3w i&nbsp;pot\u0119\u017cni bossowie b\u0119d\u0105 pr\u00f3bowa\u0107 zniszczy\u0107 twoj\u0105 ci\u0119\u017ck\u0105 prac\u0119, zmieniaj\u0105c osad\u0119 w stert\u0119 gruz\u00f3w i&nbsp;unicestwiaj\u0105c twoich stoj\u0105cych im na drodze wyznawc\u00f3w. Ucz si\u0119 na w\u0142asnych b\u0142\u0119dach i&nbsp;szlifuj strategi\u0119, aby spe\u0142ni\u0107 b\u0142agania wyznawc\u00f3w i&nbsp;zatriumfowa\u0107.<\/p>\n<p>Ka\u017cde z&nbsp;b\u00f3stw posiada unikatowe moce oraz&nbsp;pot\u0119\u017cne karty, dzi\u0119ki kt\u00f3rym zapewnisz swojej cywilizacji przetrwanie. Zsy\u0142aj deszcz meteoryt\u00f3w na naje\u017ad\u017ac\u00f3w albo&nbsp;wywo\u0142aj sztorm, \u017ceby zatopi\u0107 ich na morzu. Wykorzystuj pot\u0119\u017cne efekty wobec przeciwnik\u00f3w i&nbsp;spraw, aby przed kolejnym atakiem zastanowili si\u0119 dwa razy! <\/p>\n<p>Elementy dost\u0119pne od pocz\u0105tku fazy wczesnego dost\u0119pu:<br \/>\n&#8211; 3 cywilizacje i&nbsp;b\u00f3stwa z&nbsp;odmienn\u0105 charakterystyk\u0105 gry, estetyk\u0105 i&nbsp;zdolno\u015bciami<br \/>\n&#8211; Ponad 250 unikatowych kart<br \/>\n&#8211; Ponad 15 unikatowych przeciwnik\u00f3w i&nbsp;9 boss\u00f3w\u00a0<br \/>\n&#8211; 10 poziom\u00f3w do uzyskania<br \/>\n&#8211; Ponad 30 relikwii i&nbsp;kl\u0105tw, kt\u00f3re sprawiaj\u0105, \u017ce ka\u017cda rozgrywka wygl\u0105da inaczej<br \/>\n&#8211; Ranking znajomych, dzi\u0119ki kt\u00f3remu mo\u017cesz rywalizowa\u0107 ze znajomymi o&nbsp;osi\u0105gni\u0119cie najwy\u017cszego wyniku<\/p>\n<p><\/p>","protected":false},"excerpt":{"rendered":"<p>Wciel si\u0119 w b\u00f3stwo w survivalowej symulacji budowy miasta z&nbsp;elementami deckbuildera i&nbsp;roguelike. Zbieraj karty, aby tworzy\u0107 l\u0105dy po\u015br\u00f3d m\u00f3rz, budowa\u0107 osady dla wyznawc\u00f3w i&nbsp;zsy\u0142a\u0107 deszcz ognia na naje\u017ad\u017ac\u00f3w. Wybierz jedno z&nbsp;3 b\u00f3stw dysponuj\u0105cych unikatowymi kartami, sposobami rozgrywki i&nbsp;zdolno\u015bciami, aby poprowadzi\u0107 swoj\u0105 cywilizacj\u0119 do zwyci\u0119stwa! Podczas fazy wczesnego dost\u0119pu planujemy dodanie wi\u0119kszej liczby bog\u00f3w, kart, przeciwnik\u00f3w [&hellip;]<\/p>\n","protected":false},"featured_media":688542,"comment_status":"closed","ping_status":"closed","template":"","meta":{"ub_ctt_via":""},"product_cat":[221,78,222],"product_tag":[218],"class_list":["post-687736","product","type-product","status-publish","has-post-thumbnail","hentry","product_cat-indie","product_cat-simulation","product_cat-strategy","product_tag-games","platform-steam-works"],"_links":{"self":[{"href":"https:\/\/neuvee.com\/pl\/wp-json\/wp\/v2\/product\/687736","targetHints":{"allow":["GET"]}}],"collection":[{"href":"https:\/\/neuvee.com\/pl\/wp-json\/wp\/v2\/product"}],"about":[{"href":"https:\/\/neuvee.com\/pl\/wp-json\/wp\/v2\/types\/product"}],"replies":[{"embeddable":true,"href":"https:\/\/neuvee.com\/pl\/wp-json\/wp\/v2\/comments?post=687736"}],"wp:featuredmedia":[{"embeddable":true,"href":"https:\/\/neuvee.com\/pl\/wp-json\/wp\/v2\/media\/688542"}],"wp:attachment":[{"href":"https:\/\/neuvee.com\/pl\/wp-json\/wp\/v2\/media?parent=687736"}],"wp:term":[{"taxonomy":"product_cat","embeddable":true,"href":"https:\/\/neuvee.com\/pl\/wp-json\/wp\/v2\/product_cat?post=687736"},{"taxonomy":"product_tag","embeddable":true,"href":"https:\/\/neuvee.com\/pl\/wp-json\/wp\/v2\/product_tag?post=687736"}],"curies":[{"name":"wp","href":"https:\/\/api.w.org\/{rel}","templated":true}]}}