{"id":687734,"date":"2023-09-29T13:19:07","date_gmt":"2023-09-29T13:19:07","guid":{"rendered":"https:\/\/neuvee.com\/?post_type=product&#038;p=687734"},"modified":"2025-05-19T14:34:08","modified_gmt":"2025-05-19T14:34:08","slug":"the-witch-of-fern-island","status":"publish","type":"product","link":"https:\/\/neuvee.com\/pl\/product\/the-witch-of-fern-island\/","title":{"rendered":"THE WITCH OF FERN ISLAND"},"content":{"rendered":"<p>Witaj na tajemniczej Wyspie Paproci! Bujna wyspa o&nbsp;umiarkowanym klimacie jest domem dla trzech wielkich magicznych kultur \u2013 Boran, Apatut i&nbsp;Kuqkwa \u2013 oraz&nbsp;jednej jasnookiej nowicjuszki, Abrill. Po rozbiciu si\u0119 na wyspie podczas podr\u00f3\u017cy do magicznej akademii, m\u0142oda czarodziejka dostosowuje si\u0119 do sytuacji, wci\u0105\u017c pragn\u0105c zosta\u0107 pe\u0142noprawn\u0105 Wied\u017am\u0105. Zamiast bezczynnie czeka\u0107 na jej przybycie, Akademia Wied\u017am r\u00f3wnie\u017c postanowi\u0142a wykorzysta\u0107 ten fakt jako okazj\u0119 dla m\u0142odej Abrill, aby zademonstrowa\u0107 swoje mistrzostwo w magii\u2026 I odkry\u0107 sekrety tajemniczej wyspy.<br \/>\nAle b\u0105d\u017a&nbsp;\u015bwiadom tego: Zostanie Wied\u017am\u0105 z&nbsp;Wyspy Paproci nie polega tylko na zdaniu egzamin\u00f3w! Chodzi o&nbsp;znalezienie swojego miejsca w \u015bwiecie, nawi\u0105zanie przyja\u017ani, a&nbsp;co najwa\u017cniejsze \u2013 odnalezienie rado\u015bci w ka\u017cdej mijaj\u0105cej chwili.<br \/>\nOpanuj Magiczne Rzemios\u0142o<\/p>\n<p>&#8211; Uko\u0144czenie studi\u00f3w oznacza spe\u0142nienie oczekiwa\u0144 Wied\u017amy Opiekunki i&nbsp;to nie poprzez siedzenie na nudnych wyk\u0142adach. Wied\u017ama uczy si\u0119 w pracy!<\/p>\n<p>&#8211; Uprawiaj zio\u0142a i&nbsp;magiczne ro\u015bliny, hoduj zwierz\u0119ta o&nbsp;niezwyk\u0142ej naturze, a&nbsp;tak\u017ce eksperymentuj z&nbsp;zaczarowaniem ro\u015blin i&nbsp;zwierz\u0105t.<\/p>\n<p>&#8211; Rozwijaj w\u0142asn\u0105 mark\u0119 wied\u017amy Abrill dostosowuj\u0105c jej chat\u0119 wed\u0142ug w\u0142asnego uznania poprzez styl i&nbsp;praktyczno\u015b\u0107.<\/p>\n<p>&#8211; Oczywi\u015bcie, wied\u017ama nie jest zwyk\u0142\u0105 farmerk\u0105! Warz magiczne mikstury w chacie, tw\u00f3rz magiczne amulety, przywo\u0142uj urocze i&nbsp;zaskakuj\u0105co pomocne zwierz\u0119ta, a&nbsp;w ko\u0144cu odprawiaj skomplikowane rytua\u0142y, aby wykorzysta\u0107 czyst\u0105 magi\u0119 do sterowania pogod\u0105.<\/p>\n<p>&#8211; Czy wspominali\u015bmy ju\u017c, \u017ce b\u0119dziesz miau mo\u017cliwo\u015b\u0107 kontrolowania swojego kociego chowa\u0144ca?<br \/>\nEksploruj Wysp\u0119<\/p>\n<p>&#8211; Zwiedzaj wysp\u0119 w dowolnym tempie, pomi\u0119dzy wezwaniami kryszta\u0142owej kuli z&nbsp;Akademii.<\/p>\n<p>&#8211; Poznaj pokolenia sztuk magicznych i&nbsp;towarzysz\u0105ce im opowie\u015bci poprzednich wied\u017am.<\/p>\n<p>&#8211; Przemierzaj wysp\u0119 pieszo, na siodle eleganckiego Tzoru, lub&nbsp;na lataj\u0105cej miotle \u2013 oczywi\u015bcie, gdy Stra\u017cnik b\u0119dzie zadowolony z&nbsp;post\u0119p\u00f3w Abrill\u2026<\/p>\n<p>&#8211; Historia to nie wszystko! Wyspa Paproci od wiek\u00f3w jest zanurzona w magii.<\/p>\n<p>&#8211; Dowiedz si\u0119 wi\u0119cej nie tylko o&nbsp;przesz\u0142o\u015bci wyspy, ale tak\u017ce o&nbsp;jej niezliczonej ilo\u015bci magicznych ro\u015blin, zwierz\u0105t, owad\u00f3w i&nbsp;pi\u0119knych widok\u00f3w.<br \/>\nBuduj Trwa\u0142e Relacje<\/p>\n<p>&#8211; Wied\u017ama to nie tylko mistrzyni magii i&nbsp;znawczyni wszelkich arkan\u00f3w. To tak\u017ce cz\u0142onek spo\u0142eczno\u015bci!<\/p>\n<p>&#8211; Zanurz si\u0119 w kultur\u0119 i&nbsp;spo\u0142ecze\u0144stwo Boran, Apatut i&nbsp;Kuqkwa, aby pozna\u0107 ich tradycje i&nbsp;wierzenia, uczestniczy\u0107 w festiwalach, a&nbsp;w ko\u0144cu znale\u017a\u0107 prawdziwych przyjaci\u00f3\u0142 w\u015br\u00f3d dziesi\u0105tek os\u00f3b.<\/p>\n<p>&#8211; Odkrywaj historie i&nbsp;sekrety ka\u017cdego nowego przyjaciela, gdy Abrill utwierdza si\u0119 w przekonaniu, \u017ce jest cz\u0119\u015bci\u0105 spo\u0142eczno\u015bci.<\/p>\n<p>&#8211; Wyci\u0105gnij troskliw\u0105 d\u0142o\u0144 z&nbsp;magicznym dotykiem, aby pom\u00f3c mieszka\u0144com w ich problemach i&nbsp;pozostawi\u0107 trwa\u0142e wra\u017cenie na ka\u017cdej osobie, a&nbsp;ostatecznie zdoby\u0107 tytu\u0142: Wied\u017ama z&nbsp;Wyspy Paproci!<\/p>\n<p><\/p>","protected":false},"excerpt":{"rendered":"<p>Witaj na tajemniczej Wyspie Paproci! Bujna wyspa o&nbsp;umiarkowanym klimacie jest domem dla trzech wielkich magicznych kultur \u2013 Boran, Apatut i&nbsp;Kuqkwa \u2013 oraz&nbsp;jednej jasnookiej nowicjuszki, Abrill. Po rozbiciu si\u0119 na wyspie podczas podr\u00f3\u017cy do magicznej akademii, m\u0142oda czarodziejka dostosowuje si\u0119 do sytuacji, wci\u0105\u017c pragn\u0105c zosta\u0107 pe\u0142noprawn\u0105 Wied\u017am\u0105. Zamiast bezczynnie czeka\u0107 na jej przybycie, Akademia Wied\u017am r\u00f3wnie\u017c [&hellip;]<\/p>\n","protected":false},"featured_media":688730,"comment_status":"closed","ping_status":"closed","template":"","meta":{"ub_ctt_via":""},"product_cat":[127,223,221,89,78],"product_tag":[218],"class_list":["post-687734","product","type-product","status-publish","has-post-thumbnail","hentry","product_cat-adventure","product_cat-casual","product_cat-indie","product_cat-rpg","product_cat-simulation","product_tag-games","platform-steam-works"],"_links":{"self":[{"href":"https:\/\/neuvee.com\/pl\/wp-json\/wp\/v2\/product\/687734","targetHints":{"allow":["GET"]}}],"collection":[{"href":"https:\/\/neuvee.com\/pl\/wp-json\/wp\/v2\/product"}],"about":[{"href":"https:\/\/neuvee.com\/pl\/wp-json\/wp\/v2\/types\/product"}],"replies":[{"embeddable":true,"href":"https:\/\/neuvee.com\/pl\/wp-json\/wp\/v2\/comments?post=687734"}],"wp:featuredmedia":[{"embeddable":true,"href":"https:\/\/neuvee.com\/pl\/wp-json\/wp\/v2\/media\/688730"}],"wp:attachment":[{"href":"https:\/\/neuvee.com\/pl\/wp-json\/wp\/v2\/media?parent=687734"}],"wp:term":[{"taxonomy":"product_cat","embeddable":true,"href":"https:\/\/neuvee.com\/pl\/wp-json\/wp\/v2\/product_cat?post=687734"},{"taxonomy":"product_tag","embeddable":true,"href":"https:\/\/neuvee.com\/pl\/wp-json\/wp\/v2\/product_tag?post=687734"}],"curies":[{"name":"wp","href":"https:\/\/api.w.org\/{rel}","templated":true}]}}