{"id":687733,"date":"2023-09-29T13:18:49","date_gmt":"2023-09-29T13:18:49","guid":{"rendered":"https:\/\/neuvee.com\/?post_type=product&#038;p=687733"},"modified":"2025-05-19T14:37:15","modified_gmt":"2025-05-19T14:37:15","slug":"the-unliving-early-access-5","status":"publish","type":"product","link":"https:\/\/neuvee.com\/pl\/product\/the-unliving-early-access-5\/","title":{"rendered":"THE UNLIVING &#8211; EARLY ACCESS"},"content":{"rendered":"<p>Kraina \u017cywych zosta\u0142a prze\u017carta zepsuciem. Zbli\u017ca si\u0119 zawierucha, kt\u00f3ra zmieni porz\u0105dek \u015bwiata. Ta zawierucha to Ty: pot\u0119\u017cny Nekromanta \u2014 czarnoksi\u0119\u017cnik, kt\u00f3ry przeciwstawia si\u0119 \u015bmierci i&nbsp;przewodzi legionom umar\u0142ych. Duchowni i&nbsp;lordowie pr\u00f3buj\u0105 ukrywa\u0107 si\u0119 za wysokimi murami, ale \u017cadna forteca nie powstrzyma Twojego gniewu. Pokonaj setki wrog\u00f3w pr\u00f3buj\u0105cych Ci\u0119 zatrzyma\u0107 i&nbsp;zmie\u0144 ich w swoje s\u0142ugi, kt\u00f3re b\u0119d\u0105 walczy\u0107 u Twego boku.<\/p>\n<p>The Unliving to dynamiczna gra RPG akcji typu rogue-lite z&nbsp;elementami strategii. Wskrzeszaj nieumar\u0142ych, u\u017cywaj r\u00f3\u017cnorodnych czar\u00f3w i&nbsp;odkrywaj mistyczny \u015bwiat \u2014 wszystko to w mrocznej i&nbsp;nieco dziwacznej grafice pikselowej.<\/p>\n<p>PRZY\u0141\u0104CZAJ WROG\u00d3W DO SWOJEJ ARMII NIEUMAR\u0141YCH<\/p>\n<p>Ka\u017cdego poleg\u0142ego wroga mo\u017cna wskrzesi\u0107 i&nbsp;doda\u0107 do swojej armii, tworz\u0105c nieprzebrane legiony \u015bmierci. Wskrzeszone stwory maj\u0105 unikatowe umiej\u0119tno\u015bci. Na przyk\u0142ad nieumar\u0142y Kap\u0142an, kt\u00f3ry za \u017cycia b\u0142ogos\u0142awi\u0142 sojusznik\u00f3w, po \u015bmierci b\u0119dzie rzuca\u0142 kl\u0105twy na Twoich wrog\u00f3w.<\/p>\n<p>ZMIA\u017bD\u017b WSZYSTKO NA SWOJEJ DRODZE<\/p>\n<p>Tylko niewielka cz\u0119\u015b\u0107 \u017cywych to bezbronne ofiary \u2014 ca\u0142a reszta b\u0119dzie si\u0119 broni\u0107 przed Twoimi atakami. B\u0119d\u0105 trzyma\u0107 formacj\u0119, porusza\u0107 si\u0119 w du\u017cych grupach i&nbsp;u\u017cywa\u0107 pot\u0119\u017cnych umiej\u0119tno\u015bci. Kochaj\u0105 \u017cycie i&nbsp;nie poddadz\u0105 si\u0119 bez walki, wi\u0119c&nbsp;jako Nieumar\u0142y Lord musisz z\u0142ama\u0107 ich op\u00f3r i&nbsp;rzuci\u0107 ich na kolana.<\/p>\n<p>PODBIJAJ NIEZNANE KRAINY<\/p>\n<p>W ka\u017cdej rozgrywce generowany losowo \u015bwiat jest pe\u0142en stworze\u0144, artefakt\u00f3w, ukrytych pomieszcze\u0144 i&nbsp;\u015bmiertelnych pu\u0142apek. Ka\u017cd\u0105 cz\u0119\u015b\u0107 \u015bwiata zamieszkuj\u0105 zr\u00f3\u017cnicowani \u017cywi mieszka\u0144cy. Mo\u017cesz naje\u017cd\u017ca\u0107 wioski i&nbsp;mordowa\u0107 s\u0142abych ch\u0142op\u00f3w, aby wzmocni\u0107 swoj\u0105 armi\u0119, albo&nbsp;rzuci\u0107 si\u0119 w wir walki na \u015bmier\u0107 i&nbsp;\u017cycie przeciw trudnym przeciwnikom na bagnach.<\/p>\n<p>POZNAWAJ SEKRETY NEKROMANCJI<\/p>\n<p>Zbieraj zagadkowe zapiski, wyci\u0105gaj si\u0142\u0105 informacje od wrog\u00f3w i&nbsp;badaj napisy na staro\u017cytnych artefaktach, aby stopniowo odzyskiwa\u0107 utracone wspomnienia Nekromanty. Odkrywaj natur\u0119 jego nie\u015bmiertelno\u015bci i&nbsp;sekrety jego nieod\u0142\u0105cznego amuletu, aby pozna\u0107 mroczn\u0105 prawd\u0119 o&nbsp;najwy\u017cszej hierarchii Ko\u015bcio\u0142a.<\/p>\n<p>WALCZ Z EPICKIMI BOSSAMI<\/p>\n<p>Pot\u0119\u017cne stworzenia zamieszkuj\u0105ce ten mroczny \u015bwiat zrobi\u0105 wszystko, aby Ci\u0119 powstrzyma\u0107. Ka\u017cdy boss walczy w inny spos\u00f3b i&nbsp;ma unikatowe umiej\u0119tno\u015bci, co oznacza, \u017ce aby wyj\u015b\u0107 zwyci\u0119sko z&nbsp;tych wymagaj\u0105cych bitew, musisz wykaza\u0107 si\u0119 zar\u00f3wno zr\u0119czno\u015bci\u0105, jak i&nbsp;strategicznym my\u015bleniem.<\/p>\n<p>UMIERAJ I ODRADZAJ SI\u0118<\/p>\n<p>Najwi\u0119ksz\u0105 tajemnic\u0105 Nekromanty jest umiej\u0119tno\u015b\u0107 oszukania \u015bmierci. Kolejna \u015bmier\u0107 w walce to dla niego tylko pomniejsza przeszkoda. Wyci\u0105gaj wnioski z&nbsp;pora\u017cek i&nbsp;nie pope\u0142niaj drugi raz tych samych b\u0142\u0119d\u00f3w.<\/p>\n<p><\/p>","protected":false},"excerpt":{"rendered":"<p>Kraina \u017cywych zosta\u0142a prze\u017carta zepsuciem. Zbli\u017ca si\u0119 zawierucha, kt\u00f3ra zmieni porz\u0105dek \u015bwiata. Ta zawierucha to Ty: pot\u0119\u017cny Nekromanta \u2014 czarnoksi\u0119\u017cnik, kt\u00f3ry przeciwstawia si\u0119 \u015bmierci i&nbsp;przewodzi legionom umar\u0142ych. Duchowni i&nbsp;lordowie pr\u00f3buj\u0105 ukrywa\u0107 si\u0119 za wysokimi murami, ale \u017cadna forteca nie powstrzyma Twojego gniewu. Pokonaj setki wrog\u00f3w pr\u00f3buj\u0105cych Ci\u0119 zatrzyma\u0107 i&nbsp;zmie\u0144 ich w swoje s\u0142ugi, kt\u00f3re b\u0119d\u0105 [&hellip;]<\/p>\n","protected":false},"featured_media":688506,"comment_status":"closed","ping_status":"closed","template":"","meta":{"ub_ctt_via":""},"product_cat":[229,88,127,221,89],"product_tag":[218],"class_list":["post-687733","product","type-product","status-publish","has-post-thumbnail","hentry","product_cat-early-access","product_cat-action","product_cat-adventure","product_cat-indie","product_cat-rpg","product_tag-games","platform-steam-works"],"_links":{"self":[{"href":"https:\/\/neuvee.com\/pl\/wp-json\/wp\/v2\/product\/687733","targetHints":{"allow":["GET"]}}],"collection":[{"href":"https:\/\/neuvee.com\/pl\/wp-json\/wp\/v2\/product"}],"about":[{"href":"https:\/\/neuvee.com\/pl\/wp-json\/wp\/v2\/types\/product"}],"replies":[{"embeddable":true,"href":"https:\/\/neuvee.com\/pl\/wp-json\/wp\/v2\/comments?post=687733"}],"wp:featuredmedia":[{"embeddable":true,"href":"https:\/\/neuvee.com\/pl\/wp-json\/wp\/v2\/media\/688506"}],"wp:attachment":[{"href":"https:\/\/neuvee.com\/pl\/wp-json\/wp\/v2\/media?parent=687733"}],"wp:term":[{"taxonomy":"product_cat","embeddable":true,"href":"https:\/\/neuvee.com\/pl\/wp-json\/wp\/v2\/product_cat?post=687733"},{"taxonomy":"product_tag","embeddable":true,"href":"https:\/\/neuvee.com\/pl\/wp-json\/wp\/v2\/product_tag?post=687733"}],"curies":[{"name":"wp","href":"https:\/\/api.w.org\/{rel}","templated":true}]}}