{"id":687689,"date":"2023-09-29T13:11:53","date_gmt":"2023-09-29T13:11:53","guid":{"rendered":"https:\/\/neuvee.com\/?post_type=product&#038;p=687689"},"modified":"2025-05-19T13:35:51","modified_gmt":"2025-05-19T13:35:51","slug":"the-survivalists-monkey-business-pack-6","status":"publish","type":"product","link":"https:\/\/neuvee.com\/pl\/product\/the-survivalists-monkey-business-pack-6\/","title":{"rendered":"THE SURVIVALISTS &#8211; MONKEY BUSINESS PACK"},"content":{"rendered":"<p>Czyhaj\u0105ce na wyspie niebezpiecze\u0144stwa przerastaj\u0105 Twoje mo\u017cliwo\u015bci? Sko\u0144cz z&nbsp;ma\u0142pimi harcami i&nbsp;postaw na przetrwanie w wielkim stylu z&nbsp;pakietem Monkey Business!<br \/>\nJe\u015bli chcesz ubiera\u0107 si\u0119 w najmodniejsze kreacje dla rozbitk\u00f3w, w tym pakiecie zawarto\u015bci dodatkowej znajdziesz misj\u0119 poboczn\u0105 Box-Ex z&nbsp;zaginion\u0105 przesy\u0142k\u0105 specjaln\u0105, kt\u00f3ra trafi&#8230; w Twoje r\u0119ce! Odszukaj wrak samolotu i&nbsp;znajd\u017a w nim przedmioty, kt\u00f3rych pozazdroszcz\u0105 Ci wszyscy na wyspie:\u00a0\u00a0<br \/>\n3 nakrycia g\u0142owy dla gracza: kapelusz s\u0142omkowy, czapka stra\u017cnika z&nbsp;Escapist i&nbsp;czapka-jednoro\u017cec<br \/>\n6 nakry\u0107 g\u0142owy dla ma\u0142p: cylinder, czapka drwala, czapka kucharska, korona, kask i&nbsp;piracki kapelusz<\/p>\n<p><\/p>","protected":false},"excerpt":{"rendered":"<p>Czyhaj\u0105ce na wyspie niebezpiecze\u0144stwa przerastaj\u0105 Twoje mo\u017cliwo\u015bci? Sko\u0144cz z&nbsp;ma\u0142pimi harcami i&nbsp;postaw na przetrwanie w wielkim stylu z&nbsp;pakietem Monkey Business! Je\u015bli chcesz ubiera\u0107 si\u0119 w najmodniejsze kreacje dla rozbitk\u00f3w, w tym pakiecie zawarto\u015bci dodatkowej znajdziesz misj\u0119 poboczn\u0105 Box-Ex z&nbsp;zaginion\u0105 przesy\u0142k\u0105 specjaln\u0105, kt\u00f3ra trafi&#8230; w Twoje r\u0119ce! Odszukaj wrak samolotu i&nbsp;znajd\u017a w nim przedmioty, kt\u00f3rych pozazdroszcz\u0105 Ci [&hellip;]<\/p>\n","protected":false},"featured_media":694423,"comment_status":"closed","ping_status":"closed","template":"","meta":{"ub_ctt_via":""},"product_cat":[88,127,221],"product_tag":[218],"class_list":["post-687689","product","type-product","status-publish","has-post-thumbnail","hentry","product_cat-action","product_cat-adventure","product_cat-indie","product_tag-games","platform-steam-works"],"_links":{"self":[{"href":"https:\/\/neuvee.com\/pl\/wp-json\/wp\/v2\/product\/687689","targetHints":{"allow":["GET"]}}],"collection":[{"href":"https:\/\/neuvee.com\/pl\/wp-json\/wp\/v2\/product"}],"about":[{"href":"https:\/\/neuvee.com\/pl\/wp-json\/wp\/v2\/types\/product"}],"replies":[{"embeddable":true,"href":"https:\/\/neuvee.com\/pl\/wp-json\/wp\/v2\/comments?post=687689"}],"wp:featuredmedia":[{"embeddable":true,"href":"https:\/\/neuvee.com\/pl\/wp-json\/wp\/v2\/media\/694423"}],"wp:attachment":[{"href":"https:\/\/neuvee.com\/pl\/wp-json\/wp\/v2\/media?parent=687689"}],"wp:term":[{"taxonomy":"product_cat","embeddable":true,"href":"https:\/\/neuvee.com\/pl\/wp-json\/wp\/v2\/product_cat?post=687689"},{"taxonomy":"product_tag","embeddable":true,"href":"https:\/\/neuvee.com\/pl\/wp-json\/wp\/v2\/product_tag?post=687689"}],"curies":[{"name":"wp","href":"https:\/\/api.w.org\/{rel}","templated":true}]}}