{"id":687681,"date":"2023-09-29T12:53:38","date_gmt":"2023-09-29T12:53:38","guid":{"rendered":"https:\/\/neuvee.com\/?post_type=product&#038;p=687681"},"modified":"2025-05-19T13:20:49","modified_gmt":"2025-05-19T13:20:49","slug":"the-survivalists-deluxe-edition-6","status":"publish","type":"product","link":"https:\/\/neuvee.com\/pl\/product\/the-survivalists-deluxe-edition-6\/","title":{"rendered":"THE SURVIVALISTS &#8211; DELUXE EDITION"},"content":{"rendered":"<p>Gra The Survivalists to t\u0119tni\u0105cy \u017cyciem \u015bwiat z&nbsp;mn\u00f3stwem niespodzianek, tajemnic i&nbsp;niebezpiecze\u0144stw \u2014 rozgrywka w trybie piaskownicy w uniwersum The Escapists. Walcz o&nbsp;przetrwanie, eksploruj\u0105c, buduj\u0105c, a&nbsp;nawet szkol\u0105c ma\u0142py wraz z&nbsp;tr\u00f3jk\u0105 znajomych. Przygotuj si\u0119 na wypraw\u0119 w nieznane i&nbsp;zabierz ze sob\u0105 gr\u0119 The Survivalists Deluxe Edition.<br \/>\nBonus przedpremierowy \u2014 otrzymasz trzydniowy dost\u0119p do pe\u0142nej wersji beta przed premier\u0105 gry.<br \/>\nZawarto\u015b\u0107 pakietu Deluxe Edition:<br \/>\nGra The Survivalists<br \/>\nPakiet Monkey Business: b\u0105d\u017a&nbsp;najmodniejszym rozbitkiem na ca\u0142ej wyspie \u2014 wszyscy zzieleniej\u0105 z&nbsp;zazdro\u015bci. W pakiecie w ramach misji pobocznej Box-Ex znajdziesz trzy kapelusze dla gracza i&nbsp;sze\u015b\u0107 kapeluszy dla ma\u0142p.<br \/>\nOficjalna \u015bcie\u017cka d\u017awi\u0119kowa gry The Survivalists: wkrocz do wyspiarskiego raju dzi\u0119ki oficjalnej \u015bcie\u017cce d\u017awi\u0119kowej sk\u0142adaj\u0105cej si\u0119 z&nbsp;15 utwor\u00f3w. Odg\u0142os\u00f3w ma\u0142p nie nagrywali\u015bmy.<br \/>\nCyfrowy album z&nbsp;grafikami z&nbsp;gry The Survivalistst: ten cyfrowy album z&nbsp;grafikami, na kt\u00f3rych szczeg\u00f3\u0142owo zilustrowano obiekty i&nbsp;postaci z&nbsp;tego fantastycznego \u015bwiata, to idealny spos\u00f3b na relaks w spokojniejszych chwilach rozgrywki, wolnych od ork\u00f3w i&nbsp;wrogo nastawionej dzikiej przyrody.<br \/>\nOdwa\u017cysz si\u0119 do\u0142\u0105czy\u0107 do grona surwiwalist\u00f3w?  <\/p>\n<p>*\u015awiat przyg\u00f3d i&nbsp;mo\u017cliwo\u015bci *<br \/>\nTa wyspa \u017cyje! Tw\u00f3j nowy dom b\u0119dzie zmienia\u0107 si\u0119 w rytm cyklu dobowego wraz z&nbsp;odkrywaniem przez Ciebie jego tajemnic. Zdobywaj po\u017cywienie, poluj\u0105c na zwierz\u0119ta (lub sta\u0144 si\u0119 ich \u0142upem!) i&nbsp;zmierz si\u0119 z&nbsp;mitycznymi adwersarzami, kt\u00f3rzy niekoniecznie uciesz\u0105 si\u0119 na Tw\u00f3j widok. Realizuj misje zlecane przez tajemniczego nieznajomego lub&nbsp;znajdowane na wybrze\u017cu. Przygotuj si\u0119 do wyprawy na wygenerowane proceduralnie pustkowia w r\u00f3\u017cnorodnych biomach \u2014 na ka\u017cdego gracza czeka inna przygoda.<\/p>\n<p>*Wsp\u00f3lne budowanie, wsp\u00f3lna walka o&nbsp;przetrwanie *<br \/>\nCzyhaj\u0105ce na wyspie niebezpiecze\u0144stwa przerastaj\u0105 Twoje mo\u017cliwo\u015bci? A mo\u017ce chcesz po prostu podzieli\u0107 si\u0119 ze znajomymi zdobytymi umiej\u0119tno\u015bciami budowniczego? Gra The Survivalists to co\u015b dla Ciebie! Prze\u017cywajcie wsp\u00f3lne przygody, zdobywajcie \u0142upy, handlujcie mi\u0119dzy sob\u0105 i&nbsp;wsp\u00f3lnie walczcie o&nbsp;przetrwanie \u2014 mo\u017cesz eksplorowa\u0107 rajsk\u0105 wysp\u0119 w towarzystwie nawet trzech innych rozbitk\u00f3w.<\/p>\n<p>*Ma\u0142powanie *<br \/>\nJe\u015bli szukasz budowniczego, drwala czy cho\u0107by \u017co\u0142nierza, mo\u017cesz oswoi\u0107 i&nbsp;wyszkoli\u0107 napotykane na wyspie ma\u0142py, aby pomaga\u0142y Ci w codziennych pracach lub&nbsp;w najazdach na ob\u00f3z fanatyk\u00f3w! System na\u015bladowania przek\u0142ada si\u0119 na ogromn\u0105 r\u00f3\u017cnorodno\u015b\u0107 funkcji, kt\u00f3re mog\u0105 wykonywa\u0107 mali mi\u0142o\u015bnicy banan\u00f3w, przy czym zarz\u0105dzanie dzia\u0142aniami ma\u0142p jest niezb\u0119dne, aby przetrwa\u0107 wyzwania czekaj\u0105ce Ci\u0119 na wyspie.<\/p>\n<p>*Zr\u0119czne r\u0119ce *<br \/>\nKluczem do przetrwania jest maksymalne wykorzystanie dost\u0119pnych wok\u00f3\u0142 zasob\u00f3w. Mo\u017ce chodzi\u0107 o&nbsp;sklecenie prymitywnej siekiery, kt\u00f3r\u0105 mo\u017cna nar\u0105ba\u0107 drewna, lub&nbsp;o&nbsp;przygotowanie po\u017cywnego owocowego smoothie, aby pozby\u0107 si\u0119 uczucia g\u0142odu. Odkrywaj przepisy, zwi\u0119kszaj\u0105c liczb\u0119 dost\u0119pnych rodzaj\u00f3w po\u017cywienia, przedmiot\u00f3w lub&nbsp;struktur wykonywanych z&nbsp;drewna. <\/p>\n<p>*Podejmij wyzwanie*<br \/>\nSzukasz imponuj\u0105cego miecza do powieszenia na \u015bcianie chaty czy mo\u017ce chcesz rozprawi\u0107 si\u0119 z&nbsp;nieprzyjaci\u00f3\u0142mi wkraczaj\u0105cymi na Tw\u00f3j teren? Mo\u017cliwe, \u017ce szukasz jednej z&nbsp;wielu rozsianych po wyspie \u015bwi\u0105ty\u0144. Tak czy inaczej, zdobycie \u0142upu nie b\u0119dzie \u0142atwe, a&nbsp;do wyprawy po skarby trzeba si\u0119 porz\u0105dnie przygotowa\u0107.<\/p>\n<p><\/p>","protected":false},"excerpt":{"rendered":"<p>Gra The Survivalists to t\u0119tni\u0105cy \u017cyciem \u015bwiat z&nbsp;mn\u00f3stwem niespodzianek, tajemnic i&nbsp;niebezpiecze\u0144stw \u2014 rozgrywka w trybie piaskownicy w uniwersum The Escapists. Walcz o&nbsp;przetrwanie, eksploruj\u0105c, buduj\u0105c, a&nbsp;nawet szkol\u0105c ma\u0142py wraz z&nbsp;tr\u00f3jk\u0105 znajomych. Przygotuj si\u0119 na wypraw\u0119 w nieznane i&nbsp;zabierz ze sob\u0105 gr\u0119 The Survivalists Deluxe Edition. Bonus przedpremierowy \u2014 otrzymasz trzydniowy dost\u0119p do pe\u0142nej wersji beta przed [&hellip;]<\/p>\n","protected":false},"featured_media":687769,"comment_status":"closed","ping_status":"closed","template":"","meta":{"ub_ctt_via":""},"product_cat":[88,127,223,221],"product_tag":[218],"class_list":["post-687681","product","type-product","status-publish","has-post-thumbnail","hentry","product_cat-action","product_cat-adventure","product_cat-casual","product_cat-indie","product_tag-games","platform-steam-works"],"_links":{"self":[{"href":"https:\/\/neuvee.com\/pl\/wp-json\/wp\/v2\/product\/687681","targetHints":{"allow":["GET"]}}],"collection":[{"href":"https:\/\/neuvee.com\/pl\/wp-json\/wp\/v2\/product"}],"about":[{"href":"https:\/\/neuvee.com\/pl\/wp-json\/wp\/v2\/types\/product"}],"replies":[{"embeddable":true,"href":"https:\/\/neuvee.com\/pl\/wp-json\/wp\/v2\/comments?post=687681"}],"wp:featuredmedia":[{"embeddable":true,"href":"https:\/\/neuvee.com\/pl\/wp-json\/wp\/v2\/media\/687769"}],"wp:attachment":[{"href":"https:\/\/neuvee.com\/pl\/wp-json\/wp\/v2\/media?parent=687681"}],"wp:term":[{"taxonomy":"product_cat","embeddable":true,"href":"https:\/\/neuvee.com\/pl\/wp-json\/wp\/v2\/product_cat?post=687681"},{"taxonomy":"product_tag","embeddable":true,"href":"https:\/\/neuvee.com\/pl\/wp-json\/wp\/v2\/product_tag?post=687681"}],"curies":[{"name":"wp","href":"https:\/\/api.w.org\/{rel}","templated":true}]}}