{"id":687636,"date":"2023-09-29T12:32:31","date_gmt":"2023-09-29T12:32:31","guid":{"rendered":"https:\/\/neuvee.com\/?post_type=product&#038;p=687636"},"modified":"2025-05-19T14:02:07","modified_gmt":"2025-05-19T14:02:07","slug":"the-serpent-rogue-6","status":"publish","type":"product","link":"https:\/\/neuvee.com\/pl\/product\/the-serpent-rogue-6\/","title":{"rendered":"THE SERPENT ROGUE"},"content":{"rendered":"<p>The Serpent Rogue to botaniczna gra akcji i&nbsp;przygody, w kt\u00f3rej eksplorujesz \u015bredniowieczny \u015bwiat fantasy, poznajesz tajniki alchemii i&nbsp;oswajasz dzikie stworzenia.<\/p>\n<p>Graj\u0105c jako tajemniczy alchemik zwany Stra\u017cnikiem, b\u0119dziesz warzy\u0107 eliksiry do obrony krainy przed przera\u017aliwym W\u0119\u017cowym \u0141otrem!<br \/>\n                                                                                                           ODKRYJ NIEZNANE<\/p>\n<p>W\u0119\u017cowy \u0141otr zapanowa\u0142 na szczycie G\u00f3ry Morbus. Jego z\u0142o szybko si\u0119 rozprzestrzenia i&nbsp;grozi zag\u0142ad\u0105 ca\u0142ej krainy. Twoim zadaniem jako Stra\u017cnika jest stawi\u0107 czo\u0142a W\u0119\u017cowemu \u0141otrowi i&nbsp;zaprowadzi\u0107 pok\u00f3j na tych ziemiach. Przemierzaj ca\u0142\u0105 map\u0119, odkrywaj tajne przej\u015bcia i&nbsp;gromad\u017a wiedz\u0119, kt\u00f3ra pomo\u017ce Ci w obliczu nadchodz\u0105cej katastrofy.<br \/>\n                                                                                                                WARZ ELIKSIRY I EKSPERYMENTUJ<\/p>\n<p>U\u017cywaj\u0105c umiej\u0119tno\u015bci alchemicznych, eksperymentuj z&nbsp;r\u00f3\u017cnymi sk\u0142adnikami, aby stworzy\u0107 niesamowite eliksiry, ka\u017cdy o&nbsp;niepowtarzalnych w\u0142a\u015bciwo\u015bciach. Przyjmuj misje od mieszka\u0144c\u00f3w przekl\u0119tej krainy i&nbsp;zdobywaj zasoby niezb\u0119dne do dalszych zmaga\u0144.<br \/>\n                                                                                                            KA\u017bDA CZYNNO\u015a\u0106 MA KONSEKWENCJE<\/p>\n<p>Ka\u017cda czynno\u015b\u0107 ma ciekawe konsekwencje. Trzymaj\u0105c zbyt wiele stworze\u0144 w jednym miejscu, zwabisz krwio\u017cerczych \u017cniwiarzy. Niepogrzebani martwi przyci\u0105gn\u0105 po\u017ceraj\u0105ce zw\u0142oki upiory. Je\u015bli b\u0119dziesz sk\u0142adowa\u0107 za du\u017co przedmiot\u00f3w w jednym miejscu, przyci\u0105gniesz rozprzestrzeniaj\u0105ce zaraz\u0119 szkodniki.<br \/>\n                                                                                                                      EWOLUUJ<\/p>\n<p>Przeistaczaj si\u0119 w r\u00f3\u017cne stwory, warz eliksiry, kt\u00f3re zmieni\u0105 Twoje cia\u0142o, dadz\u0105 Ci specjalne zdolno\u015bci i&nbsp;pomog\u0105 osi\u0105gn\u0105\u0107 idealn\u0105 harmoni\u0119 ludzkich i&nbsp;zwierz\u0119cych cech.<\/p>\n<p><\/p>","protected":false},"excerpt":{"rendered":"<p>The Serpent Rogue to botaniczna gra akcji i&nbsp;przygody, w kt\u00f3rej eksplorujesz \u015bredniowieczny \u015bwiat fantasy, poznajesz tajniki alchemii i&nbsp;oswajasz dzikie stworzenia. Graj\u0105c jako tajemniczy alchemik zwany Stra\u017cnikiem, b\u0119dziesz warzy\u0107 eliksiry do obrony krainy przed przera\u017aliwym W\u0119\u017cowym \u0141otrem! ODKRYJ NIEZNANE W\u0119\u017cowy \u0141otr zapanowa\u0142 na szczycie G\u00f3ry Morbus. Jego z\u0142o szybko si\u0119 rozprzestrzenia i&nbsp;grozi zag\u0142ad\u0105 ca\u0142ej krainy. Twoim [&hellip;]<\/p>\n","protected":false},"featured_media":688400,"comment_status":"closed","ping_status":"closed","template":"","meta":{"ub_ctt_via":""},"product_cat":[88,127,221,89],"product_tag":[218],"class_list":["post-687636","product","type-product","status-publish","has-post-thumbnail","hentry","product_cat-action","product_cat-adventure","product_cat-indie","product_cat-rpg","product_tag-games","platform-steam-works"],"_links":{"self":[{"href":"https:\/\/neuvee.com\/pl\/wp-json\/wp\/v2\/product\/687636","targetHints":{"allow":["GET"]}}],"collection":[{"href":"https:\/\/neuvee.com\/pl\/wp-json\/wp\/v2\/product"}],"about":[{"href":"https:\/\/neuvee.com\/pl\/wp-json\/wp\/v2\/types\/product"}],"replies":[{"embeddable":true,"href":"https:\/\/neuvee.com\/pl\/wp-json\/wp\/v2\/comments?post=687636"}],"wp:featuredmedia":[{"embeddable":true,"href":"https:\/\/neuvee.com\/pl\/wp-json\/wp\/v2\/media\/688400"}],"wp:attachment":[{"href":"https:\/\/neuvee.com\/pl\/wp-json\/wp\/v2\/media?parent=687636"}],"wp:term":[{"taxonomy":"product_cat","embeddable":true,"href":"https:\/\/neuvee.com\/pl\/wp-json\/wp\/v2\/product_cat?post=687636"},{"taxonomy":"product_tag","embeddable":true,"href":"https:\/\/neuvee.com\/pl\/wp-json\/wp\/v2\/product_tag?post=687636"}],"curies":[{"name":"wp","href":"https:\/\/api.w.org\/{rel}","templated":true}]}}