{"id":687550,"date":"2023-09-29T12:23:31","date_gmt":"2023-09-29T12:23:31","guid":{"rendered":"https:\/\/neuvee.com\/?post_type=product&#038;p=687550"},"modified":"2025-05-19T13:20:33","modified_gmt":"2025-05-19T13:20:33","slug":"shame-legacy","status":"publish","type":"product","link":"https:\/\/neuvee.com\/pl\/product\/shame-legacy\/","title":{"rendered":"SHAME LEGACY"},"content":{"rendered":"<p>Shame Legacy to pierwszoosobowa gra z&nbsp;gatunku survival horror, kt\u00f3rej akcja ma miejsce w opuszczonej, opanowanej przez sekt\u0119 wiosce. Spr\u00f3buj przetrwa\u0107, skradaj\u0105c si\u0119 i&nbsp;uciekaj\u0105c. Rozwi\u0105zuj zagadki, by dowiedzie\u0107 si\u0119, co masz z&nbsp;tym wszystkim wsp\u00f3lnego. Tymczasem pojawia si\u0119 przera\u017caj\u0105ce zagro\u017cenie\u2026<\/p>\n<p>PRZETRWAJ POLOWANIE<br \/>\nBudzisz si\u0119 w przesz\u0142o\u015bci, nie wiedz\u0105c, co si\u0119 dzieje. Szybko dociera do ciebie, \u017ce: 1. Trwaj\u0105 \u0142owy. 2. To ty jeste\u015b celem polowania.<br \/>\nWygl\u0105da na to, \u017ce wr\u00f3ci\u0142o do ciebie rodzinne dziedzictwo, cho\u0107 mo\u017ce nie do ko\u0144ca tak, jak mo\u017cna by by\u0142o sobie wymarzy\u0107. C\u00f3\u017c, spadek nie zawsze oznacza drogie jachty. <\/p>\n<p>RUSZ G\u0141OW\u0104 I NIE DAJ SI\u0118 DOSTRZEC<br \/>\nJe\u015bli chcesz wyj\u015b\u0107 z&nbsp;tej sytuacji w jednym kawa\u0142ku, musisz porusza\u0107 si\u0119 bezszelestnie, unikaj\u0105c kontaktu. Mieszka\u0144cy wioski s\u0105 wsz\u0119dzie i&nbsp;depcz\u0105 ci po pi\u0119tach. A je\u015bli ci\u0119 znajd\u0105, z&nbsp;pewno\u015bci\u0105 ci\u0119 dogoni\u0105\u2026<br \/>\nTwoja inteligencja przyda si\u0119 podczas rozwi\u0105zywania zagadek. Podobnie jak laska, kt\u00f3ra mo\u017ce ci pos\u0142u\u017cy\u0107 jako bro\u0144 przeciwko rozjuszonym mieszka\u0144com wioski. Bardzo ekologiczne podej\u015bcie do maksymalizacji zasob\u00f3w.<\/p>\n<p>NIE PANIKUJ<br \/>\nZnale\u017ali ci\u0119? To jeszcze nie tragedia, je\u015bli dasz rad\u0119 szybko biega\u0107 i&nbsp;umiesz trzyma\u0107 nerwy na wodzy. Gdy tylko si\u0119 obudzisz, wioskowy doktor powie ci par\u0119 ciep\u0142ych s\u0142\u00f3w na temat twojego zdrowia i&nbsp;odporno\u015bci na stres. Je\u015bli znajdziesz si\u0119 na granicy, mo\u017cesz znale\u017a\u0107 ulg\u0119. Uwaga: to nie jest reklama leku.<br \/>\nGrafika \u2013 niepokoj\u0105cy klimat osiemnastowiecznej wsi<br \/>\nFabu\u0142a \u2013 oparta na prawdziwych wydarzeniach, zbudowana wok\u00f3\u0142 wewn\u0119trznego kompasu moralnego.<br \/>\nSkradanie \u2013 poruszaj si\u0119 bezszelestnie i&nbsp;unikaj kontaktu. Depcz\u0105 ci po pi\u0119tach!<br \/>\nAkcja \u2013 je\u015bli ci\u0119 znajd\u0105, walcz o&nbsp;\u017cycie lub&nbsp;uciekaj.<br \/>\nZagadki \u2013 przechod\u017a na kolejne poziomy, posi\u0142kuj\u0105c si\u0119 swoj\u0105 lask\u0105.<br \/>\nGra dla ka\u017cdego \u2013 jeden wywa\u017cony poziom trudno\u015bci czyni gr\u0119 przyst\u0119pn\u0105 dla wszystkich graczy.<\/p>\n<p><\/p>","protected":false},"excerpt":{"rendered":"<p>Shame Legacy to pierwszoosobowa gra z&nbsp;gatunku survival horror, kt\u00f3rej akcja ma miejsce w opuszczonej, opanowanej przez sekt\u0119 wiosce. Spr\u00f3buj przetrwa\u0107, skradaj\u0105c si\u0119 i&nbsp;uciekaj\u0105c. Rozwi\u0105zuj zagadki, by dowiedzie\u0107 si\u0119, co masz z&nbsp;tym wszystkim wsp\u00f3lnego. Tymczasem pojawia si\u0119 przera\u017caj\u0105ce zagro\u017cenie\u2026 PRZETRWAJ POLOWANIE Budzisz si\u0119 w przesz\u0142o\u015bci, nie wiedz\u0105c, co si\u0119 dzieje. Szybko dociera do ciebie, \u017ce: 1. [&hellip;]<\/p>\n","protected":false},"featured_media":688481,"comment_status":"closed","ping_status":"closed","template":"","meta":{"ub_ctt_via":""},"product_cat":[88,127,221],"product_tag":[218],"class_list":["post-687550","product","type-product","status-publish","has-post-thumbnail","hentry","product_cat-action","product_cat-adventure","product_cat-indie","product_tag-games","platform-steam-works"],"_links":{"self":[{"href":"https:\/\/neuvee.com\/pl\/wp-json\/wp\/v2\/product\/687550","targetHints":{"allow":["GET"]}}],"collection":[{"href":"https:\/\/neuvee.com\/pl\/wp-json\/wp\/v2\/product"}],"about":[{"href":"https:\/\/neuvee.com\/pl\/wp-json\/wp\/v2\/types\/product"}],"replies":[{"embeddable":true,"href":"https:\/\/neuvee.com\/pl\/wp-json\/wp\/v2\/comments?post=687550"}],"wp:featuredmedia":[{"embeddable":true,"href":"https:\/\/neuvee.com\/pl\/wp-json\/wp\/v2\/media\/688481"}],"wp:attachment":[{"href":"https:\/\/neuvee.com\/pl\/wp-json\/wp\/v2\/media?parent=687550"}],"wp:term":[{"taxonomy":"product_cat","embeddable":true,"href":"https:\/\/neuvee.com\/pl\/wp-json\/wp\/v2\/product_cat?post=687550"},{"taxonomy":"product_tag","embeddable":true,"href":"https:\/\/neuvee.com\/pl\/wp-json\/wp\/v2\/product_tag?post=687550"}],"curies":[{"name":"wp","href":"https:\/\/api.w.org\/{rel}","templated":true}]}}