{"id":687544,"date":"2023-09-29T12:10:30","date_gmt":"2023-09-29T12:10:30","guid":{"rendered":"https:\/\/neuvee.com\/?post_type=product&#038;p=687544"},"modified":"2025-05-19T13:23:36","modified_gmt":"2025-05-19T13:23:36","slug":"cocoon-6","status":"publish","type":"product","link":"https:\/\/neuvee.com\/pl\/product\/cocoon-6\/","title":{"rendered":"COCOON"},"content":{"rendered":"<p>COCOON to najnowsze dzie\u0142o Jeppe Carlsena, g\u0142\u00f3wnego projektanta rozgrywki w LIMBO i&nbsp;INSIDE. Prze\u017cyj niesamowit\u0105 przygod\u0119 w \u015bwiatach wewn\u0105trz \u015bwiat\u00f3w \u2013 opanuj technik\u0119 przeskakiwania mi\u0119dzy \u015bwiatami, aby odkry\u0107 kosmiczn\u0105 tajemnic\u0119.<\/p>\n<p>\u015awiaty wewn\u0105trz \u015bwiat\u00f3w<br \/>\nCOCOON przedstawia zupe\u0142nie nowatorskie podej\u015bcie do gatunku przygod\u00f3wek logicznych \u2013 ka\u017cdy ze \u015bwiat\u00f3w mie\u015bci si\u0119 w kuli, kt\u00f3r\u0105 mo\u017cesz nie\u015b\u0107 na swych plecach. Opanuj kluczow\u0105 mechanik\u0119 przeskakiwania mi\u0119dzy \u015bwiatami \u2013 \u0142\u0105cz je, modyfikuj i&nbsp;przestawiaj, aby rozwi\u0105za\u0107 skomplikowane zagadki.<\/p>\n<p>Obca technologia<br \/>\nOdnajd\u017a si\u0119 w obcych ekosystemach i&nbsp;korzystaj z&nbsp;biomechanicznych urz\u0105dze\u0144 pozostawionych przez pradawn\u0105 cywilizacj\u0119. Przemierzaj unikatowe, r\u00f3\u017cnorodne biomy, od obiekt\u00f3w przemys\u0142owych po organiczne jaskinie, i&nbsp;odkrywaj, co je \u0142\u0105czy.<\/p>\n<p>Umiej\u0119tno\u015bci kuli<br \/>\nDo ka\u017cdej kuli przypisana jest umiej\u0119tno\u015b\u0107 do odblokowania, dzi\u0119ki kt\u00f3rej zamieni si\u0119 ona w bezcenne narz\u0119dzie przydatne w innych \u015bwiatach. Korzystaj z&nbsp;tych umiej\u0119tno\u015bci, aby odkrywa\u0107 ukryte \u015bcie\u017cki i&nbsp;obiekty, strzela\u0107 pociskami, u\u017cywa\u0107 prze\u0142\u0105cznik\u00f3w i&nbsp;wiele wi\u0119cej.<\/p>\n<p>Potworni wartownicy<br \/>\nNa stra\u017cy ka\u017cdego ze \u015bwiat\u00f3w stoj\u0105 pot\u0119\u017cni wartownicy. Staw im czo\u0142a w zaci\u0119tych bitwach \u2013 ka\u017cda z&nbsp;nich b\u0119dzie zupe\u0142nie wyj\u0105tkowa i&nbsp;b\u0119dzie wymaga\u0142a opanowania nowych, satysfakcjonuj\u0105cych mechanik.<\/p>\n<p><\/p>","protected":false},"excerpt":{"rendered":"<p>COCOON to najnowsze dzie\u0142o Jeppe Carlsena, g\u0142\u00f3wnego projektanta rozgrywki w LIMBO i&nbsp;INSIDE. Prze\u017cyj niesamowit\u0105 przygod\u0119 w \u015bwiatach wewn\u0105trz \u015bwiat\u00f3w \u2013 opanuj technik\u0119 przeskakiwania mi\u0119dzy \u015bwiatami, aby odkry\u0107 kosmiczn\u0105 tajemnic\u0119. \u015awiaty wewn\u0105trz \u015bwiat\u00f3w COCOON przedstawia zupe\u0142nie nowatorskie podej\u015bcie do gatunku przygod\u00f3wek logicznych \u2013 ka\u017cdy ze \u015bwiat\u00f3w mie\u015bci si\u0119 w kuli, kt\u00f3r\u0105 mo\u017cesz nie\u015b\u0107 na swych plecach. [&hellip;]<\/p>\n","protected":false},"featured_media":687867,"comment_status":"closed","ping_status":"closed","template":"","meta":{"ub_ctt_via":""},"product_cat":[127,221],"product_tag":[218],"class_list":["post-687544","product","type-product","status-publish","has-post-thumbnail","hentry","product_cat-adventure","product_cat-indie","product_tag-games","platform-steam-works"],"_links":{"self":[{"href":"https:\/\/neuvee.com\/pl\/wp-json\/wp\/v2\/product\/687544","targetHints":{"allow":["GET"]}}],"collection":[{"href":"https:\/\/neuvee.com\/pl\/wp-json\/wp\/v2\/product"}],"about":[{"href":"https:\/\/neuvee.com\/pl\/wp-json\/wp\/v2\/types\/product"}],"replies":[{"embeddable":true,"href":"https:\/\/neuvee.com\/pl\/wp-json\/wp\/v2\/comments?post=687544"}],"wp:featuredmedia":[{"embeddable":true,"href":"https:\/\/neuvee.com\/pl\/wp-json\/wp\/v2\/media\/687867"}],"wp:attachment":[{"href":"https:\/\/neuvee.com\/pl\/wp-json\/wp\/v2\/media?parent=687544"}],"wp:term":[{"taxonomy":"product_cat","embeddable":true,"href":"https:\/\/neuvee.com\/pl\/wp-json\/wp\/v2\/product_cat?post=687544"},{"taxonomy":"product_tag","embeddable":true,"href":"https:\/\/neuvee.com\/pl\/wp-json\/wp\/v2\/product_tag?post=687544"}],"curies":[{"name":"wp","href":"https:\/\/api.w.org\/{rel}","templated":true}]}}