{"id":685440,"date":"2023-09-27T20:41:45","date_gmt":"2023-09-27T20:41:45","guid":{"rendered":"https:\/\/neuvee.com\/?post_type=product&#038;p=685440"},"modified":"2025-05-19T13:26:07","modified_gmt":"2025-05-19T13:26:07","slug":"the-escapists-2-glorious-regime-prison-2","status":"publish","type":"product","link":"https:\/\/neuvee.com\/pl\/product\/the-escapists-2-glorious-regime-prison-2\/","title":{"rendered":"THE ESCAPISTS 2 &#8211; GLORIOUS REGIME PRISON"},"content":{"rendered":"<p>Dr\u017cyj przed Wielkim Re\u017cimem!<br \/>\nPomimo mur\u00f3w, elektrycznego ogrodzenia i&nbsp;faktu, \u017ce nie mo\u017cesz si\u0119 st\u0105d ruszy\u0107 \u2013 ciesz si\u0119, \u017ce to tutaj siedzisz. Wielki Przyw\u00f3dca wszystko widzi i&nbsp;s\u0142yszy. Ka\u017cdego dnia musisz uczestniczy\u0107 w apelach w cieniu jego wielkiego pomnika.<\/p>\n<p>Prze\u017cyj dreszczyk emocji podczas ucieczki z&nbsp;tajnego wi\u0119zienia w g\u0142\u0119bi d\u017cungli. Potrzeba b\u0119dzie determinacji oraz&nbsp;sprytu, by przemkn\u0105\u0107 mimo ci\u0105g\u0142ej obserwacji i&nbsp;umkn\u0105\u0107 nieprzejednanym stra\u017cnikom czy nawet Wielkiemu Przyw\u00f3dcy, by dosta\u0107 si\u0119 na wolno\u015b\u0107.<\/p>\n<p>I pami\u0119taj o&nbsp;modlitwie do Wielkiego Przyw\u00f3dcy!<\/p>","protected":false},"excerpt":{"rendered":"<p>Dr\u017cyj przed Wielkim Re\u017cimem! Pomimo mur\u00f3w, elektrycznego ogrodzenia i&nbsp;faktu, \u017ce nie mo\u017cesz si\u0119 st\u0105d ruszy\u0107 \u2013 ciesz si\u0119, \u017ce to tutaj siedzisz. Wielki Przyw\u00f3dca wszystko widzi i&nbsp;s\u0142yszy. Ka\u017cdego dnia musisz uczestniczy\u0107 w apelach w cieniu jego wielkiego pomnika. Prze\u017cyj dreszczyk emocji podczas ucieczki z&nbsp;tajnego wi\u0119zienia w g\u0142\u0119bi d\u017cungli. Potrzeba b\u0119dzie determinacji oraz&nbsp;sprytu, by przemkn\u0105\u0107 mimo [&hellip;]<\/p>\n","protected":false},"featured_media":685701,"comment_status":"closed","ping_status":"closed","template":"","meta":{"ub_ctt_via":""},"product_cat":[221,78,222],"product_tag":[218],"class_list":["post-685440","product","type-product","status-publish","has-post-thumbnail","hentry","product_cat-indie","product_cat-simulation","product_cat-strategy","product_tag-games","platform-steam-works"],"_links":{"self":[{"href":"https:\/\/neuvee.com\/pl\/wp-json\/wp\/v2\/product\/685440","targetHints":{"allow":["GET"]}}],"collection":[{"href":"https:\/\/neuvee.com\/pl\/wp-json\/wp\/v2\/product"}],"about":[{"href":"https:\/\/neuvee.com\/pl\/wp-json\/wp\/v2\/types\/product"}],"replies":[{"embeddable":true,"href":"https:\/\/neuvee.com\/pl\/wp-json\/wp\/v2\/comments?post=685440"}],"wp:featuredmedia":[{"embeddable":true,"href":"https:\/\/neuvee.com\/pl\/wp-json\/wp\/v2\/media\/685701"}],"wp:attachment":[{"href":"https:\/\/neuvee.com\/pl\/wp-json\/wp\/v2\/media?parent=685440"}],"wp:term":[{"taxonomy":"product_cat","embeddable":true,"href":"https:\/\/neuvee.com\/pl\/wp-json\/wp\/v2\/product_cat?post=685440"},{"taxonomy":"product_tag","embeddable":true,"href":"https:\/\/neuvee.com\/pl\/wp-json\/wp\/v2\/product_tag?post=685440"}],"curies":[{"name":"wp","href":"https:\/\/api.w.org\/{rel}","templated":true}]}}