{"id":685438,"date":"2023-09-27T20:41:08","date_gmt":"2023-09-27T20:41:08","guid":{"rendered":"https:\/\/neuvee.com\/?post_type=product&#038;p=685438"},"modified":"2025-05-19T14:19:39","modified_gmt":"2025-05-19T14:19:39","slug":"the-escapists-2-dungeons-and-duct-tape-3","status":"publish","type":"product","link":"https:\/\/neuvee.com\/pl\/product\/the-escapists-2-dungeons-and-duct-tape-3\/","title":{"rendered":"THE ESCAPISTS 2 &#8211; DUNGEONS AND DUCT TAPE"},"content":{"rendered":"<p>Ta zawarto\u015b\u0107 wymaga podstawowej gry The Escapists 2 na Steamie.<\/p>\n<p>Posiadacze przepustki sezonowej: ta zawarto\u015b\u0107 stanowi cz\u0119\u015b\u0107 przepustki sezonowej!<\/p>\n<p>Uwaga: za przest\u0119pstwa pope\u0142nione przeciwko koronie skazano Ci\u0119 na do\u017cywocie w lochu! Spr\u00f3buj zatrudni\u0107 si\u0119 u lokalnego kowala lub&nbsp;daj pi\u0119kny koncert na lutni ku uciesze innych wi\u0119\u017ani\u00f3w i&nbsp;stra\u017cnik\u00f3w. Zwied\u017a zamek i&nbsp;zobacz sal\u0119 tronow\u0105 \u2013 kto wie, mo\u017ce Twoje wybryki w zamczysku zostan\u0105 nagrodzone.  <\/p>\n<p>Ta \u015bredniowieczna mapa zawiera nowe przedmioty do znalezienia i&nbsp;wytworzenia, kt\u00f3re pomog\u0105 Ci uciec z&nbsp;wielkiej fortecy. Tylko Ty mo\u017cesz si\u0119 uratowa\u0107. Wydostaniesz si\u0119 z&nbsp;wi\u0119zienia si\u0142\u0105, walcz\u0105c z&nbsp;przera\u017aliwymi stra\u017cnikami? A mo\u017ce znajdziesz sprytniejszy spos\u00f3b na pokonanie mur\u00f3w fortecy? Ale uwaga: na zewn\u0105trz czeka Ci\u0119 jeszcze fosa! Czy zdo\u0142asz uciec na mapie Dungeons and Duct Tape? <\/p>\n<p>Mapa Dungeons and Duct Tape jest dost\u0119pna oddzielnie lub&nbsp;w ramach przepustki sezonowej.<\/p>\n<p><\/p>","protected":false},"excerpt":{"rendered":"<p>Ta zawarto\u015b\u0107 wymaga podstawowej gry The Escapists 2 na Steamie. Posiadacze przepustki sezonowej: ta zawarto\u015b\u0107 stanowi cz\u0119\u015b\u0107 przepustki sezonowej! Uwaga: za przest\u0119pstwa pope\u0142nione przeciwko koronie skazano Ci\u0119 na do\u017cywocie w lochu! Spr\u00f3buj zatrudni\u0107 si\u0119 u lokalnego kowala lub&nbsp;daj pi\u0119kny koncert na lutni ku uciesze innych wi\u0119\u017ani\u00f3w i&nbsp;stra\u017cnik\u00f3w. Zwied\u017a zamek i&nbsp;zobacz sal\u0119 tronow\u0105 \u2013 kto wie, [&hellip;]<\/p>\n","protected":false},"featured_media":687492,"comment_status":"closed","ping_status":"closed","template":"","meta":{"ub_ctt_via":""},"product_cat":[221,78,222],"product_tag":[218],"class_list":["post-685438","product","type-product","status-publish","has-post-thumbnail","hentry","product_cat-indie","product_cat-simulation","product_cat-strategy","product_tag-games","platform-steam-works"],"_links":{"self":[{"href":"https:\/\/neuvee.com\/pl\/wp-json\/wp\/v2\/product\/685438","targetHints":{"allow":["GET"]}}],"collection":[{"href":"https:\/\/neuvee.com\/pl\/wp-json\/wp\/v2\/product"}],"about":[{"href":"https:\/\/neuvee.com\/pl\/wp-json\/wp\/v2\/types\/product"}],"replies":[{"embeddable":true,"href":"https:\/\/neuvee.com\/pl\/wp-json\/wp\/v2\/comments?post=685438"}],"wp:featuredmedia":[{"embeddable":true,"href":"https:\/\/neuvee.com\/pl\/wp-json\/wp\/v2\/media\/687492"}],"wp:attachment":[{"href":"https:\/\/neuvee.com\/pl\/wp-json\/wp\/v2\/media?parent=685438"}],"wp:term":[{"taxonomy":"product_cat","embeddable":true,"href":"https:\/\/neuvee.com\/pl\/wp-json\/wp\/v2\/product_cat?post=685438"},{"taxonomy":"product_tag","embeddable":true,"href":"https:\/\/neuvee.com\/pl\/wp-json\/wp\/v2\/product_tag?post=685438"}],"curies":[{"name":"wp","href":"https:\/\/api.w.org\/{rel}","templated":true}]}}