{"id":685206,"date":"2023-09-27T20:26:56","date_gmt":"2023-09-27T20:26:56","guid":{"rendered":"https:\/\/neuvee.com\/?post_type=product&#038;p=685206"},"modified":"2025-05-19T13:26:57","modified_gmt":"2025-05-19T13:26:57","slug":"the-escapists-2-7","status":"publish","type":"product","link":"https:\/\/neuvee.com\/pl\/product\/the-escapists-2-7\/","title":{"rendered":"THE ESCAPISTS 2"},"content":{"rendered":"<p>Wytwarzaj, kradnij, bij si\u0119 i&nbsp;uciekaj! W Escapists 2 wracasz do wi\u0119ziennego \u017cycia. Czas wi\u0119c&nbsp;da\u0107 nog\u0119 z&nbsp;najbardziej restrykcyjnych wi\u0119zie\u0144 na \u015bwiecie! Jeste\u015b w stanie to zrobi\u0107?<\/p>\n<p>Wi\u0119zienie w trybie piaskownicy!<\/p>\n<p>Postaw wszystko na jedn\u0105 kart\u0119, by uciec z&nbsp;najci\u0119\u017cszych wi\u0119zie\u0144 na \u015bwiecie. Odkrywaj najwi\u0119ksze wi\u0119zienia oraz&nbsp;ich pi\u0119tra, dachy, szyby wentylacyjne i&nbsp;podziemne tunele.<br \/>\n\u017byj zgodnie z&nbsp;wi\u0119ziennymi zasadami: uczestnicz w apelach, wykonuj wi\u0119zienne zadania, trzymaj si\u0119 ustalonej rutyny\u2026 a&nbsp;po cichu knuj plany wydostania si\u0119 na zewn\u0105trz!<br \/>\nZwiewaj z&nbsp;przer\u00f3\u017cnych miejsc \u2013 od lodowego wi\u0119zienia Fort Tundra po gnaj\u0105cy przez pustyni\u0119 poci\u0105g czy nawet poza nasz\u0105 atmosfer\u0119!<\/p>\n<p>Stw\u00f3rz w\u0142asnego wi\u0119\u017ania!<\/p>\n<p>Czas sprawi\u0107, by wi\u0119zie\u0144 odpowiednio wygl\u0105da\u0142. Wybieraj spo\u015br\u00f3d olbrzymiej puli element\u00f3w. Niech Twoja posta\u0107 b\u0119dzie wyj\u0105tkowa! W ko\u0144cu jak planowa\u0107 wielkie ucieczki \u2013 to z&nbsp;klas\u0105.<\/p>\n<p>Ucieknij z&nbsp;ekip\u0105!<\/p>\n<p>Po\u0142\u0105cz si\u0142y z&nbsp;1\u20133 znajomych i&nbsp;razem stw\u00f3rzcie niepokonan\u0105 ekip\u0119 mistrz\u00f3w ucieczek \u2013 i&nbsp;dokonajcie naj\u015bmielszych ucieczek w historii! Spotkajcie si\u0119 online albo&nbsp;na kanapie i&nbsp;szykujcie si\u0119 na podst\u0119pne przygody! Wsp\u00f3\u0142praca pozwoli przygotowa\u0107 bardziej rozbudowane i&nbsp;przebieg\u0142e plany.<br \/>\nMasz ochot\u0119 na odrobin\u0119 rywalizacji? Wskocz do trybu rywalizacji i&nbsp;udowodnij, \u017ce przewy\u017cszasz znajomych umiej\u0119tno\u015bci\u0105 ucieczki z&nbsp;ka\u017cdego wi\u0119zienia! Je\u015bli wszystko zawiedzie, rozwi\u0105\u017ccie sprawy na wi\u0119ziennym dziedzi\u0144cu. Pi\u0119\u015bciami.<\/p>\n<p>Dopracuj plan ucieczki!<\/p>\n<p>Pobyt w wi\u0119zieniu wymusza kreatywno\u015b\u0107 i&nbsp;ogranicza zas\u00f3b dost\u0119pnych narz\u0119dzi. Do osi\u0105gni\u0119cia celu musisz stworzy\u0107 bro\u0144 i&nbsp;narz\u0119dzia, \u0142\u0105cz\u0105c ze sob\u0105 przedmioty codziennego u\u017cytku takie jak myd\u0142o czy skarpetki. Kradnij widelce ze sto\u0142\u00f3wki i&nbsp;wykop w swojej celi tunel. Z gazet stw\u00f3rz plakat i&nbsp;u\u017cyj ta\u015bmy, aby ukry\u0107 dowody. Szybko si\u0119 przekonasz, \u017ce szara ta\u015bma rozwi\u0105zuje (prawie) wszystkie problemy!<\/p>\n<p>Przygotuj si\u0119 na walki!<br \/>\n\u00a0<br \/>\nW Escapists 2 wprowadzony zostaje nowy system walki, dzi\u0119ki czemu wi\u0119zienne bijatyki s\u0105 jeszcze lepsze. Blokuj ciosy i&nbsp;\u0142\u0105cz r\u00f3\u017cne ataki, jednocze\u015bnie trzymaj\u0105c dystans do przeciwnika, by zdoby\u0107 przewag\u0119. Pami\u0119taj o&nbsp;si\u0142owni, tam zdob\u0119dziesz troch\u0119 mi\u0119\u015bni.<\/p>\n<p>Nowe sposoby ucieczki!<\/p>\n<p>Ka\u017cde kolejne wi\u0119zienie b\u0119dzie o&nbsp;bardziej zaostrzonym rygorze \u2013 wi\u0119c&nbsp;plany ucieczek b\u0119d\u0105 musia\u0142y by\u0107 bardziej\u2026 wyrafinowane. Z ka\u017cdego wi\u0119zienia mo\u017cna uciec na wiele sposob\u00f3w. Spr\u00f3buj na przyk\u0142ad sporz\u0105dzi\u0107 mikstur\u0119, za pomoc\u0105 kt\u00f3rej sfingujesz swoj\u0105 \u015bmier\u0107. Wtedy kostnica odwali za ciebie ca\u0142\u0105 robot\u0119!<\/p>\n<p>&#8211; 10 wi\u0119zie\u0144<br \/>\n&#8211; 4-osobowe tryby kooperacji i&nbsp;rywalizacji w rozgrywce wieloosobowej<br \/>\n&#8211; Tryb drop-in\/drop-out, online i&nbsp;na dzielonym ekranie<br \/>\n&#8211; Przesz\u0142o 300 mo\u017cliwo\u015bci personalizacji<br \/>\n&#8211; Wielopi\u0119trowe wi\u0119zienia<\/p>","protected":false},"excerpt":{"rendered":"<p>Wytwarzaj, kradnij, bij si\u0119 i&nbsp;uciekaj! W Escapists 2 wracasz do wi\u0119ziennego \u017cycia. Czas wi\u0119c&nbsp;da\u0107 nog\u0119 z&nbsp;najbardziej restrykcyjnych wi\u0119zie\u0144 na \u015bwiecie! Jeste\u015b w stanie to zrobi\u0107? Wi\u0119zienie w trybie piaskownicy! Postaw wszystko na jedn\u0105 kart\u0119, by uciec z&nbsp;najci\u0119\u017cszych wi\u0119zie\u0144 na \u015bwiecie. Odkrywaj najwi\u0119ksze wi\u0119zienia oraz&nbsp;ich pi\u0119tra, dachy, szyby wentylacyjne i&nbsp;podziemne tunele. \u017byj zgodnie z&nbsp;wi\u0119ziennymi zasadami: uczestnicz [&hellip;]<\/p>\n","protected":false},"featured_media":685921,"comment_status":"closed","ping_status":"closed","template":"","meta":{"ub_ctt_via":""},"product_cat":[221,78,222],"product_tag":[218],"class_list":["post-685206","product","type-product","status-publish","has-post-thumbnail","hentry","product_cat-indie","product_cat-simulation","product_cat-strategy","product_tag-games","platform-steam-works"],"_links":{"self":[{"href":"https:\/\/neuvee.com\/pl\/wp-json\/wp\/v2\/product\/685206","targetHints":{"allow":["GET"]}}],"collection":[{"href":"https:\/\/neuvee.com\/pl\/wp-json\/wp\/v2\/product"}],"about":[{"href":"https:\/\/neuvee.com\/pl\/wp-json\/wp\/v2\/types\/product"}],"replies":[{"embeddable":true,"href":"https:\/\/neuvee.com\/pl\/wp-json\/wp\/v2\/comments?post=685206"}],"wp:featuredmedia":[{"embeddable":true,"href":"https:\/\/neuvee.com\/pl\/wp-json\/wp\/v2\/media\/685921"}],"wp:attachment":[{"href":"https:\/\/neuvee.com\/pl\/wp-json\/wp\/v2\/media?parent=685206"}],"wp:term":[{"taxonomy":"product_cat","embeddable":true,"href":"https:\/\/neuvee.com\/pl\/wp-json\/wp\/v2\/product_cat?post=685206"},{"taxonomy":"product_tag","embeddable":true,"href":"https:\/\/neuvee.com\/pl\/wp-json\/wp\/v2\/product_tag?post=685206"}],"curies":[{"name":"wp","href":"https:\/\/api.w.org\/{rel}","templated":true}]}}