{"id":685196,"date":"2023-09-27T20:22:26","date_gmt":"2023-09-27T20:22:26","guid":{"rendered":"https:\/\/neuvee.com\/?post_type=product&#038;p=685196"},"modified":"2025-05-19T13:56:17","modified_gmt":"2025-05-19T13:56:17","slug":"the-escapists-duct-tapes-are-forever-2","status":"publish","type":"product","link":"https:\/\/neuvee.com\/pl\/product\/the-escapists-duct-tapes-are-forever-2\/","title":{"rendered":"THE ESCAPISTS &#8211; DUCT TAPES ARE FOREVER"},"content":{"rendered":"<p>*Aby uruchomi\u0107 t\u0119 zawarto\u015b\u0107, wymagana jest podstawowa wersja gry The Escapists.*<\/p>\n<p>&#8222;&#8221;Duct Tapes Are Forever&#8221;&#8221; to zupe\u0142nie nowa tre\u015b\u0107 do pobrania \u2013 uciekinierzy z&nbsp;The Escapists przenosz\u0105 si\u0119 do tajnego \u015bwiata szpieg\u00f3w, z\u0142oczy\u0144c\u00f3w i&nbsp;smoking\u00f3w.<br \/>\nOkropny szef chce namierzy\u0107 i&nbsp;wy\u0142apa\u0107 wszystkich szpieg\u00f3w, kt\u00f3rzy wci\u0105\u017c torpeduj\u0105 jego plany. Przejmij kontrol\u0119 nad superszpiegiem w smokingu, osaczonym w swoim mateczniku i&nbsp;pilnowanym przez zbir\u00f3w.<\/p>\n<p>&#8211; Zupe\u0142nie nowa podziemna kryj\u00f3wka, z&nbsp;kt\u00f3rej musisz uciec<br \/>\n&#8211; B\u0142yskotliwe szpiegowskie dialogi i&nbsp;grafika<br \/>\n&#8211; Nowe przedmioty i&nbsp;narz\u0119dzia, kt\u00f3rych zastosowanie musisz rozgry\u017a\u0107!<br \/>\n&#8211; Zupe\u0142nie nowy temat muzyczny<br \/>\n&#8211; Nowe rankingi i&nbsp;osi\u0105gni\u0119cia<br \/>\n<\/p>","protected":false},"excerpt":{"rendered":"<p>*Aby uruchomi\u0107 t\u0119 zawarto\u015b\u0107, wymagana jest podstawowa wersja gry The Escapists.* &#8222;&#8221;Duct Tapes Are Forever&#8221;&#8221; to zupe\u0142nie nowa tre\u015b\u0107 do pobrania \u2013 uciekinierzy z&nbsp;The Escapists przenosz\u0105 si\u0119 do tajnego \u015bwiata szpieg\u00f3w, z\u0142oczy\u0144c\u00f3w i&nbsp;smoking\u00f3w. Okropny szef chce namierzy\u0107 i&nbsp;wy\u0142apa\u0107 wszystkich szpieg\u00f3w, kt\u00f3rzy wci\u0105\u017c torpeduj\u0105 jego plany. Przejmij kontrol\u0119 nad superszpiegiem w smokingu, osaczonym w swoim mateczniku [&hellip;]<\/p>\n","protected":false},"featured_media":685757,"comment_status":"closed","ping_status":"closed","template":"","meta":{"ub_ctt_via":""},"product_cat":[222],"product_tag":[218],"class_list":["post-685196","product","type-product","status-publish","has-post-thumbnail","hentry","product_cat-strategy","product_tag-games","platform-steam-works"],"_links":{"self":[{"href":"https:\/\/neuvee.com\/pl\/wp-json\/wp\/v2\/product\/685196","targetHints":{"allow":["GET"]}}],"collection":[{"href":"https:\/\/neuvee.com\/pl\/wp-json\/wp\/v2\/product"}],"about":[{"href":"https:\/\/neuvee.com\/pl\/wp-json\/wp\/v2\/types\/product"}],"replies":[{"embeddable":true,"href":"https:\/\/neuvee.com\/pl\/wp-json\/wp\/v2\/comments?post=685196"}],"wp:featuredmedia":[{"embeddable":true,"href":"https:\/\/neuvee.com\/pl\/wp-json\/wp\/v2\/media\/685757"}],"wp:attachment":[{"href":"https:\/\/neuvee.com\/pl\/wp-json\/wp\/v2\/media?parent=685196"}],"wp:term":[{"taxonomy":"product_cat","embeddable":true,"href":"https:\/\/neuvee.com\/pl\/wp-json\/wp\/v2\/product_cat?post=685196"},{"taxonomy":"product_tag","embeddable":true,"href":"https:\/\/neuvee.com\/pl\/wp-json\/wp\/v2\/product_tag?post=685196"}],"curies":[{"name":"wp","href":"https:\/\/api.w.org\/{rel}","templated":true}]}}