{"id":685194,"date":"2023-09-27T20:21:46","date_gmt":"2023-09-27T20:21:46","guid":{"rendered":"https:\/\/neuvee.com\/?post_type=product&#038;p=685194"},"modified":"2025-05-19T14:37:37","modified_gmt":"2025-05-19T14:37:37","slug":"the-escapists-alcatraz-2","status":"publish","type":"product","link":"https:\/\/neuvee.com\/pl\/product\/the-escapists-alcatraz-2\/","title":{"rendered":"THE ESCAPISTS &#8211; ALCATRAZ"},"content":{"rendered":"<p>*Aby uruchomi\u0107 t\u0119 zawarto\u015b\u0107, wymagana jest podstawowa wersja gry The Escapists.*<\/p>\n<p>Spr\u00f3buj uciec z&nbsp;Alcatraz &#8211; jednego z&nbsp;najs\u0142ynniejszych wi\u0119zie\u0144 na \u015bwiecie. Wielu pr\u00f3bowa\u0142o uciec. Wielu ponios\u0142o pora\u017ck\u0119. Masz szans\u0119 sta\u0107 si\u0119 kolejnym \u015bmia\u0142kiem, kt\u00f3ry podejmie brawurow\u0105 pr\u00f3b\u0119 ucieczki i&nbsp;spr\u00f3buje zbiec z&nbsp;jednego z&nbsp;najbardziej strze\u017conych wi\u0119zie\u0144 w Ameryce. <\/p>\n<p>Wi\u0119zienie federalne w Alcatraz w grze The Escapists zosta\u0142o starannie odtworzone. Wykorzystaj wi\u0119zienny rozk\u0142ad zaj\u0119\u0107, opracuj strategi\u0119 i&nbsp;przeprowad\u017a w\u0142asn\u0105 ucieczk\u0119 z&nbsp;Alcatraz!<\/p>\n<p>The Escapists to nagrodzona symulacja ucieczki z&nbsp;wi\u0119zienia, w kt\u00f3rej gracz przenosi si\u0119 do potraktowanego z&nbsp;lekkim przymru\u017ceniem oka wi\u0119ziennego \u015bwiata.   Gra strategiczna, w kt\u00f3rej gracz wciela si\u0119 w skaza\u0144ca, kt\u00f3ry musi przetrwa\u0107 w wi\u0119zieniu i&nbsp;zaplanowa\u0107 \u015bmia\u0142\u0105 ucieczk\u0119.<br \/>\n<\/p>","protected":false},"excerpt":{"rendered":"<p>*Aby uruchomi\u0107 t\u0119 zawarto\u015b\u0107, wymagana jest podstawowa wersja gry The Escapists.* Spr\u00f3buj uciec z&nbsp;Alcatraz &#8211; jednego z&nbsp;najs\u0142ynniejszych wi\u0119zie\u0144 na \u015bwiecie. Wielu pr\u00f3bowa\u0142o uciec. Wielu ponios\u0142o pora\u017ck\u0119. Masz szans\u0119 sta\u0107 si\u0119 kolejnym \u015bmia\u0142kiem, kt\u00f3ry podejmie brawurow\u0105 pr\u00f3b\u0119 ucieczki i&nbsp;spr\u00f3buje zbiec z&nbsp;jednego z&nbsp;najbardziej strze\u017conych wi\u0119zie\u0144 w Ameryce. Wi\u0119zienie federalne w Alcatraz w grze The Escapists zosta\u0142o starannie [&hellip;]<\/p>\n","protected":false},"featured_media":686362,"comment_status":"closed","ping_status":"closed","template":"","meta":{"ub_ctt_via":""},"product_cat":[222],"product_tag":[218],"class_list":["post-685194","product","type-product","status-publish","has-post-thumbnail","hentry","product_cat-strategy","product_tag-games","platform-steam-works"],"_links":{"self":[{"href":"https:\/\/neuvee.com\/pl\/wp-json\/wp\/v2\/product\/685194","targetHints":{"allow":["GET"]}}],"collection":[{"href":"https:\/\/neuvee.com\/pl\/wp-json\/wp\/v2\/product"}],"about":[{"href":"https:\/\/neuvee.com\/pl\/wp-json\/wp\/v2\/types\/product"}],"replies":[{"embeddable":true,"href":"https:\/\/neuvee.com\/pl\/wp-json\/wp\/v2\/comments?post=685194"}],"wp:featuredmedia":[{"embeddable":true,"href":"https:\/\/neuvee.com\/pl\/wp-json\/wp\/v2\/media\/686362"}],"wp:attachment":[{"href":"https:\/\/neuvee.com\/pl\/wp-json\/wp\/v2\/media?parent=685194"}],"wp:term":[{"taxonomy":"product_cat","embeddable":true,"href":"https:\/\/neuvee.com\/pl\/wp-json\/wp\/v2\/product_cat?post=685194"},{"taxonomy":"product_tag","embeddable":true,"href":"https:\/\/neuvee.com\/pl\/wp-json\/wp\/v2\/product_tag?post=685194"}],"curies":[{"name":"wp","href":"https:\/\/api.w.org\/{rel}","templated":true}]}}