{"id":685189,"date":"2023-09-27T20:19:46","date_gmt":"2023-09-27T20:19:46","guid":{"rendered":"https:\/\/neuvee.com\/?post_type=product&#038;p=685189"},"modified":"2025-05-19T13:37:36","modified_gmt":"2025-05-19T13:37:36","slug":"the-escapists-4","status":"publish","type":"product","link":"https:\/\/neuvee.com\/pl\/product\/the-escapists-4\/","title":{"rendered":"THE ESCAPISTS"},"content":{"rendered":"<p>The Escapists to gra, w kt\u00f3rej gracz przenosi si\u0119 do potraktowanego z&nbsp;lekkim przymru\u017ceniem oka wi\u0119ziennego \u015bwiata. Jak zwykle g\u0142\u00f3wnym celem wszystkich osadzonych jest ucieczka! Pod czujnym okiem stra\u017cnik\u00f3w nale\u017cy wykonywa\u0107 swoje codzienne obowi\u0105zki, w sekrecie gromadz\u0105c przydatne przedmioty. Planuj\u0105cy ucieczk\u0119 musi nauczy\u0107 si\u0119, w jaki spos\u00f3b z&nbsp;pozornie niegro\u017anych przedmiot\u00f3w stworzy\u0107 u\u017cyteczne narz\u0119dzia i&nbsp;bro\u0144, a&nbsp;tak\u017ce jak sprytnie je wykorzysta\u0107 do odwr\u00f3cenia uwagi.<\/p>\n<p>Gracz musi wiedzie\u0107, kiedy nie warto rzuca\u0107 si\u0119 w oczy i&nbsp;rozs\u0105dnie wykorzystywa\u0107 czas do przygotowania planu ucieczki. Poznawanie wi\u0119ziennego rozk\u0142adu dnia i&nbsp;dostrzeganie okazji to element \u017cycia tocz\u0105cego si\u0119 za kratami. Analiza potencjalnych dr\u00f3g ucieczki i&nbsp;odwracanie uwagi stra\u017cnik\u00f3w powinno sta\u0107 si\u0119 drug\u0105 natur\u0105 wi\u0119\u017ania.<\/p>\n<p>Nale\u017cy pami\u0119ta\u0107, by stawi\u0107 si\u0119 na apelu, zrobi\u0107 wszystko, by utrzyma\u0107 wi\u0119zienn\u0105 posad\u0119 i&nbsp;mie\u0107 po swojej stronie pozosta\u0142ych osadzonych. Gracz mo\u017ce r\u00f3wnie\u017c wykorzysta\u0107 rozw\u00f3j okre\u015blonych statystyk postaci, stosuj\u0105c r\u00f3\u017cne \u015brodki, takie jak podnoszenie poziomu intelektu oraz&nbsp;regularne \u0107wiczenia fizyczne. Konieczne jest po\u0142\u0105czenie rutynowych obowi\u0105zk\u00f3w z&nbsp;drobiazgowym planowaniem akcji. Najwa\u017cniejszy cel to ucieczka i&nbsp;wolno\u015b\u0107!<\/p>\n<p>&#8211; Osiem r\u00f3\u017cnych wi\u0119zie\u0144 z&nbsp;okre\u015blonymi rozk\u0142adami dnia, daj\u0105cych poj\u0119cie, jak *naprawd\u0119* jest tam w \u015brodku!<br \/>\n&#8211; Dziesi\u0119\u0107 wi\u0119ziennych posad do zdobycia &#8211; oczywi\u015bcie je\u017celi gracz ma odpowiedni\u0105 wiedz\u0119 i&nbsp;determinacj\u0119, by pod\u0105\u017ca\u0107 t\u0105 \u015bcie\u017ck\u0105!<br \/>\n&#8211; Ponad 185 unikalnych przedmiot\u00f3w, z&nbsp;kt\u00f3rych niekt\u00f3re mog\u0105 pos\u0142u\u017cy\u0107 do stworzenia przydatnych narz\u0119dzi. (Ekipa Team17 zdecydowanie zach\u0119ca do u\u017cywania r\u00f3\u017cnych rodzaj\u00f3w broni, takich jak n\u00f3\u017c domowej roboty, nunczako i&nbsp;maczuga \u2013 oczywi\u015bcie wy\u0142\u0105cznie w \u015bwiecie wirtualnym!).<br \/>\n&#8211; Liczne &#8222;przys\u0142ugi&#8221; wy\u015bwiadczane innym osobom \u2013 przecie\u017c nikt nie chce podpa\u015b\u0107 wsp\u00f3\u0142wi\u0119\u017aniom, prawda?<br \/>\n&#8211; Niezwykle uparci i&nbsp;niesamowicie zabawni wsp\u00f3\u0142wi\u0119\u017aniowie i&nbsp;stra\u017cnicy, kt\u00f3rzy bacznie ci\u0119 obserwuj\u0105 i&nbsp;dostarczaj\u0105 rozrywki!<br \/>\n&#8211; R\u00f3\u017cne drogi ucieczki i&nbsp;odmienne sposoby przeprowadzenia ucieczki!<br \/>\n&#8211; Wiele p\u00f3l zapisu, dzi\u0119ki czemu mo\u017ce jednocze\u015bnie organizowa\u0107 kilka pr\u00f3b ucieczki!<br \/>\n&#8211; Osi\u0105gni\u0119cia Steam.<br \/>\n&#8211; Ranking Steam \u2013 kiedy ju\u017c uciekniesz, sprawd\u017a swoje dokonania na tle innych uciekinier\u00f3w!<br \/>\n&#8211; EDYTOR WI\u0118ZIENIA \u2013 Stw\u00f3rz od podstaw w\u0142asne arcydzie\u0142o wi\u0119ziennictwa i&nbsp;udost\u0119pnij je spo\u0142eczno\u015bci graczy! Ju\u017c wkr\u00f3tce \u2013 darmowa aktualizacja \/ narz\u0119dzie.<\/p>","protected":false},"excerpt":{"rendered":"<p>The Escapists to gra, w kt\u00f3rej gracz przenosi si\u0119 do potraktowanego z&nbsp;lekkim przymru\u017ceniem oka wi\u0119ziennego \u015bwiata. Jak zwykle g\u0142\u00f3wnym celem wszystkich osadzonych jest ucieczka! Pod czujnym okiem stra\u017cnik\u00f3w nale\u017cy wykonywa\u0107 swoje codzienne obowi\u0105zki, w sekrecie gromadz\u0105c przydatne przedmioty. Planuj\u0105cy ucieczk\u0119 musi nauczy\u0107 si\u0119, w jaki spos\u00f3b z&nbsp;pozornie niegro\u017anych przedmiot\u00f3w stworzy\u0107 u\u017cyteczne narz\u0119dzia i&nbsp;bro\u0144, a&nbsp;tak\u017ce jak [&hellip;]<\/p>\n","protected":false},"featured_media":686513,"comment_status":"closed","ping_status":"closed","template":"","meta":{"ub_ctt_via":""},"product_cat":[222],"product_tag":[218],"class_list":["post-685189","product","type-product","status-publish","has-post-thumbnail","hentry","product_cat-strategy","product_tag-games","platform-steam-works"],"_links":{"self":[{"href":"https:\/\/neuvee.com\/pl\/wp-json\/wp\/v2\/product\/685189","targetHints":{"allow":["GET"]}}],"collection":[{"href":"https:\/\/neuvee.com\/pl\/wp-json\/wp\/v2\/product"}],"about":[{"href":"https:\/\/neuvee.com\/pl\/wp-json\/wp\/v2\/types\/product"}],"replies":[{"embeddable":true,"href":"https:\/\/neuvee.com\/pl\/wp-json\/wp\/v2\/comments?post=685189"}],"wp:featuredmedia":[{"embeddable":true,"href":"https:\/\/neuvee.com\/pl\/wp-json\/wp\/v2\/media\/686513"}],"wp:attachment":[{"href":"https:\/\/neuvee.com\/pl\/wp-json\/wp\/v2\/media?parent=685189"}],"wp:term":[{"taxonomy":"product_cat","embeddable":true,"href":"https:\/\/neuvee.com\/pl\/wp-json\/wp\/v2\/product_cat?post=685189"},{"taxonomy":"product_tag","embeddable":true,"href":"https:\/\/neuvee.com\/pl\/wp-json\/wp\/v2\/product_tag?post=685189"}],"curies":[{"name":"wp","href":"https:\/\/api.w.org\/{rel}","templated":true}]}}