{"id":685079,"date":"2023-09-27T19:28:11","date_gmt":"2023-09-27T19:28:11","guid":{"rendered":"https:\/\/neuvee.com\/?post_type=product&#038;p=685079"},"modified":"2025-05-19T14:07:17","modified_gmt":"2025-05-19T14:07:17","slug":"sweet-transit-6","status":"publish","type":"product","link":"https:\/\/neuvee.com\/pl\/product\/sweet-transit-6\/","title":{"rendered":"SWEET TRANSIT"},"content":{"rendered":"<p>Sweet Transit to wyj\u0105tkowa gra polegaj\u0105ca na budowaniu miasta, w kt\u00f3rej kr\u00f3luje kolej, a&nbsp;poci\u0105gi s\u0105 jedynym \u015brodkiem transportu i&nbsp;ekspansji. Tw\u00f3rz z\u0142o\u017cone linie produkcyjne i&nbsp;rozbudowuj skromne osady w t\u0119tni\u0105ce \u017cyciem metropolie w okresie \u015bwietno\u015bci kolejnictwa, na przyk\u0142ad w czasach wprowadzenia lokomotyw parowych i&nbsp;wynalezienia silnika spalinowego. Zosta\u0144 pionierem w bran\u017cy i&nbsp;zadbaj o&nbsp;to, by obywatele byli szcz\u0119\u015bliwi, dzi\u0119ki rozbudowanej sieci kolei.<br \/>\nSweet Transit to wyj\u0105tkowa gra ekonomiczna, w kt\u00f3rej kr\u00f3luje kolej, a&nbsp;poci\u0105gi s\u0105 jedynym \u015brodkiem transportu i&nbsp;ekspansji. Przekszta\u0142\u0107 urocze osady w t\u0119tni\u0105ce \u017cyciem miasta, farmy w fabryki, a&nbsp;kolej parow\u0105 w nap\u0119dzan\u0105 silnikami diesla\u2026 A wszystko to w \u015bwiecie oplecionym sieci\u0105 linii kolejowych.<br \/>\nRozbudowana gra polegaj\u0105ca na budowaniu miasta, a&nbsp;w szczeg\u00f3lno\u015bci kolei!<\/p>\n<p>Zaczynaj\u0105c od jednego magazynu, zbuduj dobrze prosperuj\u0105c\u0105 sie\u0107 miast i&nbsp;miasteczek po\u0142\u0105czon\u0105 liniami kolejowymi i&nbsp;dbaj o&nbsp;rozw\u00f3j swojej spo\u0142eczno\u015bci.<br \/>\nRozbudowane mo\u017cliwo\u015bci personalizacji sieci kolejowej<\/p>\n<p>Po\u0142\u0105cz swoje osady, aby bezproblemowo przewozi\u0107 robotnik\u00f3w i&nbsp;ludno\u015b\u0107 cywiln\u0105. Wykorzystaj w tym celu perony, stacje i&nbsp;skomplikowane trasy, kt\u00f3rymi rozbudujesz sie\u0107 kolejow\u0105 i&nbsp;po\u0142\u0105czysz poszczeg\u00f3lne jej w\u0119z\u0142y.<br \/>\nRozbuduj sw\u00f3j przemys\u0142 \u2013 od ery pary po silniki diesla<\/p>\n<p>Planuj swoje osady tak, aby pasowa\u0142y do krajobrazu i&nbsp;potrzeb mieszka\u0144c\u00f3w. Tw\u00f3rz podstawowe i&nbsp;zaawansowane linie produkcyjne, aby zadba\u0107 o&nbsp;jak najefektywniejszy przep\u0142yw zasob\u00f3w. Wykorzystaj pot\u0119\u017cn\u0105 kolej, aby zautomatyzowa\u0107 produkcj\u0119 i&nbsp;zaspokoi\u0107 stale rosn\u0105ce potrzeby osadnik\u00f3w.<br \/>\nB\u0105d\u017a opiekunem ludzi<\/p>\n<p>Twoi obywatele maj\u0105 potrzeby i&nbsp;m\u0119czy ich praca. Dbanie o&nbsp;ich zadowolenie i&nbsp;zaspokajanie ich wymaga\u0144 poprzez zapewnianie im miejsca zamieszkania, dost\u0119pu do wody, \u017cywno\u015bci i&nbsp;innych zasob\u00f3w w miar\u0119 rozbudowy miasta jest bardzo wa\u017cne. Nieszcz\u0119\u015bliwi lub&nbsp;zm\u0119czeni robotnicy s\u0105 mniej efektywni i&nbsp;mog\u0105 zak\u0142\u00f3ci\u0107 dzia\u0142anie linii produkcyjnych.&#8221;<br \/>\nObs\u0142uga mod\u00f3w od dnia premiery<\/p>\n<p>Gra Sweet Transit umo\u017cliwia korzystanie z&nbsp;mod\u00f3w od dnia premiery, dzi\u0119ki czemu mo\u017cesz tworzy\u0107 niestandardow\u0105 zawarto\u015b\u0107 wed\u0142ug swojego uznania. Obs\u0142uga Warsztatu Steam jest w pe\u0142ni zintegrowana, dzi\u0119ki czemu masz \u0142atwy dost\u0119p do spo\u0142eczno\u015bci modder\u00f3w.<\/p>\n<p><\/p>","protected":false},"excerpt":{"rendered":"<p>Sweet Transit to wyj\u0105tkowa gra polegaj\u0105ca na budowaniu miasta, w kt\u00f3rej kr\u00f3luje kolej, a&nbsp;poci\u0105gi s\u0105 jedynym \u015brodkiem transportu i&nbsp;ekspansji. Tw\u00f3rz z\u0142o\u017cone linie produkcyjne i&nbsp;rozbudowuj skromne osady w t\u0119tni\u0105ce \u017cyciem metropolie w okresie \u015bwietno\u015bci kolejnictwa, na przyk\u0142ad w czasach wprowadzenia lokomotyw parowych i&nbsp;wynalezienia silnika spalinowego. Zosta\u0144 pionierem w bran\u017cy i&nbsp;zadbaj o&nbsp;to, by obywatele byli szcz\u0119\u015bliwi, dzi\u0119ki [&hellip;]<\/p>\n","protected":false},"featured_media":685307,"comment_status":"closed","ping_status":"closed","template":"","meta":{"ub_ctt_via":""},"product_cat":[222],"product_tag":[218],"class_list":["post-685079","product","type-product","status-publish","has-post-thumbnail","hentry","product_cat-strategy","product_tag-games","platform-steam-works"],"_links":{"self":[{"href":"https:\/\/neuvee.com\/pl\/wp-json\/wp\/v2\/product\/685079","targetHints":{"allow":["GET"]}}],"collection":[{"href":"https:\/\/neuvee.com\/pl\/wp-json\/wp\/v2\/product"}],"about":[{"href":"https:\/\/neuvee.com\/pl\/wp-json\/wp\/v2\/types\/product"}],"replies":[{"embeddable":true,"href":"https:\/\/neuvee.com\/pl\/wp-json\/wp\/v2\/comments?post=685079"}],"wp:featuredmedia":[{"embeddable":true,"href":"https:\/\/neuvee.com\/pl\/wp-json\/wp\/v2\/media\/685307"}],"wp:attachment":[{"href":"https:\/\/neuvee.com\/pl\/wp-json\/wp\/v2\/media?parent=685079"}],"wp:term":[{"taxonomy":"product_cat","embeddable":true,"href":"https:\/\/neuvee.com\/pl\/wp-json\/wp\/v2\/product_cat?post=685079"},{"taxonomy":"product_tag","embeddable":true,"href":"https:\/\/neuvee.com\/pl\/wp-json\/wp\/v2\/product_tag?post=685079"}],"curies":[{"name":"wp","href":"https:\/\/api.w.org\/{rel}","templated":true}]}}