{"id":685073,"date":"2023-09-27T19:25:33","date_gmt":"2023-09-27T19:25:33","guid":{"rendered":"https:\/\/neuvee.com\/?post_type=product&#038;p=685073"},"modified":"2025-05-19T14:16:42","modified_gmt":"2025-05-19T14:16:42","slug":"super-magbot-5","status":"publish","type":"product","link":"https:\/\/neuvee.com\/pl\/product\/super-magbot-5\/","title":{"rendered":"SUPER MAGBOT"},"content":{"rendered":"<p>Wymagaj\u0105ca precyzji platform\u00f3wka 2D z&nbsp;nietypow\u0105 mechanik\u0105. BEZ SKAKANIA. Korzystaj\u0105c z&nbsp;magnetycznych mocy, musisz szybko i&nbsp;umiej\u0119tnie pokonywa\u0107 kolejne poziomy. Zmierz si\u0119 z&nbsp;trudnymi wyzwaniami w klasycznej 16-bitowej stylistyce i&nbsp;rywalizuj o&nbsp;czo\u0142owe miejsca w globalnym rankingu.<\/p>\n<p>Uk\u0142ad Magnetia jest w niebezpiecze\u0144stwie. Galaktyce zagra\u017ca pot\u0119\u017cny z\u0142oczy\u0144ca. Uratowa\u0107 j\u0105 mo\u017ce jedynie robot eksploracyjny \u2014 Magbot!<\/p>\n<p>Dysponuj\u0105c moc\u0105 polegaj\u0105c\u0105 na kontrolowaniu dodatnich (czerwonych) i&nbsp;ujemnych (niebieskich) biegun\u00f3w magnetycznych, Magbot ma za zadanie przedrze\u0107 si\u0119 przez mn\u00f3stwo arcytrudnych poziom\u00f3w platformowych, aby uratowa\u0107 planet\u0119 Mag Tek.<\/p>\n<p>Wykorzystaj si\u0142\u0119 magnetyczn\u0105 do przyci\u0105gania: u\u017cywaj si\u0142y magnetycznej, aby przyci\u0105ga\u0107 si\u0119 do platform i&nbsp;omija\u0107 niebezpieczne pu\u0142apki. <\/p>\n<p>Wykorzystaj si\u0142\u0119 magnetyczn\u0105 do odpychania: Magbot jest za ci\u0119\u017cki, aby skaka\u0107! Na szcz\u0119\u015bcie mo\u017cesz u\u017cy\u0107 magnetycznej si\u0142y odpychania, aby porusza\u0107 si\u0119 w powietrzu!<\/p>\n<p>Zbieraj fragmenty gwiazd: opanuj do perfekcji ka\u017cdy poziom, zbieraj\u0105c trudno dost\u0119pne fragmenty gwiazd odblokowuj\u0105ce dodatkowe wyzwania.<\/p>\n<p>Wczuj si\u0119 w klimat klasycznych gier: t\u0119tni\u0105ca \u017cyciem grafika pikselowa w 16-bitowej stylistyce i&nbsp;energetyzuj\u0105ca syntezatorowa \u015bcie\u017cka d\u017awi\u0119kowa stworzona przez kolektyw Moonsailor.<\/p>","protected":false},"excerpt":{"rendered":"<p>Wymagaj\u0105ca precyzji platform\u00f3wka 2D z&nbsp;nietypow\u0105 mechanik\u0105. BEZ SKAKANIA. Korzystaj\u0105c z&nbsp;magnetycznych mocy, musisz szybko i&nbsp;umiej\u0119tnie pokonywa\u0107 kolejne poziomy. Zmierz si\u0119 z&nbsp;trudnymi wyzwaniami w klasycznej 16-bitowej stylistyce i&nbsp;rywalizuj o&nbsp;czo\u0142owe miejsca w globalnym rankingu. Uk\u0142ad Magnetia jest w niebezpiecze\u0144stwie. Galaktyce zagra\u017ca pot\u0119\u017cny z\u0142oczy\u0144ca. Uratowa\u0107 j\u0105 mo\u017ce jedynie robot eksploracyjny \u2014 Magbot! Dysponuj\u0105c moc\u0105 polegaj\u0105c\u0105 na kontrolowaniu dodatnich (czerwonych) [&hellip;]<\/p>\n","protected":false},"featured_media":687499,"comment_status":"closed","ping_status":"closed","template":"","meta":{"ub_ctt_via":""},"product_cat":[88,127,221],"product_tag":[218],"class_list":["post-685073","product","type-product","status-publish","has-post-thumbnail","hentry","product_cat-action","product_cat-adventure","product_cat-indie","product_tag-games","platform-steam-works"],"_links":{"self":[{"href":"https:\/\/neuvee.com\/pl\/wp-json\/wp\/v2\/product\/685073","targetHints":{"allow":["GET"]}}],"collection":[{"href":"https:\/\/neuvee.com\/pl\/wp-json\/wp\/v2\/product"}],"about":[{"href":"https:\/\/neuvee.com\/pl\/wp-json\/wp\/v2\/types\/product"}],"replies":[{"embeddable":true,"href":"https:\/\/neuvee.com\/pl\/wp-json\/wp\/v2\/comments?post=685073"}],"wp:featuredmedia":[{"embeddable":true,"href":"https:\/\/neuvee.com\/pl\/wp-json\/wp\/v2\/media\/687499"}],"wp:attachment":[{"href":"https:\/\/neuvee.com\/pl\/wp-json\/wp\/v2\/media?parent=685073"}],"wp:term":[{"taxonomy":"product_cat","embeddable":true,"href":"https:\/\/neuvee.com\/pl\/wp-json\/wp\/v2\/product_cat?post=685073"},{"taxonomy":"product_tag","embeddable":true,"href":"https:\/\/neuvee.com\/pl\/wp-json\/wp\/v2\/product_tag?post=685073"}],"curies":[{"name":"wp","href":"https:\/\/api.w.org\/{rel}","templated":true}]}}