{"id":685068,"date":"2023-09-27T19:23:11","date_gmt":"2023-09-27T19:23:11","guid":{"rendered":"https:\/\/neuvee.com\/?post_type=product&#038;p=685068"},"modified":"2025-05-19T14:37:44","modified_gmt":"2025-05-19T14:37:44","slug":"sunday-gold-5","status":"publish","type":"product","link":"https:\/\/neuvee.com\/pl\/product\/sunday-gold-5\/","title":{"rendered":"SUNDAY GOLD"},"content":{"rendered":"<p>Ciesz si\u0119 rozgrywk\u0105 stanowi\u0105c\u0105 wyj\u0105tkow\u0105 hybryd\u0119 zagadek inspirowanych escape roomami, turowej walki i&nbsp;mechanik znanych z&nbsp;gier RPG \u2013 takie po\u0142\u0105czenia sprawia, \u017ce fabu\u0142a jest mroczna i&nbsp;kinowa.<br \/>\nZejd\u017a w g\u0142\u0105b spowitych mrokiem podziemi Londynu z&nbsp;niedalekiej przysz\u0142o\u015bci.<br \/>\nNiegdy\u015b t\u0119tni\u0105cy \u017cyciem Londyn sta\u0142 si\u0119 okropnie ponurym miastem, w kt\u00f3rym poziomy bezrobocia i&nbsp;bezdomno\u015bci s\u0105 rekordowo wysokie, a&nbsp;moralne zasady \u2013 naginane do granic mo\u017cliwo\u015bci. Jakby tego by\u0142o ma\u0142o, skorumpowany miliarder Kenny Hogan knuje co\u015b pod\u0142ego.<br \/>\nTylko parszywe trio przest\u0119pc\u00f3w \u2013 Frank, Sally i&nbsp;Gavin \u2013 mo\u017ce pokrzy\u017cowa\u0107 plany Hogana i&nbsp;pozbawi\u0107 go w\u0142adzy. Nie jest to jednak&nbsp;takie proste, a&nbsp;na drodze do wykonania zadania czaj\u0105 si\u0119 r\u00f3\u017cne przeszkody\u2026<br \/>\nDaj si\u0119 wci\u0105gn\u0105\u0107 mrocznej, dystopijnej historii<\/p>\n<p>Zanurz si\u0119 w ponurym, brutalnym \u015bwiecie i&nbsp;poznaj histori\u0119, kt\u00f3rej narratorami s\u0105 w pe\u0142ni ud\u017awi\u0119kowione postacie. Podziwiaj zdumiewaj\u0105ce, r\u0119cznie rysowane scenerie, dwuwymiarowe przerywniki filmowe, inspirowane komiksami sekwencje oraz&nbsp;niezwykle emocjonuj\u0105ce zwroty akcji.<\/p>\n<p>Zagadki, kt\u00f3re wymagaj\u0105 ruszenia g\u0142ow\u0105<br \/>\nZagl\u0105daj do ka\u017cdego pomieszczenia i&nbsp;rozwi\u0105zuj zagadki wymagaj\u0105ce obserwacji, dedukcji i&nbsp;u\u017cycia wyposa\u017cenia, aby robi\u0107 post\u0119py w misjach. Szukaj wskaz\u00f3wek, hakuj terminale, wywa\u017caj drzwi i&nbsp;sprawd\u017a swoj\u0105 inteligencj\u0119 podczas minigier, kt\u00f3re r\u00f3\u017cni\u0105 si\u0119 w zale\u017cno\u015bci od konkretnego \u201ebohatera\u201d. <\/p>\n<p>Stylowa, inspirowana komiksami turowa walka<br \/>\nStaw czo\u0142a przeciwnikom podczas stylowych, filmowych bitwach w stylu znanym z&nbsp;gier RPG. Ka\u017cdy cz\u0142onek dru\u017cyny ma w\u0142asne, wyj\u0105tkowe umiej\u0119tno\u015bci, jak r\u00f3wnie\u017c mocne i&nbsp;s\u0142abe strony. Strategicznie planuj ruchy, opanuj do perfekcji kombinacje cios\u00f3w i&nbsp;roz\u0142\u00f3\u017c przeciwnik\u00f3w na \u0142opatki. <\/p>\n<p>Zachowaj spok\u00f3j i&nbsp;nie panikuj<br \/>\nWalcz nie tylko z&nbsp;przeciwnikami, ale te\u017c ze stresem! Niepokoj\u0105ce i&nbsp;stresuj\u0105ce sytuacje sprawi\u0105, \u017ce twoja posta\u0107 straci opanowanie i&nbsp;b\u0119dzie dzia\u0142a\u0107 pod wp\u0142ywem impulsu. Zachowaj spok\u00f3j, zu\u017cywaj\u0105c przedmioty jednorazowe i&nbsp;korzystaj\u0105c z&nbsp;umiej\u0119tno\u015bci przyw\u00f3dztwa. Je\u017celi stracisz rozum, przegrasz misj\u0119!<\/p>\n<p>Nowoczesna gra typu wska\u017c i&nbsp;kliknij<br \/>\nSunday Gold wykorzystuje tradycyjne elementy gier typu wska\u017c i&nbsp;kliknij, \u0142\u0105cz\u0105c je z&nbsp;zaci\u0119t\u0105 walk\u0105 w stylu gier RPG i&nbsp;ponur\u0105 fabu\u0142\u0105.<\/p>\n<p><\/p>","protected":false},"excerpt":{"rendered":"<p>Ciesz si\u0119 rozgrywk\u0105 stanowi\u0105c\u0105 wyj\u0105tkow\u0105 hybryd\u0119 zagadek inspirowanych escape roomami, turowej walki i&nbsp;mechanik znanych z&nbsp;gier RPG \u2013 takie po\u0142\u0105czenia sprawia, \u017ce fabu\u0142a jest mroczna i&nbsp;kinowa. Zejd\u017a w g\u0142\u0105b spowitych mrokiem podziemi Londynu z&nbsp;niedalekiej przysz\u0142o\u015bci. Niegdy\u015b t\u0119tni\u0105cy \u017cyciem Londyn sta\u0142 si\u0119 okropnie ponurym miastem, w kt\u00f3rym poziomy bezrobocia i&nbsp;bezdomno\u015bci s\u0105 rekordowo wysokie, a&nbsp;moralne zasady \u2013 naginane [&hellip;]<\/p>\n","protected":false},"featured_media":686413,"comment_status":"closed","ping_status":"closed","template":"","meta":{"ub_ctt_via":""},"product_cat":[127,221,89],"product_tag":[218],"class_list":["post-685068","product","type-product","status-publish","has-post-thumbnail","hentry","product_cat-adventure","product_cat-indie","product_cat-rpg","product_tag-games","platform-steam-works"],"_links":{"self":[{"href":"https:\/\/neuvee.com\/pl\/wp-json\/wp\/v2\/product\/685068","targetHints":{"allow":["GET"]}}],"collection":[{"href":"https:\/\/neuvee.com\/pl\/wp-json\/wp\/v2\/product"}],"about":[{"href":"https:\/\/neuvee.com\/pl\/wp-json\/wp\/v2\/types\/product"}],"replies":[{"embeddable":true,"href":"https:\/\/neuvee.com\/pl\/wp-json\/wp\/v2\/comments?post=685068"}],"wp:featuredmedia":[{"embeddable":true,"href":"https:\/\/neuvee.com\/pl\/wp-json\/wp\/v2\/media\/686413"}],"wp:attachment":[{"href":"https:\/\/neuvee.com\/pl\/wp-json\/wp\/v2\/media?parent=685068"}],"wp:term":[{"taxonomy":"product_cat","embeddable":true,"href":"https:\/\/neuvee.com\/pl\/wp-json\/wp\/v2\/product_cat?post=685068"},{"taxonomy":"product_tag","embeddable":true,"href":"https:\/\/neuvee.com\/pl\/wp-json\/wp\/v2\/product_tag?post=685068"}],"curies":[{"name":"wp","href":"https:\/\/api.w.org\/{rel}","templated":true}]}}