{"id":685007,"date":"2023-09-27T19:16:02","date_gmt":"2023-09-27T19:16:02","guid":{"rendered":"https:\/\/neuvee.com\/?post_type=product&#038;p=685007"},"modified":"2025-05-19T14:14:02","modified_gmt":"2025-05-19T14:14:02","slug":"ship-of-fools-6","status":"publish","type":"product","link":"https:\/\/neuvee.com\/pl\/product\/ship-of-fools-6\/","title":{"rendered":"SHIP OF FOOLS"},"content":{"rendered":"<p>Ship of Fools to kooperacyjna gra typu roguelite o&nbsp;morskiej tematyce. Wciel si\u0119 w postacie znane jako Fools \u2013 jedyne stworzenia na tyle durne, aby wyp\u0142yn\u0105\u0107 na morze. Wielka Latarnia, kt\u00f3ra kiedy\u015b zapewnia\u0142a Archipelagowi ochron\u0119, zosta\u0142a zniszczona, a&nbsp;na horyzoncie wida\u0107 sztorm nios\u0105cy za sob\u0105 z\u0142o\u015bliwo\u015b\u0107 i&nbsp;zepsucie.<\/p>\n<p>Razem ze swoimi kamratami wskocz na pok\u0142ad statku Stormstrider i&nbsp;wyrusz w rejs. Za\u0142aduj armaty, przygotuj \u017cagle i&nbsp;chro\u0144 statek przed morskimi potworami podczas wielu sesji. Tylko ty mo\u017cesz ocali\u0107 sw\u00f3j dom przed pot\u0119\u017cn\u0105 katastrof\u0105.<\/p>\n<p>M\u00f3wi\u0105c kr\u00f3tko, Ship of Fools to gra, kt\u00f3rej g\u0142\u00f3wnymi celami s\u0105 obrona swojego statku i&nbsp;pokonywanie morskich wrog\u00f3w za pomoc\u0105 pot\u0119\u017cnych armat. Produkcja jest inspirowana nowoczesnymi grami typu roguelite i&nbsp;stworzona do kooperacji, wi\u0119c&nbsp;zabierz na pok\u0142ad pierwszego oficera. Bierz udzia\u0142 w fantastycznych walkach na wodzie oraz&nbsp;odblokowuj nowe b\u0142yskotki i&nbsp;artefakty, kt\u00f3re pomog\u0105 ci ocali\u0107 \u015bwiat przed katastrof\u0105.<\/p>\n<p>W tej stworzonej do kooperacji grze szalone walki z&nbsp;przera\u017caj\u0105cymi, zrodzonymi ze sztormu stworzeniami wystawi\u0105 twoje umiej\u0119tno\u015bci pracy zespo\u0142owej na pr\u00f3b\u0119. Wsp\u00f3\u0142pracuj, aby chroni\u0107 i&nbsp;naprawia\u0107 statek, \u0142\u0105cz efekty przedmiot\u00f3w w pot\u0119\u017cne kombinacje i&nbsp;pomagaj swojemu kamratowi, je\u015bli nie chcesz sko\u0144czy\u0107 jako pokarm dla ryb.<\/p>\n<p>Szukaj zaginionych skarb\u00f3w i&nbsp;odleg\u0142ych warsztat\u00f3w na wyspach Archipelagu, ale ostro\u017cnie planuj swoje dzia\u0142ania. Przemierzaj\u0105c sektor, pami\u0119taj o&nbsp;tym, \u017ce szalej\u0105cy na morzu Wieczny Sztorm nieustannie si\u0119 zmienia i&nbsp;mo\u017ce zablokowa\u0107 ci drog\u0119. Musisz obserwowa\u0107 jego ruchy i&nbsp;zmienia\u0107 kurs, a&nbsp;gdy nadejdzie odpowiednia pora, wyrusz przed siebie i&nbsp;odkryj, co czai si\u0119 w sztormie.<\/p>\n<p>Przejmij ster statku w pojedynk\u0119, przep\u0142y\u0144 niebezpieczne wody i&nbsp;zachowaj ca\u0142\u0105 chwa\u0142\u0119 dla siebie. W Ship of Fools dost\u0119pny jest zar\u00f3wno tryb jednoosobowy, jak i&nbsp;wieloosobowy. Jak m\u00f3wi stara \u017ceglarska przy\u015bpiewka: lepsza \u017cadna za\u0142oga ni\u017c dysfunkcyjna!<\/p>\n<p>Dzi\u0119ki wielu znanym jako Fools postaciom do wyboru, niepowtarzalnym przedmiotom do znalezienia i&nbsp;odblokowania, walkom oraz&nbsp;licznym wyspom do odwiedzenia ka\u017cda sesja wzbogaci tw\u00f3j rejs o&nbsp;co\u015b nowego. Z ka\u017cdym kolejnym razem mo\u017cesz zyska\u0107 na sile, aby przygotowa\u0107 si\u0119 do starcia z&nbsp;potworami z&nbsp;g\u0142\u0119bin.<\/p>\n<p>Najwa\u017cniejsze cechy<br \/>\nSzalone morskie walki dla dw\u00f3ch \u017ceglarzy w trybie wsp\u00f3\u0142pracy lub&nbsp;dla jednego marynarza.<br \/>\nOgromne lewiatany stanowi\u0105ce wyzwanie nawet dla najbardziej zaprawionych w boju wilk\u00f3w morskich.<br \/>\nWytyczaj trasy na mapach Archipelagu i&nbsp;zmierz si\u0119 z&nbsp;Wiecznym Sztormem.<br \/>\nWciel si\u0119 w jedn\u0105 z&nbsp;wyj\u0105tkowych, znanych jako Fools postaci o&nbsp;specjalnych zdolno\u015bciach, kt\u00f3re przydadz\u0105 ci si\u0119 podczas podr\u00f3\u017cy.<br \/>\nPonad 100 b\u0142yskotek i&nbsp;artefakt\u00f3w do zebrania i&nbsp;po\u0142\u0105czenia, dzi\u0119ki kt\u00f3rym odniesiesz zwyci\u0119stwo.<br \/>\nZawadiacka, r\u0119cznie przygotowana oprawa graficzna, kt\u00f3ra pozwoli ci z\u0142apa\u0107 wiatr w \u017cagle.<\/p>\n<p>Uwaga: do lokalnego trybu wieloosobowego wymagany jest kontroler<\/p>\n<p><\/p>","protected":false},"excerpt":{"rendered":"<p>Ship of Fools to kooperacyjna gra typu roguelite o&nbsp;morskiej tematyce. Wciel si\u0119 w postacie znane jako Fools \u2013 jedyne stworzenia na tyle durne, aby wyp\u0142yn\u0105\u0107 na morze. Wielka Latarnia, kt\u00f3ra kiedy\u015b zapewnia\u0142a Archipelagowi ochron\u0119, zosta\u0142a zniszczona, a&nbsp;na horyzoncie wida\u0107 sztorm nios\u0105cy za sob\u0105 z\u0142o\u015bliwo\u015b\u0107 i&nbsp;zepsucie. Razem ze swoimi kamratami wskocz na pok\u0142ad statku Stormstrider i&nbsp;wyrusz [&hellip;]<\/p>\n","protected":false},"featured_media":685724,"comment_status":"closed","ping_status":"closed","template":"","meta":{"ub_ctt_via":""},"product_cat":[88],"product_tag":[218],"class_list":["post-685007","product","type-product","status-publish","has-post-thumbnail","hentry","product_cat-action","product_tag-games","platform-steam-works"],"_links":{"self":[{"href":"https:\/\/neuvee.com\/pl\/wp-json\/wp\/v2\/product\/685007","targetHints":{"allow":["GET"]}}],"collection":[{"href":"https:\/\/neuvee.com\/pl\/wp-json\/wp\/v2\/product"}],"about":[{"href":"https:\/\/neuvee.com\/pl\/wp-json\/wp\/v2\/types\/product"}],"replies":[{"embeddable":true,"href":"https:\/\/neuvee.com\/pl\/wp-json\/wp\/v2\/comments?post=685007"}],"wp:featuredmedia":[{"embeddable":true,"href":"https:\/\/neuvee.com\/pl\/wp-json\/wp\/v2\/media\/685724"}],"wp:attachment":[{"href":"https:\/\/neuvee.com\/pl\/wp-json\/wp\/v2\/media?parent=685007"}],"wp:term":[{"taxonomy":"product_cat","embeddable":true,"href":"https:\/\/neuvee.com\/pl\/wp-json\/wp\/v2\/product_cat?post=685007"},{"taxonomy":"product_tag","embeddable":true,"href":"https:\/\/neuvee.com\/pl\/wp-json\/wp\/v2\/product_tag?post=685007"}],"curies":[{"name":"wp","href":"https:\/\/api.w.org\/{rel}","templated":true}]}}