{"id":685002,"date":"2023-09-27T19:13:54","date_gmt":"2023-09-27T19:13:54","guid":{"rendered":"https:\/\/neuvee.com\/?post_type=product&#038;p=685002"},"modified":"2025-05-19T14:41:32","modified_gmt":"2025-05-19T14:41:32","slug":"sheltered-2-7","status":"publish","type":"product","link":"https:\/\/neuvee.com\/pl\/product\/sheltered-2-7\/","title":{"rendered":"SHELTERED 2"},"content":{"rendered":"<p>Brutalny survivalowy symulator strategiczny, kt\u00f3rego akcja toczy si\u0119 na postapokaliptycznych pustkowiach. Utrzymaj swoj\u0105 frakcj\u0119 ocala\u0142ych, dbaj o&nbsp;schron i&nbsp;przeczesuj wyniszczone okolice w poszukiwaniu zasob\u00f3w. Nawi\u0105\u017c kontakty handlowe z&nbsp;innymi frakcjami lub&nbsp;zmu\u015b je do wsp\u00f3\u0142pracy si\u0142\u0105. <\/p>\n<p>Od ko\u0144ca znanego nam \u015bwiata up\u0142yn\u0119\u0142o dwadzie\u015bcia lat. Pozostali przy \u017cyciu ludzie podzielili si\u0119 na frakcje. Postawisz na pr\u00f3b\u0119 zjednoczenia czy na podb\u00f3j?<\/p>\n<p>Sheltered 2 to gra b\u0119d\u0105ca kontynuacj\u0105 ciesz\u0105cego si\u0119 uznaniem graczy orygina\u0142u z&nbsp;2015 roku, w kt\u00f3rej postawiono na nowe wyzwania i&nbsp;pog\u0142\u0119biono rozgrywk\u0119 strategiczn\u0105. Twoim zadaniem jest stworzenie przyw\u00f3dcy i&nbsp;rozwijanie frakcji poprzez zarz\u0105dzanie zasobami i&nbsp;eliminowanie zagro\u017ce\u0144, zar\u00f3wno tych ze strony natury, jak i&nbsp;ludzi. Wszystko mo\u017ce okaza\u0107 si\u0119 zab\u00f3jcze \u2014 od g\u0142odu i&nbsp;odwodnienia po napromieniowanie oraz&nbsp;najazdy wroga. <\/p>\n<p>Nowy system frakcji zastosowany w Sheltered 2 odgrywa decyduj\u0105c\u0105 rol\u0119 podczas tworzenia skutecznie dzia\u0142aj\u0105cej bazy. Wysy\u0142aj ekspedycje badaj\u0105ce rozleg\u0142e pustkowia i&nbsp;nawi\u0105zuj relacje z&nbsp;innymi obozami lub&nbsp;zaciekle z&nbsp;nimi rywalizuj. Postaw na wymian\u0119 zasob\u00f3w, a&nbsp;tym samym wsp\u00f3lny rozw\u00f3j, lub&nbsp;na konfrontacj\u0119 z&nbsp;rywalami w rozbudowanym systemie walk, aby powi\u0119kszy\u0107 swoje wp\u0142ywy na pustkowiach. Sprzymierzysz si\u0119 z&nbsp;innymi frakcjami czy spr\u00f3bujesz je zdominowa\u0107? <\/p>\n<p>Frakcje: Nowy, wprowadzony w grze Sheltered 2 system frakcji umo\u017cliwia nawi\u0105zywanie z&nbsp;innymi grupami relacji, kt\u00f3re mog\u0105 zapewni\u0107 bazie zasoby i&nbsp;pomoc. Mo\u017cesz te\u017c si\u0119gn\u0105\u0107 po bro\u0144 i&nbsp;rozstrzygn\u0105\u0107 sprawy starymi sposobami.<\/p>\n<p>Zarz\u0105dzanie zasobami: Aby grupa mog\u0142a utrzyma\u0107 si\u0119 przy \u017cyciu, niezb\u0119dne jest r\u00f3wnowa\u017cenie potrzeb i&nbsp;pragnie\u0144 ocala\u0142ych, zarz\u0105dzanie sk\u0105pymi zasobami, wytwarzanie niezb\u0119dnych rzeczy i&nbsp;konserwacja sprz\u0119tu do obs\u0142ugi schronu.<\/p>\n<p>Permanentna \u015bmier\u0107: Nowo\u015b\u0107 w grze Sheltered 2. Najwa\u017cniejszym mieszka\u0144cem schronu jest przyw\u00f3dca. Gdy zginie, gra dobiega ko\u0144ca. \u015amier\u0107 g\u0142odowa lub&nbsp;przez uduszenie, skrajne temperatury i&nbsp;walka to tylko niekt\u00f3re z&nbsp;wyzwa\u0144, z&nbsp;kt\u00f3rymi przyjdzie ci si\u0119 zmierzy\u0107 na nieprzyjaznych pustkowiach w Sheltered 2, a&nbsp;poniewa\u017c nie mo\u017cna si\u0119 odradza\u0107, ka\u017cda decyzja mo\u017ce okaza\u0107 si\u0119 zab\u00f3jcza.<\/p>\n<p>Walka i&nbsp;bro\u0144: Gdy negocjacje oka\u017c\u0105 si\u0119 nieskuteczne, do walki z&nbsp;wrogo nastawionymi frakcjami przyda si\u0119 r\u00f3\u017cnego rodzaju prowizoryczna bro\u0144. Podejmij turow\u0105 walk\u0119 na \u015bmier\u0107 i&nbsp;\u017cycie, aby zdoby\u0107 zasoby decyduj\u0105ce o&nbsp;przetrwaniu. <\/p>\n<p>Postacie: Ka\u017cdy z&nbsp;ocala\u0142ych ma odr\u0119bn\u0105 osobowo\u015b\u0107, cechy, pragnienia oraz&nbsp;rozleg\u0142\u0105 list\u0119 umiej\u0119tno\u015bci, kt\u00f3re mo\u017ce zdoby\u0107. Mo\u017cesz dostosowywa\u0107 cz\u0142onk\u00f3w frakcji do w\u0142asnych potrzeb, sprawiaj\u0105c, \u017ce ka\u017cdy z&nbsp;nich b\u0119dzie jedyny w swoim rodzaju. <\/p>\n<p>Pojazdy: Znajduj i&nbsp;naprawiaj kolejne pojazdy przydaj\u0105ce si\u0119 do eksploracji pustkowi \u2014 od rower\u00f3w po p\u00f3\u0142ci\u0119\u017car\u00f3wki.<br \/>\n<\/p>","protected":false},"excerpt":{"rendered":"<p>Brutalny survivalowy symulator strategiczny, kt\u00f3rego akcja toczy si\u0119 na postapokaliptycznych pustkowiach. Utrzymaj swoj\u0105 frakcj\u0119 ocala\u0142ych, dbaj o&nbsp;schron i&nbsp;przeczesuj wyniszczone okolice w poszukiwaniu zasob\u00f3w. Nawi\u0105\u017c kontakty handlowe z&nbsp;innymi frakcjami lub&nbsp;zmu\u015b je do wsp\u00f3\u0142pracy si\u0142\u0105. Od ko\u0144ca znanego nam \u015bwiata up\u0142yn\u0119\u0142o dwadzie\u015bcia lat. Pozostali przy \u017cyciu ludzie podzielili si\u0119 na frakcje. Postawisz na pr\u00f3b\u0119 zjednoczenia czy na [&hellip;]<\/p>\n","protected":false},"featured_media":687500,"comment_status":"closed","ping_status":"closed","template":"","meta":{"ub_ctt_via":""},"product_cat":[222],"product_tag":[218],"class_list":["post-685002","product","type-product","status-publish","has-post-thumbnail","hentry","product_cat-strategy","product_tag-games","platform-steam-works"],"_links":{"self":[{"href":"https:\/\/neuvee.com\/pl\/wp-json\/wp\/v2\/product\/685002","targetHints":{"allow":["GET"]}}],"collection":[{"href":"https:\/\/neuvee.com\/pl\/wp-json\/wp\/v2\/product"}],"about":[{"href":"https:\/\/neuvee.com\/pl\/wp-json\/wp\/v2\/types\/product"}],"replies":[{"embeddable":true,"href":"https:\/\/neuvee.com\/pl\/wp-json\/wp\/v2\/comments?post=685002"}],"wp:featuredmedia":[{"embeddable":true,"href":"https:\/\/neuvee.com\/pl\/wp-json\/wp\/v2\/media\/687500"}],"wp:attachment":[{"href":"https:\/\/neuvee.com\/pl\/wp-json\/wp\/v2\/media?parent=685002"}],"wp:term":[{"taxonomy":"product_cat","embeddable":true,"href":"https:\/\/neuvee.com\/pl\/wp-json\/wp\/v2\/product_cat?post=685002"},{"taxonomy":"product_tag","embeddable":true,"href":"https:\/\/neuvee.com\/pl\/wp-json\/wp\/v2\/product_tag?post=685002"}],"curies":[{"name":"wp","href":"https:\/\/api.w.org\/{rel}","templated":true}]}}