{"id":684989,"date":"2023-09-27T19:09:41","date_gmt":"2023-09-27T19:09:41","guid":{"rendered":"https:\/\/neuvee.com\/?post_type=product&#038;p=684989"},"modified":"2025-05-19T13:20:39","modified_gmt":"2025-05-19T13:20:39","slug":"rogue-heroes-ruins-of-tasos-bomber-class-pack","status":"publish","type":"product","link":"https:\/\/neuvee.com\/pl\/product\/rogue-heroes-ruins-of-tasos-bomber-class-pack\/","title":{"rendered":"ROGUE HEROES: RUINS OF TASOS BOMBER CLASS PACK"},"content":{"rendered":"<p>Sprezentuj swojej dru\u017cynie bohater\u00f3w zwi\u0119kszenie si\u0142y ognia i&nbsp;stylowy wygl\u0105d dzi\u0119ki nowej klasie Bomber i&nbsp;sk\u00f3rkom do wyposa\u017cenia!<\/p>\n<p>*Zawarto\u015b\u0107 pakietu:*<br \/>\n&#8211; Klasa bohatera \u201eBomber\u201d<br \/>\n&#8211; Sk\u00f3rka na bro\u0144 \u201eEvil\u201d<br \/>\n&#8211; Sk\u00f3rka na bro\u0144 \u201ePlant\u201d<br \/>\n&#8211; Dodatkowe meble do domu<br \/>\n<\/p>","protected":false},"excerpt":{"rendered":"<p>Sprezentuj swojej dru\u017cynie bohater\u00f3w zwi\u0119kszenie si\u0142y ognia i&nbsp;stylowy wygl\u0105d dzi\u0119ki nowej klasie Bomber i&nbsp;sk\u00f3rkom do wyposa\u017cenia! *Zawarto\u015b\u0107 pakietu:* &#8211; Klasa bohatera \u201eBomber\u201d &#8211; Sk\u00f3rka na bro\u0144 \u201eEvil\u201d &#8211; Sk\u00f3rka na bro\u0144 \u201ePlant\u201d &#8211; Dodatkowe meble do domu<\/p>\n","protected":false},"featured_media":687501,"comment_status":"closed","ping_status":"closed","template":"","meta":{"ub_ctt_via":""},"product_cat":[15],"product_tag":[218],"class_list":["post-684989","product","type-product","status-publish","has-post-thumbnail","hentry","product_cat-uncategorized","product_tag-games","platform-steam-works"],"_links":{"self":[{"href":"https:\/\/neuvee.com\/pl\/wp-json\/wp\/v2\/product\/684989","targetHints":{"allow":["GET"]}}],"collection":[{"href":"https:\/\/neuvee.com\/pl\/wp-json\/wp\/v2\/product"}],"about":[{"href":"https:\/\/neuvee.com\/pl\/wp-json\/wp\/v2\/types\/product"}],"replies":[{"embeddable":true,"href":"https:\/\/neuvee.com\/pl\/wp-json\/wp\/v2\/comments?post=684989"}],"wp:featuredmedia":[{"embeddable":true,"href":"https:\/\/neuvee.com\/pl\/wp-json\/wp\/v2\/media\/687501"}],"wp:attachment":[{"href":"https:\/\/neuvee.com\/pl\/wp-json\/wp\/v2\/media?parent=684989"}],"wp:term":[{"taxonomy":"product_cat","embeddable":true,"href":"https:\/\/neuvee.com\/pl\/wp-json\/wp\/v2\/product_cat?post=684989"},{"taxonomy":"product_tag","embeddable":true,"href":"https:\/\/neuvee.com\/pl\/wp-json\/wp\/v2\/product_tag?post=684989"}],"curies":[{"name":"wp","href":"https:\/\/api.w.org\/{rel}","templated":true}]}}