{"id":684988,"date":"2023-09-27T19:09:23","date_gmt":"2023-09-27T19:09:23","guid":{"rendered":"https:\/\/neuvee.com\/?post_type=product&#038;p=684988"},"modified":"2025-05-19T13:22:11","modified_gmt":"2025-05-19T13:22:11","slug":"rogue-heroes-ruins-of-tasos-6","status":"publish","type":"product","link":"https:\/\/neuvee.com\/pl\/product\/rogue-heroes-ruins-of-tasos-6\/","title":{"rendered":"ROGUE HEROES: RUINS OF TASOS"},"content":{"rendered":"<p>W podziemiach spokojnej niegdy\u015b krainy Tasos czai si\u0119 mroczne z\u0142o\u2026 W g\u0142\u0119binach czterech Wielkich Loch\u00f3w moc trac\u0105 pradawne piecz\u0119cie trzymaj\u0105ce na wodzy Tytan\u00f3w, dlatego&nbsp;ich s\u0142ugusy mog\u0105 panoszy\u0107 si\u0119 po \u015bwiecie, siej\u0105c groz\u0119.<\/p>\n<p>Boginie, kt\u00f3re dawno temu wyku\u0142y piecz\u0119cie, rozpaczliwie szukaj\u0105 dru\u017cyny bohater\u00f3w, kt\u00f3rzy wyrusz\u0105, aby ocali\u0107 ludno\u015b\u0107 od straszliwego losu\u2026<\/p>\n<p>Rogue Heroes to klasyczna gra przygodowa dla 4 graczy z&nbsp;nowoczesnymi elementami rogue-lite. Wsp\u00f3lnie ze znajomymi zmierz si\u0119 z&nbsp;proceduralnymi lochami, przemierzaj rozleg\u0142y \u015bwiat pe\u0142en tajemnic i&nbsp;pokonaj Tytan\u00f3w, aby ocali\u0107 Tasos!<\/p>\n<p>*Gra przygodowa typu rogue-lite dla 4 graczy*<br \/>\nZagraj w pojedynk\u0119 lub&nbsp;w trybie wsp\u00f3\u0142pracy dla maksymalnie 4 graczy i&nbsp;pokonaj Tytan\u00f3w! Pami\u0119taj, \u017ce \u015bmier\u0107 to nie koniec rozgrywki \u2014 odradzaj si\u0119, ulepszaj bohatera i&nbsp;wyruszaj ponownie!<\/p>\n<p>*Przemierzaj proceduralne lochy*<br \/>\nMechanizm proceduralny sprawia, \u017ce ka\u017cda rozgrywka jest inna! Uk\u0142ady pomieszcze\u0144, pu\u0142apki i&nbsp;przeciwnik\u00f3w opracowano r\u0119cznie, a&nbsp;ich losowe konfiguracje gwarantuj\u0105 \u015bwie\u017co\u015b\u0107 i&nbsp;odmienno\u015b\u0107 ka\u017cdej rozgrywki.<\/p>\n<p>*Klasyczne bronie *<br \/>\nRogue Heroes to klasyczny widok z&nbsp;g\u00f3ry i&nbsp;walka mieczem, a&nbsp;do tego du\u017cy wyb\u00f3r narz\u0119dzi, zakl\u0119\u0107 i&nbsp;broni, kt\u00f3re przydadz\u0105 si\u0119 podczas w\u0119dr\u00f3wek po Tasos i&nbsp;Wielkich Lochach. Mo\u017cesz tam znale\u017a\u0107 klasyki, takie jak \u0142uk, bumerang i&nbsp;bosak.<\/p>\n<p>*Rozbudowuj miasto i&nbsp;odbieraj ulepszenia!*<br \/>\nWydawaj zdobywane w pocie czo\u0142a \u0142upy na nowe budynki w wiosce Intori. Od pracowni zbrojmistrza po \u0142owiska \u2014 zyskuj nowe sposoby na zdobywanie zdolno\u015bci i&nbsp;narz\u0119dzi, dzi\u0119ki kt\u00f3rym wr\u00f3cisz na pole walki.<\/p>\n<p>*Wiele r\u00f3\u017cnych klas*<br \/>\nW ka\u017cdej masz do dyspozycji inne zdolno\u015bci. Przekonaj si\u0119, kt\u00f3ra z&nbsp;postaci pasuje do Twojego stylu gry i&nbsp;odzyskaj Tasos!<\/p>","protected":false},"excerpt":{"rendered":"<p>W podziemiach spokojnej niegdy\u015b krainy Tasos czai si\u0119 mroczne z\u0142o\u2026 W g\u0142\u0119binach czterech Wielkich Loch\u00f3w moc trac\u0105 pradawne piecz\u0119cie trzymaj\u0105ce na wodzy Tytan\u00f3w, dlatego&nbsp;ich s\u0142ugusy mog\u0105 panoszy\u0107 si\u0119 po \u015bwiecie, siej\u0105c groz\u0119. Boginie, kt\u00f3re dawno temu wyku\u0142y piecz\u0119cie, rozpaczliwie szukaj\u0105 dru\u017cyny bohater\u00f3w, kt\u00f3rzy wyrusz\u0105, aby ocali\u0107 ludno\u015b\u0107 od straszliwego losu\u2026 Rogue Heroes to klasyczna gra [&hellip;]<\/p>\n","protected":false},"featured_media":687502,"comment_status":"closed","ping_status":"closed","template":"","meta":{"ub_ctt_via":""},"product_cat":[15],"product_tag":[218],"class_list":["post-684988","product","type-product","status-publish","has-post-thumbnail","hentry","product_cat-uncategorized","product_tag-games","platform-steam-works"],"_links":{"self":[{"href":"https:\/\/neuvee.com\/pl\/wp-json\/wp\/v2\/product\/684988","targetHints":{"allow":["GET"]}}],"collection":[{"href":"https:\/\/neuvee.com\/pl\/wp-json\/wp\/v2\/product"}],"about":[{"href":"https:\/\/neuvee.com\/pl\/wp-json\/wp\/v2\/types\/product"}],"replies":[{"embeddable":true,"href":"https:\/\/neuvee.com\/pl\/wp-json\/wp\/v2\/comments?post=684988"}],"wp:featuredmedia":[{"embeddable":true,"href":"https:\/\/neuvee.com\/pl\/wp-json\/wp\/v2\/media\/687502"}],"wp:attachment":[{"href":"https:\/\/neuvee.com\/pl\/wp-json\/wp\/v2\/media?parent=684988"}],"wp:term":[{"taxonomy":"product_cat","embeddable":true,"href":"https:\/\/neuvee.com\/pl\/wp-json\/wp\/v2\/product_cat?post=684988"},{"taxonomy":"product_tag","embeddable":true,"href":"https:\/\/neuvee.com\/pl\/wp-json\/wp\/v2\/product_tag?post=684988"}],"curies":[{"name":"wp","href":"https:\/\/api.w.org\/{rel}","templated":true}]}}